{"id":1015,"date":"2023-02-03T14:02:22","date_gmt":"2023-02-03T13:02:22","guid":{"rendered":"https:\/\/guimard.eu\/?page_id=1015"},"modified":"2024-03-25T07:56:39","modified_gmt":"2024-03-25T06:56:39","slug":"flan-patissier-sans-pate","status":"publish","type":"page","link":"https:\/\/guimard.eu\/index.php\/mes-recettes\/desserts\/flan-patissier-sans-pate\/","title":{"rendered":"Flan p\u00e2tissier sans pate"},"content":{"rendered":"\n<h2 class=\"wp-block-heading\">Cr\u00e8me pour le flan<\/h2>\n\n\n\n<h3 class=\"wp-block-heading\">Ingr\u00e9dients<\/h3>\n\n\n\n<ul class=\"wp-block-list\">\n<li>500 ml de lait<\/li>\n\n\n\n<li>250 ml de cr\u00e8me liquide enti\u00e8re<\/li>\n\n\n\n<li>125 g de sucre en poudre<\/li>\n\n\n\n<li>100 g de jaunes d\u2019oeufs 5 \u00e0 6<\/li>\n\n\n\n<li>50 g de ma\u00efzena<\/li>\n\n\n\n<li>1 gousse de vanille<\/li>\n<\/ul>\n\n\n\n<p>Mat\u00e9riel : moule \u00e0 manqu\u00e9 \u00e0 charni\u00e8res de 22 cm de diam\u00e8tre<\/p>\n\n\n\n<h3 class=\"wp-block-heading\">Pr\u00e9paration<\/h3>\n\n\n\n<ol class=\"wp-block-list\">\n<li>Dans un cul de poule, m\u00e9langez les jaunes d\u2019\u0153ufs avec le sucre en poudre, la ma\u00efzena.<\/li>\n\n\n\n<li>Dans une casserole, faites bouillir le &nbsp;lait et la cr\u00e8me liquide avec la vanille<\/li>\n\n\n\n<li>Versez 1\/3 du m\u00e9lange bouillant sur les jaunes d\u2019\u0153ufs en m\u00e9langeant vivement.<\/li>\n\n\n\n<li>Remettez le tout dans la casserole et sur feu moyen<\/li>\n\n\n\n<li>Faites cuire tout en remuant jusqu\u2019\u00e0 l\u2019\u00e9bullition.<\/li>\n\n\n\n<li>Versez la cr\u00e8me obtenue dans un saladier<\/li>\n\n\n\n<li>Filmez au contact et r\u00e9servez jusqu&rsquo;\u00e0 complet refroidissement.<\/li>\n<\/ol>\n\n\n\n<p>Pr\u00e9chauffez le four \u00e0 180\u00b0C chaleur tournante.<\/p>\n\n\n\n<p>Graissez l\u00e9g\u00e8rement l&rsquo;int\u00e9rieur du moule.<\/p>\n\n\n\n<ol class=\"wp-block-list\">\n<li>R\u00e9cup\u00e9rez votre cr\u00e8me froide et m\u00e9langez la au fouet pour qu&rsquo;elle s&rsquo;assouplisse.<\/li>\n\n\n\n<li>Versez la cr\u00e8me dans le cercle et enfournez pour 40 minutes.<\/li>\n\n\n\n<li>En fin de cuisson, si la surface du flan n&rsquo;est pas assez color\u00e9e \u00e0 votre go\u00fbt vous pouvez le mettre 5 minutes sous le grill du four sans le quitter des yeux.<\/li>\n\n\n\n<li>Laissez le flan compl\u00e8tement refroidir avant de le d\u00e9mouler, il risquerait de s&rsquo;affaisser.<\/li>\n<\/ol>\n\n\n<div class=\"wp-block-buttons is-layout-flex wp-block-buttons-is-layout-flex\">\n<div class=\"wp-block-button\"><a class=\"wp-block-button__link wp-element-button\" href=\"http:\/\/guimard.eu\/\">Accueil<\/a><\/div>\n<\/div>\n","protected":false},"excerpt":{"rendered":"<p>Cr\u00e8me pour le flan Ingr\u00e9dients Mat\u00e9riel : moule \u00e0 manqu\u00e9 \u00e0 charni\u00e8res de 22 cm de diam\u00e8tre Pr\u00e9paration Pr\u00e9chauffez le<\/p>\n","protected":false},"author":1,"featured_media":0,"parent":632,"menu_order":0,"comment_status":"closed","ping_status":"closed","template":"","meta":{"colormag_page_container_layout":"default_layout","colormag_page_sidebar_layout":"default_layout","footnotes":""},"class_list":["post-1015","page","type-page","status-publish","hentry"],"_links":{"self":[{"href":"https:\/\/guimard.eu\/index.php\/wp-json\/wp\/v2\/pages\/1015","targetHints":{"allow":["GET"]}}],"collection":[{"href":"https:\/\/guimard.eu\/index.php\/wp-json\/wp\/v2\/pages"}],"about":[{"href":"https:\/\/guimard.eu\/index.php\/wp-json\/wp\/v2\/types\/page"}],"author":[{"embeddable":true,"href":"https:\/\/guimard.eu\/index.php\/wp-json\/wp\/v2\/users\/1"}],"replies":[{"embeddable":true,"href":"https:\/\/guimard.eu\/index.php\/wp-json\/wp\/v2\/comments?post=1015"}],"version-history":[{"count":2,"href":"https:\/\/guimard.eu\/index.php\/wp-json\/wp\/v2\/pages\/1015\/revisions"}],"predecessor-version":[{"id":1178,"href":"https:\/\/guimard.eu\/index.php\/wp-json\/wp\/v2\/pages\/1015\/revisions\/1178"}],"up":[{"embeddable":true,"href":"https:\/\/guimard.eu\/index.php\/wp-json\/wp\/v2\/pages\/632"}],"wp:attachment":[{"href":"https:\/\/guimard.eu\/index.php\/wp-json\/wp\/v2\/media?parent=1015"}],"curies":[{"name":"wp","href":"https:\/\/api.w.org\/{rel}","templated":true}]}}