{"id":1070,"date":"2023-04-19T13:38:51","date_gmt":"2023-04-19T11:38:51","guid":{"rendered":"https:\/\/guimard.eu\/?page_id=1070"},"modified":"2023-04-19T13:38:51","modified_gmt":"2023-04-19T11:38:51","slug":"biscuit-madeleine","status":"publish","type":"page","link":"https:\/\/guimard.eu\/index.php\/biscuit-madeleine\/","title":{"rendered":"Biscuit madeleine"},"content":{"rendered":"\n<h2 class=\"wp-block-heading\">Ingr\u00e9dients<\/h2>\n\n\n\n<h4 class=\"wp-block-heading\">Pour le biscuit madeleine<\/h4>\n\n\n\n<ul class=\"wp-block-list\">\n<li>50 g <a href=\"https:\/\/www.encoreungateau.com\/tag\/beurre\/\" target=\"_blank\" rel=\"noreferrer noopener\">beurre fondu<\/a><\/li>\n\n\n\n<li>2 <a rel=\"noreferrer noopener\" href=\"https:\/\/www.encoreungateau.com\/tag\/oeuf\/\" target=\"_blank\">\u0153ufs<\/a><\/li>\n\n\n\n<li>120 g sucre en poudre<\/li>\n\n\n\n<li>25 ml lait<\/li>\n\n\n\n<li>125 g <a href=\"https:\/\/www.encoreungateau.com\/tag\/farine\/\" target=\"_blank\" rel=\"noreferrer noopener\">farine<\/a><\/li>\n\n\n\n<li>4 g levure chimique<\/li>\n\n\n\n<li>75 ml <a href=\"https:\/\/www.encoreungateau.com\/tag\/huile-olive\/\" target=\"_blank\" rel=\"noreferrer noopener\">huile d&rsquo;olive<\/a><\/li>\n\n\n\n<li>1 <a rel=\"noreferrer noopener\" href=\"https:\/\/www.encoreungateau.com\/tag\/citron\/\" target=\"_blank\">citron<\/a> ou orange BIO<\/li>\n<\/ul>\n\n\n\n<h2 class=\"wp-block-heading\">Instructions<\/h2>\n\n\n\n<ol class=\"wp-block-list\">\n<li>Pr\u00e9chauffez le four \u00e0 180\u00b0 (th6) chaleur<\/li>\n\n\n\n<li>Graissez l&rsquo;int\u00e9rieur d&rsquo;un moule en silicone de 20cm de diam\u00e8tre.<\/li>\n\n\n\n<li>Faites fondre le beurre et r\u00e9servez.<\/li>\n\n\n\n<li>Dans un cul de poule, fouettez les \u0153ufs et le sucre en poudre sans chercher \u00e0 blanchir le m\u00e9lange.<\/li>\n\n\n\n<li>Ajoutez le lait et fouettez \u00e0 nouveau.<\/li>\n\n\n\n<li>Tamisez ensemble la farine et la levure chimique au dessus du m\u00e9lange pr\u00e9c\u00e9dent et m\u00e9langez vivement.\u00a0\n<ul class=\"wp-block-list\">\n<li>Veillez \u00e0 ce qu\u2019il n\u2019y ait pas de grumeaux.<\/li>\n<\/ul>\n<\/li>\n\n\n\n<li>Versez l\u2019huile d\u2019olive et m\u00e9langez.<\/li>\n\n\n\n<li>Ajoutez le beurre fondu ti\u00e8de et m\u00e9langez \u00e0 nouveau.<\/li>\n\n\n\n<li>Zestez le citron ou l&rsquo;orange et pressez une moiti\u00e9 dans l&rsquo;appareil et m\u00e9langez.<\/li>\n\n\n\n<li>Versez l&rsquo;appareil \u00e0 biscuit madeleine dans le moule.<\/li>\n\n\n\n<li>Enfournez pour 35 minutes.<\/li>\n\n\n\n<li>Le biscuit madeleine doit \u00eatre dor\u00e9 et ne pas coller au doigt.<\/li>\n\n\n\n<li>La dur\u00e9e de cuisson peut varier selon les fours, surveillez la cuisson<\/li>\n<\/ol>\n","protected":false},"excerpt":{"rendered":"<p>Ingr\u00e9dients Pour le biscuit madeleine Instructions<\/p>\n","protected":false},"author":1,"featured_media":0,"parent":0,"menu_order":0,"comment_status":"closed","ping_status":"closed","template":"","meta":{"colormag_page_container_layout":"default_layout","colormag_page_sidebar_layout":"default_layout","footnotes":""},"class_list":["post-1070","page","type-page","status-publish","hentry"],"_links":{"self":[{"href":"https:\/\/guimard.eu\/index.php\/wp-json\/wp\/v2\/pages\/1070","targetHints":{"allow":["GET"]}}],"collection":[{"href":"https:\/\/guimard.eu\/index.php\/wp-json\/wp\/v2\/pages"}],"about":[{"href":"https:\/\/guimard.eu\/index.php\/wp-json\/wp\/v2\/types\/page"}],"author":[{"embeddable":true,"href":"https:\/\/guimard.eu\/index.php\/wp-json\/wp\/v2\/users\/1"}],"replies":[{"embeddable":true,"href":"https:\/\/guimard.eu\/index.php\/wp-json\/wp\/v2\/comments?post=1070"}],"version-history":[{"count":1,"href":"https:\/\/guimard.eu\/index.php\/wp-json\/wp\/v2\/pages\/1070\/revisions"}],"predecessor-version":[{"id":1071,"href":"https:\/\/guimard.eu\/index.php\/wp-json\/wp\/v2\/pages\/1070\/revisions\/1071"}],"wp:attachment":[{"href":"https:\/\/guimard.eu\/index.php\/wp-json\/wp\/v2\/media?parent=1070"}],"curies":[{"name":"wp","href":"https:\/\/api.w.org\/{rel}","templated":true}]}}