{"id":1111,"date":"2023-09-09T13:54:17","date_gmt":"2023-09-09T11:54:17","guid":{"rendered":"https:\/\/guimard.eu\/?page_id=1111"},"modified":"2023-09-09T13:54:33","modified_gmt":"2023-09-09T11:54:33","slug":"fabriquez-votre-pierre-blanche-de-nettoyage","status":"publish","type":"page","link":"https:\/\/guimard.eu\/index.php\/fabriquez-votre-pierre-blanche-de-nettoyage\/","title":{"rendered":"Fabriquez votre pierre blanche de nettoyage"},"content":{"rendered":"\n<h2 class=\"wp-block-heading\">Ingr\u00e9dients<\/h2>\n\n\n\n<ul class=\"wp-block-list\">\n<li>100 g blanc de Meudon<\/li>\n\n\n\n<li>50 g de bicarbonate de soude<\/li>\n\n\n\n<li>70ml de savon noir<\/li>\n\n\n\n<li>10 gouttes d&rsquo;huile essentielle de votre choix<\/li>\n<\/ul>\n\n\n\n<p><\/p>\n\n\n\n<h2 class=\"wp-block-heading\">Mise en \u0153uvre<\/h2>\n\n\n\n<ol class=\"wp-block-list\">\n<li>1 &#8211; M\u00e9langez d&rsquo;abord le blanc de Meudon avec le bicarbonate de soude.<\/li>\n\n\n\n<li>2 &#8211; Ajouter le savon noir puis m\u00e9langez \u00e0 nouveau.<\/li>\n\n\n\n<li>3 &#8211; Ajoutez les 10 gouttes d&rsquo;huile essentielle.<\/li>\n\n\n\n<li>4 &#8211; Versez le tout dans un petit bocal en verre.<\/li>\n\n\n\n<li>5 &#8211; Laissez reposer \u00e0 l&rsquo;air libre pendant une semaine.<\/li>\n<\/ol>\n\n\n\n<p><\/p>\n\n\n\n<h2 class=\"wp-block-heading\">Utilisation<\/h2>\n\n\n\n<p>Avec une \u00e9ponge humide r\u00e9cup\u00e9rez un peu de pierre blanche puis nettoyez les surfaces.<\/p>\n\n\n\n<p>Attention, n&rsquo;utilisez pas d&rsquo;\u00e9ponge grattoire afin de ne pas rayer vos surfaces.<\/p>\n","protected":false},"excerpt":{"rendered":"<p>Ingr\u00e9dients Mise en \u0153uvre Utilisation Avec une \u00e9ponge humide r\u00e9cup\u00e9rez un peu de pierre blanche puis nettoyez les surfaces. Attention,<\/p>\n","protected":false},"author":1,"featured_media":0,"parent":0,"menu_order":0,"comment_status":"closed","ping_status":"closed","template":"","meta":{"colormag_page_container_layout":"default_layout","colormag_page_sidebar_layout":"default_layout","footnotes":""},"class_list":["post-1111","page","type-page","status-publish","hentry"],"_links":{"self":[{"href":"https:\/\/guimard.eu\/index.php\/wp-json\/wp\/v2\/pages\/1111","targetHints":{"allow":["GET"]}}],"collection":[{"href":"https:\/\/guimard.eu\/index.php\/wp-json\/wp\/v2\/pages"}],"about":[{"href":"https:\/\/guimard.eu\/index.php\/wp-json\/wp\/v2\/types\/page"}],"author":[{"embeddable":true,"href":"https:\/\/guimard.eu\/index.php\/wp-json\/wp\/v2\/users\/1"}],"replies":[{"embeddable":true,"href":"https:\/\/guimard.eu\/index.php\/wp-json\/wp\/v2\/comments?post=1111"}],"version-history":[{"count":2,"href":"https:\/\/guimard.eu\/index.php\/wp-json\/wp\/v2\/pages\/1111\/revisions"}],"predecessor-version":[{"id":1113,"href":"https:\/\/guimard.eu\/index.php\/wp-json\/wp\/v2\/pages\/1111\/revisions\/1113"}],"wp:attachment":[{"href":"https:\/\/guimard.eu\/index.php\/wp-json\/wp\/v2\/media?parent=1111"}],"curies":[{"name":"wp","href":"https:\/\/api.w.org\/{rel}","templated":true}]}}