{"id":1124,"date":"2023-09-09T14:08:27","date_gmt":"2023-09-09T12:08:27","guid":{"rendered":"https:\/\/guimard.eu\/?page_id=1124"},"modified":"2024-03-25T07:50:50","modified_gmt":"2024-03-25T06:50:50","slug":"tablettes-lave-vaisselle","status":"publish","type":"page","link":"https:\/\/guimard.eu\/index.php\/produits-menagers\/tablettes-lave-vaisselle\/","title":{"rendered":"Tablettes lave-vaisselle"},"content":{"rendered":"\n<h2 class=\"wp-block-heading\">Ingr\u00e9dients<\/h2>\n\n\n\n<p>3 cuill\u00e8res \u00e0 soupe de bicarbonate de soude<br>3 cuill\u00e8res \u00e0 soupe de cristaux de soude<br>1 cuill\u00e8re \u00e0 soupe d\u2019acide citrique<br>1 cuill\u00e8re \u00e0 soupe de gros sel<\/p>\n\n\n\n<h2 class=\"wp-block-heading\">Ustensiles<\/h2>\n\n\n\n<p>Un bol<br>Une fourchette <em>(pour m\u00e9langer les ingr\u00e9dients)<\/em><br>Un vaporisateur rempli d\u2019eau<br>Un bac \u00e0 gla\u00e7ons <em>(en silicone si possible)<\/em><br>Un bocal ferm\u00e9 pour conserver vos tablettes \u00e0 l\u2019abri de l\u2019humidit\u00e9<\/p>\n\n\n\n<h2 class=\"wp-block-heading\">Conception<\/h2>\n\n\n\n<ul class=\"wp-block-list\">\n<li>Dans un bol, mettre tous les ingr\u00e9dients<\/li>\n\n\n\n<li>Bien m\u00e9langer jusqu\u2019\u00e0 l\u2019\u00e9limination des grumeaux.<\/li>\n\n\n\n<li>Pulv\u00e9riser le m\u00e9lange tout doucement.<\/li>\n\n\n\n<li>\u00c9viter de mettre trop d\u2019eau d\u2019un coup et de faire mousser le m\u00e9lange<\/li>\n\n\n\n<li>Arr\u00eater de pulv\u00e9riser d\u00e8s l\u2019obtention d\u2019une texture poudreuse juste un tout petit peu humide.<\/li>\n\n\n\n<li>Placer le m\u00e9lange dans le bac \u00e0 gla\u00e7ons <em>(1 cuill\u00e8re \u00e0 soupe par compartiment)<\/em>, bien tasser \u00e0 l\u2019aide d\u2019un bouchon en li\u00e8ge.<\/li>\n\n\n\n<li>Laisser s\u00e9cher plusieurs heures<\/li>\n<\/ul>\n\n\n<div class=\"wp-block-buttons is-layout-flex wp-block-buttons-is-layout-flex\">\n<div class=\"wp-block-button\"><a class=\"wp-block-button__link wp-element-button\" href=\"http:\/\/guimard.eu\/\">Accueil<\/a><\/div>\n<\/div>\n","protected":false},"excerpt":{"rendered":"<p>Ingr\u00e9dients 3 cuill\u00e8res \u00e0 soupe de bicarbonate de soude3 cuill\u00e8res \u00e0 soupe de cristaux de soude1 cuill\u00e8re \u00e0 soupe d\u2019acide<\/p>\n","protected":false},"author":1,"featured_media":0,"parent":337,"menu_order":0,"comment_status":"closed","ping_status":"closed","template":"","meta":{"colormag_page_container_layout":"default_layout","colormag_page_sidebar_layout":"default_layout","footnotes":""},"class_list":["post-1124","page","type-page","status-publish","hentry"],"_links":{"self":[{"href":"https:\/\/guimard.eu\/index.php\/wp-json\/wp\/v2\/pages\/1124","targetHints":{"allow":["GET"]}}],"collection":[{"href":"https:\/\/guimard.eu\/index.php\/wp-json\/wp\/v2\/pages"}],"about":[{"href":"https:\/\/guimard.eu\/index.php\/wp-json\/wp\/v2\/types\/page"}],"author":[{"embeddable":true,"href":"https:\/\/guimard.eu\/index.php\/wp-json\/wp\/v2\/users\/1"}],"replies":[{"embeddable":true,"href":"https:\/\/guimard.eu\/index.php\/wp-json\/wp\/v2\/comments?post=1124"}],"version-history":[{"count":2,"href":"https:\/\/guimard.eu\/index.php\/wp-json\/wp\/v2\/pages\/1124\/revisions"}],"predecessor-version":[{"id":1167,"href":"https:\/\/guimard.eu\/index.php\/wp-json\/wp\/v2\/pages\/1124\/revisions\/1167"}],"up":[{"embeddable":true,"href":"https:\/\/guimard.eu\/index.php\/wp-json\/wp\/v2\/pages\/337"}],"wp:attachment":[{"href":"https:\/\/guimard.eu\/index.php\/wp-json\/wp\/v2\/media?parent=1124"}],"curies":[{"name":"wp","href":"https:\/\/api.w.org\/{rel}","templated":true}]}}