{"id":1203,"date":"2024-03-25T08:17:31","date_gmt":"2024-03-25T07:17:31","guid":{"rendered":"https:\/\/guimard.eu\/?page_id=1203"},"modified":"2024-03-25T08:19:29","modified_gmt":"2024-03-25T07:19:29","slug":"carres-fondants-au-citron","status":"publish","type":"page","link":"https:\/\/guimard.eu\/index.php\/carres-fondants-au-citron\/","title":{"rendered":"Carr\u00e9s fondants aux citrons"},"content":{"rendered":"\n<p>Pr\u00e9chauffer le four \u00e0 180\u00b0<\/p>\n\n\n\n<p><strong>Ingr\u00e9dients<\/strong><\/p>\n\n\n\n<ol class=\"wp-block-list\">\n<li>150 g de farine<\/li>\n\n\n\n<li>50 g de fleur de ma\u00efs<\/li>\n\n\n\n<li>175 g de sucre<\/li>\n\n\n\n<li>1 sachet de sucre vanill\u00e9<\/li>\n\n\n\n<li>1\/2 sachet de levure chimique<\/li>\n\n\n\n<li>3 \u0153ufs<\/li>\n\n\n\n<li>200 g de mascarpone<\/li>\n\n\n\n<li>3 citrons (jus + zeste)<\/li>\n<\/ol>\n\n\n\n<p><strong>Pr\u00e9paration :<\/strong><\/p>\n\n\n\n<ul class=\"wp-block-list\">\n<li>M\u00e9langer au fouet \u00e9lectrique les sucres et les \u0153ufs bri\u00e8vement, puis ajouter la farine, la fleur de ma\u00efs et la levure.<\/li>\n\n\n\n<li>M\u00e9langer jusqu\u2019\u00e0 obtenir une pr\u00e9paration homog\u00e8ne.<\/li>\n\n\n\n<li>Ajouter la cr\u00e8me de mascarpone, le jus et les zestes de citron.<\/li>\n\n\n\n<li>Beurrer et fariner l\u00e9g\u00e8rement un moule carr\u00e9 ou rectangulaire de taille moyenne.<\/li>\n\n\n\n<li>Pr\u00e9chauffer le four \u00e0 180\u00b0C.<\/li>\n\n\n\n<li>Enfourner durant 25 \u00e0 30 min.<\/li>\n\n\n\n<li>Laisser refroidir sur une grille.<\/li>\n\n\n\n<li>D\u00e9couper en carr\u00e9s.<\/li>\n\n\n\n<li>Saupoudrer \u00e9ventuellement de sucre glace.<\/li>\n\n\n\n<li>D\u00e9guster !<\/li>\n<\/ul>\n\n\n<div class=\"wp-block-buttons is-layout-flex wp-block-buttons-is-layout-flex\">\n<div class=\"wp-block-button\"><a class=\"wp-block-button__link wp-element-button\" href=\"http:\/\/guimard.eu\/\">Accueil<\/a><\/div>\n<\/div>\n","protected":false},"excerpt":{"rendered":"<p>Pr\u00e9chauffer le four \u00e0 180\u00b0 Ingr\u00e9dients Pr\u00e9paration :<\/p>\n","protected":false},"author":1,"featured_media":0,"parent":0,"menu_order":0,"comment_status":"closed","ping_status":"closed","template":"","meta":{"colormag_page_container_layout":"default_layout","colormag_page_sidebar_layout":"default_layout","footnotes":""},"class_list":["post-1203","page","type-page","status-publish","hentry"],"_links":{"self":[{"href":"https:\/\/guimard.eu\/index.php\/wp-json\/wp\/v2\/pages\/1203","targetHints":{"allow":["GET"]}}],"collection":[{"href":"https:\/\/guimard.eu\/index.php\/wp-json\/wp\/v2\/pages"}],"about":[{"href":"https:\/\/guimard.eu\/index.php\/wp-json\/wp\/v2\/types\/page"}],"author":[{"embeddable":true,"href":"https:\/\/guimard.eu\/index.php\/wp-json\/wp\/v2\/users\/1"}],"replies":[{"embeddable":true,"href":"https:\/\/guimard.eu\/index.php\/wp-json\/wp\/v2\/comments?post=1203"}],"version-history":[{"count":2,"href":"https:\/\/guimard.eu\/index.php\/wp-json\/wp\/v2\/pages\/1203\/revisions"}],"predecessor-version":[{"id":1206,"href":"https:\/\/guimard.eu\/index.php\/wp-json\/wp\/v2\/pages\/1203\/revisions\/1206"}],"wp:attachment":[{"href":"https:\/\/guimard.eu\/index.php\/wp-json\/wp\/v2\/media?parent=1203"}],"curies":[{"name":"wp","href":"https:\/\/api.w.org\/{rel}","templated":true}]}}