{"id":1210,"date":"2024-03-27T08:51:36","date_gmt":"2024-03-27T07:51:36","guid":{"rendered":"https:\/\/guimard.eu\/?page_id=1210"},"modified":"2024-03-27T14:28:22","modified_gmt":"2024-03-27T13:28:22","slug":"photos-de-mes-creations","status":"publish","type":"page","link":"https:\/\/guimard.eu\/index.php\/photos-de-mes-creations\/","title":{"rendered":"Photos de mes cr\u00e9ations"},"content":{"rendered":"\n<h2 class=\"wp-block-heading\"><a href=\"https:\/\/guimard.eu\/index.php\/buches\/\">B\u00fbches<\/a><br><a href=\"https:\/\/guimard.eu\/index.php\/chocolats-de-paques\/\">Chocolats de P\u00e2ques<\/a><br><a href=\"https:\/\/guimard.eu\/index.php\/entremets\/\">Entremets<\/a><br><a href=\"https:\/\/guimard.eu\/index.php\/pains-maison\/\">Pains<\/a><br><a href=\"https:\/\/guimard.eu\/index.php\/pates-maison\/\">P\u00e2t\u00e9s maison<\/a><br><a href=\"https:\/\/guimard.eu\/index.php\/patisserie-viennoiserie-et-dessert\/\">P\u00e2tisserie, viennoiserie et dessert<\/a><br><a href=\"https:\/\/guimard.eu\/index.php\/petits-gateaux\/\">Petits g\u00e2teaux<\/a><br><a href=\"https:\/\/guimard.eu\/index.php\/plats-maison\/\">Plats<\/a><br><a href=\"https:\/\/guimard.eu\/index.php\/gateaux-danniversaires\/\">G\u00e2teaux d&rsquo;anniversaire<\/a><\/h2>\n\n\n\n<h2 class=\"wp-block-heading\"><a href=\"https:\/\/guimard.eu\/index.php\/gateaux-pour-mes-chiens\/\">G\u00e2teaux pour chiens<\/a><\/h2>\n\n\n\n<p><\/p>\n\n\n\n<p><\/p>\n\n\n\n<p><\/p>\n\n\n\n<div class=\"wp-block-buttons is-layout-flex wp-block-buttons-is-layout-flex\">\n<div class=\"wp-block-button\"><a class=\"wp-block-button__link wp-element-button\" href=\"http:\/\/guimard.eu\/\">Accueil<\/a><\/div>\n<\/div>\n","protected":false},"excerpt":{"rendered":"<p>B\u00fbchesChocolats de P\u00e2quesEntremetsPainsP\u00e2t\u00e9s maisonP\u00e2tisserie, viennoiserie et dessertPetits g\u00e2teauxPlatsG\u00e2teaux d&rsquo;anniversaire G\u00e2teaux pour chiens<\/p>\n","protected":false},"author":1,"featured_media":0,"parent":0,"menu_order":0,"comment_status":"closed","ping_status":"closed","template":"","meta":{"colormag_page_container_layout":"no_sidebar_full_width","colormag_page_sidebar_layout":"left_sidebar","footnotes":""},"class_list":["post-1210","page","type-page","status-publish","hentry"],"_links":{"self":[{"href":"https:\/\/guimard.eu\/index.php\/wp-json\/wp\/v2\/pages\/1210","targetHints":{"allow":["GET"]}}],"collection":[{"href":"https:\/\/guimard.eu\/index.php\/wp-json\/wp\/v2\/pages"}],"about":[{"href":"https:\/\/guimard.eu\/index.php\/wp-json\/wp\/v2\/types\/page"}],"author":[{"embeddable":true,"href":"https:\/\/guimard.eu\/index.php\/wp-json\/wp\/v2\/users\/1"}],"replies":[{"embeddable":true,"href":"https:\/\/guimard.eu\/index.php\/wp-json\/wp\/v2\/comments?post=1210"}],"version-history":[{"count":14,"href":"https:\/\/guimard.eu\/index.php\/wp-json\/wp\/v2\/pages\/1210\/revisions"}],"predecessor-version":[{"id":1344,"href":"https:\/\/guimard.eu\/index.php\/wp-json\/wp\/v2\/pages\/1210\/revisions\/1344"}],"wp:attachment":[{"href":"https:\/\/guimard.eu\/index.php\/wp-json\/wp\/v2\/media?parent=1210"}],"curies":[{"name":"wp","href":"https:\/\/api.w.org\/{rel}","templated":true}]}}