{"id":1298,"date":"2024-03-27T11:03:46","date_gmt":"2024-03-27T10:03:46","guid":{"rendered":"https:\/\/guimard.eu\/?page_id=1298"},"modified":"2025-01-03T09:22:09","modified_gmt":"2025-01-03T08:22:09","slug":"buches","status":"publish","type":"page","link":"https:\/\/guimard.eu\/index.php\/buches\/","title":{"rendered":"B\u00fbches"},"content":{"rendered":"\n<p>B\u00fbche cr\u00e8me de marrons myrtilles<\/p>\n\n\n\n<figure class=\"wp-block-image size-large\"><a href=\"https:\/\/guimard.eu\/index.php\/mes-recettes\/desserts\/buche-creme-de-marrons-myrtilles\/\" target=\"_blank\" rel=\"noreferrer noopener\"><img loading=\"lazy\" decoding=\"async\" width=\"1024\" height=\"288\" src=\"https:\/\/guimard.eu\/wp-content\/uploads\/2025\/01\/buche-1024x288.png\" alt=\"\" class=\"wp-image-1410\" srcset=\"https:\/\/guimard.eu\/wp-content\/uploads\/2025\/01\/buche-1024x288.png 1024w, https:\/\/guimard.eu\/wp-content\/uploads\/2025\/01\/buche-300x84.png 300w, https:\/\/guimard.eu\/wp-content\/uploads\/2025\/01\/buche-768x216.png 768w, https:\/\/guimard.eu\/wp-content\/uploads\/2025\/01\/buche-1536x431.png 1536w, https:\/\/guimard.eu\/wp-content\/uploads\/2025\/01\/buche-2048x575.png 2048w\" sizes=\"auto, (max-width: 1024px) 100vw, 1024px\" \/><\/a><\/figure>\n\n\n\n<p>B\u00fbche de glac\u00e9e, Framboise, vanille<\/p>\n\n\n\n<div class=\"wp-block-columns is-layout-flex wp-container-core-columns-is-layout-28f84493 wp-block-columns-is-layout-flex\">\n<div class=\"wp-block-column is-layout-flow wp-block-column-is-layout-flow\" style=\"flex-basis:100%\">\n<div class=\"wp-block-group is-layout-constrained wp-block-group-is-layout-constrained\">\n<figure class=\"wp-block-gallery has-nested-images columns-default is-cropped wp-block-gallery-1 is-layout-flex wp-block-gallery-is-layout-flex\">\n<figure class=\"wp-block-image size-large\"><img loading=\"lazy\" decoding=\"async\" width=\"1024\" height=\"872\" data-id=\"1225\" src=\"https:\/\/guimard.eu\/wp-content\/uploads\/2024\/03\/20220101_Buche-de-fin-dannee2-1-1024x872.jpg\" alt=\"\" class=\"wp-image-1225\" srcset=\"https:\/\/guimard.eu\/wp-content\/uploads\/2024\/03\/20220101_Buche-de-fin-dannee2-1-1024x872.jpg 1024w, https:\/\/guimard.eu\/wp-content\/uploads\/2024\/03\/20220101_Buche-de-fin-dannee2-1-300x255.jpg 300w, https:\/\/guimard.eu\/wp-content\/uploads\/2024\/03\/20220101_Buche-de-fin-dannee2-1-768x654.jpg 768w, https:\/\/guimard.eu\/wp-content\/uploads\/2024\/03\/20220101_Buche-de-fin-dannee2-1-1536x1308.jpg 1536w, https:\/\/guimard.eu\/wp-content\/uploads\/2024\/03\/20220101_Buche-de-fin-dannee2-1.jpg 1960w\" sizes=\"auto, (max-width: 1024px) 100vw, 1024px\" \/><\/figure>\n\n\n\n<figure class=\"wp-block-image size-large\"><img loading=\"lazy\" decoding=\"async\" width=\"445\" height=\"1024\" data-id=\"1211\" src=\"https:\/\/guimard.eu\/wp-content\/uploads\/2024\/03\/20220101_Buche-de-fin-dannee-445x1024.jpg\" alt=\"\" class=\"wp-image-1211\" srcset=\"https:\/\/guimard.eu\/wp-content\/uploads\/2024\/03\/20220101_Buche-de-fin-dannee-445x1024.jpg 445w, https:\/\/guimard.eu\/wp-content\/uploads\/2024\/03\/20220101_Buche-de-fin-dannee-130x300.jpg 130w, https:\/\/guimard.eu\/wp-content\/uploads\/2024\/03\/20220101_Buche-de-fin-dannee-768x1766.jpg 768w, https:\/\/guimard.eu\/wp-content\/uploads\/2024\/03\/20220101_Buche-de-fin-dannee-668x1536.jpg 668w, https:\/\/guimard.eu\/wp-content\/uploads\/2024\/03\/20220101_Buche-de-fin-dannee-890x2048.jpg 890w, https:\/\/guimard.eu\/wp-content\/uploads\/2024\/03\/20220101_Buche-de-fin-dannee.jpg 910w\" sizes=\"auto, (max-width: 445px) 100vw, 445px\" \/><\/figure>\n\n\n\n<figure class=\"wp-block-image size-large\"><img loading=\"lazy\" decoding=\"async\" width=\"1024\" height=\"498\" data-id=\"1212\" src=\"https:\/\/guimard.eu\/wp-content\/uploads\/2024\/03\/20220101_Buche-de-fin-dannee1-1024x498.jpg\" alt=\"\" class=\"wp-image-1212\" srcset=\"https:\/\/guimard.eu\/wp-content\/uploads\/2024\/03\/20220101_Buche-de-fin-dannee1-1024x498.jpg 1024w, https:\/\/guimard.eu\/wp-content\/uploads\/2024\/03\/20220101_Buche-de-fin-dannee1-300x146.jpg 300w, https:\/\/guimard.eu\/wp-content\/uploads\/2024\/03\/20220101_Buche-de-fin-dannee1-768x373.jpg 768w, https:\/\/guimard.eu\/wp-content\/uploads\/2024\/03\/20220101_Buche-de-fin-dannee1-1536x747.jpg 1536w, https:\/\/guimard.eu\/wp-content\/uploads\/2024\/03\/20220101_Buche-de-fin-dannee1-2048x996.jpg 2048w\" sizes=\"auto, (max-width: 1024px) 100vw, 1024px\" \/><\/figure>\n<\/figure>\n<\/div>\n<\/div>\n<\/div>\n\n\n\n<hr class=\"wp-block-separator aligncenter has-alpha-channel-opacity\"\/>\n\n\n\n<p>B\u00fbche roul\u00e9e chocolat mandarine<\/p>\n\n\n\n<figure class=\"wp-block-gallery has-nested-images columns-default is-cropped wp-block-gallery-2 is-layout-flex wp-block-gallery-is-layout-flex\">\n<figure class=\"wp-block-image size-large\"><img loading=\"lazy\" decoding=\"async\" width=\"1024\" height=\"470\" data-id=\"1235\" src=\"https:\/\/guimard.eu\/wp-content\/uploads\/2024\/03\/Buche-1024x470.jpg\" alt=\"\" class=\"wp-image-1235\" srcset=\"https:\/\/guimard.eu\/wp-content\/uploads\/2024\/03\/Buche-1024x470.jpg 1024w, https:\/\/guimard.eu\/wp-content\/uploads\/2024\/03\/Buche-300x138.jpg 300w, https:\/\/guimard.eu\/wp-content\/uploads\/2024\/03\/Buche-768x353.jpg 768w, https:\/\/guimard.eu\/wp-content\/uploads\/2024\/03\/Buche-1536x705.jpg 1536w, https:\/\/guimard.eu\/wp-content\/uploads\/2024\/03\/Buche-2048x941.jpg 2048w\" sizes=\"auto, (max-width: 1024px) 100vw, 1024px\" \/><figcaption class=\"wp-element-caption\">B\u00fbche choco mandarine<\/figcaption><\/figure>\n\n\n\n<figure class=\"wp-block-image size-large\"><img loading=\"lazy\" decoding=\"async\" width=\"1024\" height=\"644\" data-id=\"1236\" src=\"https:\/\/guimard.eu\/wp-content\/uploads\/2024\/03\/buche-choco-1024x644.jpg\" alt=\"\" class=\"wp-image-1236\" srcset=\"https:\/\/guimard.eu\/wp-content\/uploads\/2024\/03\/buche-choco-1024x644.jpg 1024w, https:\/\/guimard.eu\/wp-content\/uploads\/2024\/03\/buche-choco-300x189.jpg 300w, https:\/\/guimard.eu\/wp-content\/uploads\/2024\/03\/buche-choco-768x483.jpg 768w, https:\/\/guimard.eu\/wp-content\/uploads\/2024\/03\/buche-choco-1536x966.jpg 1536w, https:\/\/guimard.eu\/wp-content\/uploads\/2024\/03\/buche-choco-2048x1288.jpg 2048w\" sizes=\"auto, (max-width: 1024px) 100vw, 1024px\" \/><figcaption class=\"wp-element-caption\">B\u00fbche choco mandarine<\/figcaption><\/figure>\n<\/figure>\n\n\n\n<hr class=\"wp-block-separator aligncenter has-alpha-channel-opacity\"\/>\n\n\n\n<p>B\u00fbche Mousse au chocolat<\/p>\n\n\n\n<figure class=\"wp-block-gallery has-nested-images columns-default is-cropped wp-block-gallery-3 is-layout-flex wp-block-gallery-is-layout-flex\">\n<figure class=\"wp-block-image size-large\"><img loading=\"lazy\" decoding=\"async\" width=\"744\" height=\"1024\" data-id=\"1237\" src=\"https:\/\/guimard.eu\/wp-content\/uploads\/2024\/03\/2024-01-01_001835-Buche-Mousse-choco-744x1024.jpg\" alt=\"\" class=\"wp-image-1237\" srcset=\"https:\/\/guimard.eu\/wp-content\/uploads\/2024\/03\/2024-01-01_001835-Buche-Mousse-choco-744x1024.jpg 744w, https:\/\/guimard.eu\/wp-content\/uploads\/2024\/03\/2024-01-01_001835-Buche-Mousse-choco-218x300.jpg 218w, https:\/\/guimard.eu\/wp-content\/uploads\/2024\/03\/2024-01-01_001835-Buche-Mousse-choco-768x1058.jpg 768w, https:\/\/guimard.eu\/wp-content\/uploads\/2024\/03\/2024-01-01_001835-Buche-Mousse-choco-1115x1536.jpg 1115w, https:\/\/guimard.eu\/wp-content\/uploads\/2024\/03\/2024-01-01_001835-Buche-Mousse-choco-1487x2048.jpg 1487w, https:\/\/guimard.eu\/wp-content\/uploads\/2024\/03\/2024-01-01_001835-Buche-Mousse-choco-scaled.jpg 1859w\" sizes=\"auto, (max-width: 744px) 100vw, 744px\" \/><figcaption class=\"wp-element-caption\">B\u00fbche Mousse au chocolat<\/figcaption><\/figure>\n\n\n\n<figure class=\"wp-block-image size-large\"><img loading=\"lazy\" decoding=\"async\" width=\"498\" height=\"1024\" data-id=\"1238\" src=\"https:\/\/guimard.eu\/wp-content\/uploads\/2024\/03\/2024-01-01_000547-Buche-Mousse-choco-498x1024.jpg\" alt=\"\" class=\"wp-image-1238\" srcset=\"https:\/\/guimard.eu\/wp-content\/uploads\/2024\/03\/2024-01-01_000547-Buche-Mousse-choco-498x1024.jpg 498w, https:\/\/guimard.eu\/wp-content\/uploads\/2024\/03\/2024-01-01_000547-Buche-Mousse-choco-146x300.jpg 146w, https:\/\/guimard.eu\/wp-content\/uploads\/2024\/03\/2024-01-01_000547-Buche-Mousse-choco-768x1580.jpg 768w, https:\/\/guimard.eu\/wp-content\/uploads\/2024\/03\/2024-01-01_000547-Buche-Mousse-choco-747x1536.jpg 747w, https:\/\/guimard.eu\/wp-content\/uploads\/2024\/03\/2024-01-01_000547-Buche-Mousse-choco-996x2048.jpg 996w, https:\/\/guimard.eu\/wp-content\/uploads\/2024\/03\/2024-01-01_000547-Buche-Mousse-choco-scaled.jpg 1244w\" sizes=\"auto, (max-width: 498px) 100vw, 498px\" \/><figcaption class=\"wp-element-caption\">B\u00fbche Mousse au chocolat<\/figcaption><\/figure>\n<\/figure>\n\n\n\n<hr class=\"wp-block-separator aligncenter has-alpha-channel-opacity\"\/>\n\n\n\n<p>B\u00fbche Mascarpone<\/p>\n\n\n\n<figure class=\"wp-block-gallery has-nested-images columns-default is-cropped wp-block-gallery-4 is-layout-flex wp-block-gallery-is-layout-flex\">\n<figure class=\"wp-block-image size-large\"><img loading=\"lazy\" decoding=\"async\" width=\"1024\" height=\"770\" data-id=\"1240\" src=\"https:\/\/guimard.eu\/wp-content\/uploads\/2024\/03\/2023-01-16_204324-Glace-Mascarpone-chocolat-1024x770.jpg\" alt=\"\" class=\"wp-image-1240\" srcset=\"https:\/\/guimard.eu\/wp-content\/uploads\/2024\/03\/2023-01-16_204324-Glace-Mascarpone-chocolat-1024x770.jpg 1024w, https:\/\/guimard.eu\/wp-content\/uploads\/2024\/03\/2023-01-16_204324-Glace-Mascarpone-chocolat-300x226.jpg 300w, https:\/\/guimard.eu\/wp-content\/uploads\/2024\/03\/2023-01-16_204324-Glace-Mascarpone-chocolat-768x578.jpg 768w, https:\/\/guimard.eu\/wp-content\/uploads\/2024\/03\/2023-01-16_204324-Glace-Mascarpone-chocolat-1536x1156.jpg 1536w, https:\/\/guimard.eu\/wp-content\/uploads\/2024\/03\/2023-01-16_204324-Glace-Mascarpone-chocolat-2048x1541.jpg 2048w\" sizes=\"auto, (max-width: 1024px) 100vw, 1024px\" \/><figcaption class=\"wp-element-caption\">B\u00fbche Mascarpone<\/figcaption><\/figure>\n\n\n\n<figure class=\"wp-block-image size-large\"><img loading=\"lazy\" decoding=\"async\" width=\"836\" height=\"1024\" data-id=\"1239\" src=\"https:\/\/guimard.eu\/wp-content\/uploads\/2024\/03\/2023-01-16_204051-Glace-Mascarpone-chocolat-836x1024.jpg\" alt=\"\" class=\"wp-image-1239\" srcset=\"https:\/\/guimard.eu\/wp-content\/uploads\/2024\/03\/2023-01-16_204051-Glace-Mascarpone-chocolat-836x1024.jpg 836w, https:\/\/guimard.eu\/wp-content\/uploads\/2024\/03\/2023-01-16_204051-Glace-Mascarpone-chocolat-245x300.jpg 245w, https:\/\/guimard.eu\/wp-content\/uploads\/2024\/03\/2023-01-16_204051-Glace-Mascarpone-chocolat-768x941.jpg 768w, https:\/\/guimard.eu\/wp-content\/uploads\/2024\/03\/2023-01-16_204051-Glace-Mascarpone-chocolat-1253x1536.jpg 1253w, https:\/\/guimard.eu\/wp-content\/uploads\/2024\/03\/2023-01-16_204051-Glace-Mascarpone-chocolat-1671x2048.jpg 1671w, https:\/\/guimard.eu\/wp-content\/uploads\/2024\/03\/2023-01-16_204051-Glace-Mascarpone-chocolat.jpg 1937w\" sizes=\"auto, (max-width: 836px) 100vw, 836px\" \/><figcaption class=\"wp-element-caption\">B\u00fbche Mascarpone<\/figcaption><\/figure>\n<\/figure>\n\n\n\n<hr class=\"wp-block-separator aligncenter has-alpha-channel-opacity\"\/>\n\n\n\n<p>B\u00fbche chocolat vanille<\/p>\n\n\n\n<figure class=\"wp-block-gallery has-nested-images columns-default is-cropped wp-block-gallery-5 is-layout-flex wp-block-gallery-is-layout-flex\">\n<figure class=\"wp-block-image size-large\"><img loading=\"lazy\" decoding=\"async\" width=\"464\" height=\"1024\" data-id=\"1241\" src=\"https:\/\/guimard.eu\/wp-content\/uploads\/2024\/03\/20211224_223758-buche-choco-vanille-464x1024.jpg\" alt=\"\" class=\"wp-image-1241\" srcset=\"https:\/\/guimard.eu\/wp-content\/uploads\/2024\/03\/20211224_223758-buche-choco-vanille-464x1024.jpg 464w, https:\/\/guimard.eu\/wp-content\/uploads\/2024\/03\/20211224_223758-buche-choco-vanille-136x300.jpg 136w, https:\/\/guimard.eu\/wp-content\/uploads\/2024\/03\/20211224_223758-buche-choco-vanille-768x1695.jpg 768w, https:\/\/guimard.eu\/wp-content\/uploads\/2024\/03\/20211224_223758-buche-choco-vanille-696x1536.jpg 696w, https:\/\/guimard.eu\/wp-content\/uploads\/2024\/03\/20211224_223758-buche-choco-vanille-928x2048.jpg 928w, https:\/\/guimard.eu\/wp-content\/uploads\/2024\/03\/20211224_223758-buche-choco-vanille-scaled.jpg 1160w\" sizes=\"auto, (max-width: 464px) 100vw, 464px\" \/><figcaption class=\"wp-element-caption\">B\u00fbche Chocolat vanille<\/figcaption><\/figure>\n\n\n\n<figure class=\"wp-block-image size-large\"><img loading=\"lazy\" decoding=\"async\" width=\"1024\" height=\"382\" data-id=\"1242\" src=\"https:\/\/guimard.eu\/wp-content\/uploads\/2024\/03\/20211224_223803-buche-choco-vanille-1024x382.jpg\" alt=\"\" class=\"wp-image-1242\" srcset=\"https:\/\/guimard.eu\/wp-content\/uploads\/2024\/03\/20211224_223803-buche-choco-vanille-1024x382.jpg 1024w, https:\/\/guimard.eu\/wp-content\/uploads\/2024\/03\/20211224_223803-buche-choco-vanille-300x112.jpg 300w, https:\/\/guimard.eu\/wp-content\/uploads\/2024\/03\/20211224_223803-buche-choco-vanille-768x287.jpg 768w, https:\/\/guimard.eu\/wp-content\/uploads\/2024\/03\/20211224_223803-buche-choco-vanille-1536x574.jpg 1536w, https:\/\/guimard.eu\/wp-content\/uploads\/2024\/03\/20211224_223803-buche-choco-vanille-2048x765.jpg 2048w\" sizes=\"auto, (max-width: 1024px) 100vw, 1024px\" \/><figcaption class=\"wp-element-caption\">B\u00fbche Chocolat vanille<\/figcaption><\/figure>\n<\/figure>\n\n\n\n<hr class=\"wp-block-separator aligncenter has-alpha-channel-opacity\"\/>\n\n\n\n<div class=\"wp-block-buttons is-layout-flex wp-block-buttons-is-layout-flex\">\n<div class=\"wp-block-button\"><a class=\"wp-block-button__link wp-element-button\" href=\"http:\/\/guimard.eu\/\">Accueil<\/a><\/div>\n<\/div>\n","protected":false},"excerpt":{"rendered":"<p>B\u00fbche cr\u00e8me de marrons myrtilles B\u00fbche de glac\u00e9e, Framboise, vanille B\u00fbche roul\u00e9e chocolat mandarine B\u00fbche Mousse au chocolat B\u00fbche Mascarpone<\/p>\n","protected":false},"author":1,"featured_media":0,"parent":0,"menu_order":0,"comment_status":"closed","ping_status":"closed","template":"","meta":{"colormag_page_container_layout":"default_layout","colormag_page_sidebar_layout":"default_layout","footnotes":""},"class_list":["post-1298","page","type-page","status-publish","hentry"],"_links":{"self":[{"href":"https:\/\/guimard.eu\/index.php\/wp-json\/wp\/v2\/pages\/1298","targetHints":{"allow":["GET"]}}],"collection":[{"href":"https:\/\/guimard.eu\/index.php\/wp-json\/wp\/v2\/pages"}],"about":[{"href":"https:\/\/guimard.eu\/index.php\/wp-json\/wp\/v2\/types\/page"}],"author":[{"embeddable":true,"href":"https:\/\/guimard.eu\/index.php\/wp-json\/wp\/v2\/users\/1"}],"replies":[{"embeddable":true,"href":"https:\/\/guimard.eu\/index.php\/wp-json\/wp\/v2\/comments?post=1298"}],"version-history":[{"count":5,"href":"https:\/\/guimard.eu\/index.php\/wp-json\/wp\/v2\/pages\/1298\/revisions"}],"predecessor-version":[{"id":1416,"href":"https:\/\/guimard.eu\/index.php\/wp-json\/wp\/v2\/pages\/1298\/revisions\/1416"}],"wp:attachment":[{"href":"https:\/\/guimard.eu\/index.php\/wp-json\/wp\/v2\/media?parent=1298"}],"curies":[{"name":"wp","href":"https:\/\/api.w.org\/{rel}","templated":true}]}}