{"id":1329,"date":"2024-03-27T12:02:04","date_gmt":"2024-03-27T11:02:04","guid":{"rendered":"https:\/\/guimard.eu\/?page_id=1329"},"modified":"2024-03-27T14:12:35","modified_gmt":"2024-03-27T13:12:35","slug":"pates-maison","status":"publish","type":"page","link":"https:\/\/guimard.eu\/index.php\/pates-maison\/","title":{"rendered":"P\u00e2t\u00e9s maison"},"content":{"rendered":"\n<figure class=\"wp-block-gallery has-nested-images columns-default is-cropped wp-block-gallery-1 is-layout-flex wp-block-gallery-is-layout-flex\">\n<figure class=\"wp-block-image size-large\"><img loading=\"lazy\" decoding=\"async\" width=\"430\" height=\"1024\" data-id=\"1281\" src=\"https:\/\/guimard.eu\/wp-content\/uploads\/2024\/03\/2023-10-27-WA0000-430x1024.jpg\" alt=\"\" class=\"wp-image-1281\" srcset=\"https:\/\/guimard.eu\/wp-content\/uploads\/2024\/03\/2023-10-27-WA0000-430x1024.jpg 430w, https:\/\/guimard.eu\/wp-content\/uploads\/2024\/03\/2023-10-27-WA0000-126x300.jpg 126w, https:\/\/guimard.eu\/wp-content\/uploads\/2024\/03\/2023-10-27-WA0000-645x1536.jpg 645w, https:\/\/guimard.eu\/wp-content\/uploads\/2024\/03\/2023-10-27-WA0000.jpg 671w\" sizes=\"auto, (max-width: 430px) 100vw, 430px\" \/><figcaption class=\"wp-element-caption\">P\u00e2t\u00e9 de t\u00eate maison<\/figcaption><\/figure>\n\n\n\n<figure class=\"wp-block-image size-large\"><img loading=\"lazy\" decoding=\"async\" width=\"529\" height=\"1024\" data-id=\"1280\" src=\"https:\/\/guimard.eu\/wp-content\/uploads\/2024\/03\/2023-05-02_1941-Pate-de-tete-maison-529x1024.jpg\" alt=\"\" class=\"wp-image-1280\" srcset=\"https:\/\/guimard.eu\/wp-content\/uploads\/2024\/03\/2023-05-02_1941-Pate-de-tete-maison-529x1024.jpg 529w, https:\/\/guimard.eu\/wp-content\/uploads\/2024\/03\/2023-05-02_1941-Pate-de-tete-maison-155x300.jpg 155w, https:\/\/guimard.eu\/wp-content\/uploads\/2024\/03\/2023-05-02_1941-Pate-de-tete-maison-768x1485.jpg 768w, https:\/\/guimard.eu\/wp-content\/uploads\/2024\/03\/2023-05-02_1941-Pate-de-tete-maison-794x1536.jpg 794w, https:\/\/guimard.eu\/wp-content\/uploads\/2024\/03\/2023-05-02_1941-Pate-de-tete-maison-1059x2048.jpg 1059w, https:\/\/guimard.eu\/wp-content\/uploads\/2024\/03\/2023-05-02_1941-Pate-de-tete-maison-scaled.jpg 1324w\" sizes=\"auto, (max-width: 529px) 100vw, 529px\" \/><figcaption class=\"wp-element-caption\">P\u00e2t\u00e9 de t\u00eate maison<\/figcaption><\/figure>\n\n\n\n<figure class=\"wp-block-image size-large\"><img loading=\"lazy\" decoding=\"async\" width=\"474\" height=\"1024\" data-id=\"1282\" src=\"https:\/\/guimard.eu\/wp-content\/uploads\/2024\/03\/2023-10-27-Pate-maison-porc-et-veau_140331-474x1024.jpg\" alt=\"\" class=\"wp-image-1282\" srcset=\"https:\/\/guimard.eu\/wp-content\/uploads\/2024\/03\/2023-10-27-Pate-maison-porc-et-veau_140331-474x1024.jpg 474w, https:\/\/guimard.eu\/wp-content\/uploads\/2024\/03\/2023-10-27-Pate-maison-porc-et-veau_140331-139x300.jpg 139w, https:\/\/guimard.eu\/wp-content\/uploads\/2024\/03\/2023-10-27-Pate-maison-porc-et-veau_140331-768x1658.jpg 768w, https:\/\/guimard.eu\/wp-content\/uploads\/2024\/03\/2023-10-27-Pate-maison-porc-et-veau_140331-711x1536.jpg 711w, https:\/\/guimard.eu\/wp-content\/uploads\/2024\/03\/2023-10-27-Pate-maison-porc-et-veau_140331-948x2048.jpg 948w, https:\/\/guimard.eu\/wp-content\/uploads\/2024\/03\/2023-10-27-Pate-maison-porc-et-veau_140331-scaled.jpg 1186w\" sizes=\"auto, (max-width: 474px) 100vw, 474px\" \/><figcaption class=\"wp-element-caption\">P\u00e2t\u00e9 de porc et veau<\/figcaption><\/figure>\n<\/figure>\n\n\n<div class=\"wp-block-buttons is-layout-flex wp-block-buttons-is-layout-flex\">\n<div class=\"wp-block-button\"><a class=\"wp-block-button__link wp-element-button\" href=\"http:\/\/guimard.eu\/\">Accueil<\/a><\/div>\n<\/div>\n","protected":false},"excerpt":{"rendered":"","protected":false},"author":1,"featured_media":0,"parent":0,"menu_order":0,"comment_status":"closed","ping_status":"closed","template":"","meta":{"colormag_page_container_layout":"default_layout","colormag_page_sidebar_layout":"default_layout","footnotes":""},"class_list":["post-1329","page","type-page","status-publish","hentry"],"_links":{"self":[{"href":"https:\/\/guimard.eu\/index.php\/wp-json\/wp\/v2\/pages\/1329","targetHints":{"allow":["GET"]}}],"collection":[{"href":"https:\/\/guimard.eu\/index.php\/wp-json\/wp\/v2\/pages"}],"about":[{"href":"https:\/\/guimard.eu\/index.php\/wp-json\/wp\/v2\/types\/page"}],"author":[{"embeddable":true,"href":"https:\/\/guimard.eu\/index.php\/wp-json\/wp\/v2\/users\/1"}],"replies":[{"embeddable":true,"href":"https:\/\/guimard.eu\/index.php\/wp-json\/wp\/v2\/comments?post=1329"}],"version-history":[{"count":2,"href":"https:\/\/guimard.eu\/index.php\/wp-json\/wp\/v2\/pages\/1329\/revisions"}],"predecessor-version":[{"id":1332,"href":"https:\/\/guimard.eu\/index.php\/wp-json\/wp\/v2\/pages\/1329\/revisions\/1332"}],"wp:attachment":[{"href":"https:\/\/guimard.eu\/index.php\/wp-json\/wp\/v2\/media?parent=1329"}],"curies":[{"name":"wp","href":"https:\/\/api.w.org\/{rel}","templated":true}]}}