{"id":1335,"date":"2024-03-27T14:23:06","date_gmt":"2024-03-27T13:23:06","guid":{"rendered":"https:\/\/guimard.eu\/?page_id=1335"},"modified":"2024-03-27T15:15:05","modified_gmt":"2024-03-27T14:15:05","slug":"patisserie-viennoiserie-et-dessert","status":"publish","type":"page","link":"https:\/\/guimard.eu\/index.php\/patisserie-viennoiserie-et-dessert\/","title":{"rendered":"P\u00e2tisserie, viennoiserie et dessert"},"content":{"rendered":"\n<figure class=\"wp-block-gallery has-nested-images columns-default is-cropped wp-block-gallery-1 is-layout-flex wp-block-gallery-is-layout-flex\">\n<figure class=\"wp-block-image size-large\"><a href=\"https:\/\/guimard.eu\/index.php\/2022\/02\/17\/pour-mini-tartelettes\/\" target=\"_blank\" rel=\"noreferrer noopener\"><img loading=\"lazy\" decoding=\"async\" width=\"1024\" height=\"651\" data-id=\"1291\" src=\"https:\/\/guimard.eu\/wp-content\/uploads\/2024\/03\/2024-02-07_Tartelette-fraise-1024x651.jpg\" alt=\"\" class=\"wp-image-1291\" srcset=\"https:\/\/guimard.eu\/wp-content\/uploads\/2024\/03\/2024-02-07_Tartelette-fraise-1024x651.jpg 1024w, https:\/\/guimard.eu\/wp-content\/uploads\/2024\/03\/2024-02-07_Tartelette-fraise-300x191.jpg 300w, https:\/\/guimard.eu\/wp-content\/uploads\/2024\/03\/2024-02-07_Tartelette-fraise-768x488.jpg 768w, https:\/\/guimard.eu\/wp-content\/uploads\/2024\/03\/2024-02-07_Tartelette-fraise-1536x977.jpg 1536w, https:\/\/guimard.eu\/wp-content\/uploads\/2024\/03\/2024-02-07_Tartelette-fraise-2048x1302.jpg 2048w\" sizes=\"auto, (max-width: 1024px) 100vw, 1024px\" \/><\/a><figcaption class=\"wp-element-caption\">Tartelette fraise<\/figcaption><\/figure>\n\n\n\n<figure class=\"wp-block-image size-large\"><a href=\"https:\/\/guimard.eu\/index.php\/2022\/02\/17\/pour-mini-tartelettes\/\" target=\"_blank\" rel=\"noreferrer noopener\"><img loading=\"lazy\" decoding=\"async\" width=\"937\" height=\"1024\" data-id=\"1260\" src=\"https:\/\/guimard.eu\/wp-content\/uploads\/2024\/03\/20220214_175153-tartelettes-framboises-937x1024.jpg\" alt=\"\" class=\"wp-image-1260\" srcset=\"https:\/\/guimard.eu\/wp-content\/uploads\/2024\/03\/20220214_175153-tartelettes-framboises-937x1024.jpg 937w, https:\/\/guimard.eu\/wp-content\/uploads\/2024\/03\/20220214_175153-tartelettes-framboises-274x300.jpg 274w, https:\/\/guimard.eu\/wp-content\/uploads\/2024\/03\/20220214_175153-tartelettes-framboises-768x839.jpg 768w, https:\/\/guimard.eu\/wp-content\/uploads\/2024\/03\/20220214_175153-tartelettes-framboises.jpg 956w\" sizes=\"auto, (max-width: 937px) 100vw, 937px\" \/><\/a><figcaption class=\"wp-element-caption\">Tartelettes framboises<\/figcaption><\/figure>\n\n\n\n<figure class=\"wp-block-image size-large\"><img loading=\"lazy\" decoding=\"async\" width=\"955\" height=\"955\" data-id=\"1287\" src=\"https:\/\/guimard.eu\/wp-content\/uploads\/2024\/03\/20210130_165603-Starlette-Cake.jpg\" alt=\"\" class=\"wp-image-1287\" srcset=\"https:\/\/guimard.eu\/wp-content\/uploads\/2024\/03\/20210130_165603-Starlette-Cake.jpg 955w, https:\/\/guimard.eu\/wp-content\/uploads\/2024\/03\/20210130_165603-Starlette-Cake-300x300.jpg 300w, https:\/\/guimard.eu\/wp-content\/uploads\/2024\/03\/20210130_165603-Starlette-Cake-150x150.jpg 150w, https:\/\/guimard.eu\/wp-content\/uploads\/2024\/03\/20210130_165603-Starlette-Cake-768x768.jpg 768w\" sizes=\"auto, (max-width: 955px) 100vw, 955px\" \/><figcaption class=\"wp-element-caption\">Starlette Cake<\/figcaption><\/figure>\n\n\n\n<figure class=\"wp-block-image size-large\"><img loading=\"lazy\" decoding=\"async\" width=\"1024\" height=\"498\" data-id=\"1288\" src=\"https:\/\/guimard.eu\/wp-content\/uploads\/2024\/03\/20210130_205928-Starlette-Cake-1024x498.jpg\" alt=\"\" class=\"wp-image-1288\" srcset=\"https:\/\/guimard.eu\/wp-content\/uploads\/2024\/03\/20210130_205928-Starlette-Cake-1024x498.jpg 1024w, https:\/\/guimard.eu\/wp-content\/uploads\/2024\/03\/20210130_205928-Starlette-Cake-300x146.jpg 300w, https:\/\/guimard.eu\/wp-content\/uploads\/2024\/03\/20210130_205928-Starlette-Cake-768x373.jpg 768w, https:\/\/guimard.eu\/wp-content\/uploads\/2024\/03\/20210130_205928-Starlette-Cake-1536x747.jpg 1536w, https:\/\/guimard.eu\/wp-content\/uploads\/2024\/03\/20210130_205928-Starlette-Cake.jpg 2016w\" sizes=\"auto, (max-width: 1024px) 100vw, 1024px\" \/><figcaption class=\"wp-element-caption\">Starlette Cake<\/figcaption><\/figure>\n\n\n\n<figure class=\"wp-block-image size-large\"><img loading=\"lazy\" decoding=\"async\" width=\"1024\" height=\"874\" data-id=\"1290\" src=\"https:\/\/guimard.eu\/wp-content\/uploads\/2024\/03\/20220206_tarte-citron-meringuee-1024x874.jpg\" alt=\"\" class=\"wp-image-1290\" srcset=\"https:\/\/guimard.eu\/wp-content\/uploads\/2024\/03\/20220206_tarte-citron-meringuee-1024x874.jpg 1024w, https:\/\/guimard.eu\/wp-content\/uploads\/2024\/03\/20220206_tarte-citron-meringuee-300x256.jpg 300w, https:\/\/guimard.eu\/wp-content\/uploads\/2024\/03\/20220206_tarte-citron-meringuee-768x656.jpg 768w, https:\/\/guimard.eu\/wp-content\/uploads\/2024\/03\/20220206_tarte-citron-meringuee.jpg 1128w\" sizes=\"auto, (max-width: 1024px) 100vw, 1024px\" \/><figcaption class=\"wp-element-caption\">Tarte citron meringu\u00e9e<\/figcaption><\/figure>\n\n\n\n<figure class=\"wp-block-image size-large\"><img loading=\"lazy\" decoding=\"async\" width=\"847\" height=\"892\" data-id=\"1289\" src=\"https:\/\/guimard.eu\/wp-content\/uploads\/2024\/03\/tarte-pomme-kiwi.jpg\" alt=\"\" class=\"wp-image-1289\" srcset=\"https:\/\/guimard.eu\/wp-content\/uploads\/2024\/03\/tarte-pomme-kiwi.jpg 847w, https:\/\/guimard.eu\/wp-content\/uploads\/2024\/03\/tarte-pomme-kiwi-285x300.jpg 285w, https:\/\/guimard.eu\/wp-content\/uploads\/2024\/03\/tarte-pomme-kiwi-768x809.jpg 768w\" sizes=\"auto, (max-width: 847px) 100vw, 847px\" \/><figcaption class=\"wp-element-caption\">Tarte pomme kiwi<\/figcaption><\/figure>\n\n\n\n<figure class=\"wp-block-image size-large\"><a href=\"https:\/\/guimard.eu\/index.php\/mes-recettes\/desserts\/ile-flottante\/\" target=\"_blank\" rel=\"noreferrer noopener\"><img loading=\"lazy\" decoding=\"async\" width=\"750\" height=\"1024\" data-id=\"1268\" src=\"https:\/\/guimard.eu\/wp-content\/uploads\/2024\/03\/ile-flottante-geante-750x1024.jpg\" alt=\"\" class=\"wp-image-1268\" srcset=\"https:\/\/guimard.eu\/wp-content\/uploads\/2024\/03\/ile-flottante-geante-750x1024.jpg 750w, https:\/\/guimard.eu\/wp-content\/uploads\/2024\/03\/ile-flottante-geante-220x300.jpg 220w, https:\/\/guimard.eu\/wp-content\/uploads\/2024\/03\/ile-flottante-geante-768x1048.jpg 768w, https:\/\/guimard.eu\/wp-content\/uploads\/2024\/03\/ile-flottante-geante-1125x1536.jpg 1125w, https:\/\/guimard.eu\/wp-content\/uploads\/2024\/03\/ile-flottante-geante-1501x2048.jpg 1501w, https:\/\/guimard.eu\/wp-content\/uploads\/2024\/03\/ile-flottante-geante-scaled.jpg 1876w\" sizes=\"auto, (max-width: 750px) 100vw, 750px\" \/><\/a><figcaption class=\"wp-element-caption\">\u00eele flottante g\u00e9ante<\/figcaption><\/figure>\n\n\n\n<figure class=\"wp-block-image size-large\"><a href=\"https:\/\/guimard.eu\/index.php\/galette-des-rois\/\" target=\"_blank\" rel=\"noreferrer noopener\"><img loading=\"lazy\" decoding=\"async\" width=\"710\" height=\"1024\" data-id=\"1265\" src=\"https:\/\/guimard.eu\/wp-content\/uploads\/2024\/03\/galette-des-roispetite-710x1024.jpg\" alt=\"\" class=\"wp-image-1265\" srcset=\"https:\/\/guimard.eu\/wp-content\/uploads\/2024\/03\/galette-des-roispetite-710x1024.jpg 710w, https:\/\/guimard.eu\/wp-content\/uploads\/2024\/03\/galette-des-roispetite-208x300.jpg 208w, https:\/\/guimard.eu\/wp-content\/uploads\/2024\/03\/galette-des-roispetite-768x1107.jpg 768w, https:\/\/guimard.eu\/wp-content\/uploads\/2024\/03\/galette-des-roispetite-1066x1536.jpg 1066w, https:\/\/guimard.eu\/wp-content\/uploads\/2024\/03\/galette-des-roispetite-1421x2048.jpg 1421w, https:\/\/guimard.eu\/wp-content\/uploads\/2024\/03\/galette-des-roispetite-scaled.jpg 1776w\" sizes=\"auto, (max-width: 710px) 100vw, 710px\" \/><\/a><figcaption class=\"wp-element-caption\">Galette des rois<\/figcaption><\/figure>\n\n\n\n<figure class=\"wp-block-image size-large\"><a href=\"https:\/\/guimard.eu\/index.php\/galette-des-rois\/\" target=\"_blank\" rel=\"noreferrer noopener\"><img loading=\"lazy\" decoding=\"async\" width=\"926\" height=\"1024\" data-id=\"620\" src=\"https:\/\/guimard.eu\/wp-content\/uploads\/2021\/01\/20210106_GALETTE-DES-ROIS-204418-926x1024.jpg\" alt=\"\" class=\"wp-image-620\" srcset=\"https:\/\/guimard.eu\/wp-content\/uploads\/2021\/01\/20210106_GALETTE-DES-ROIS-204418-926x1024.jpg 926w, https:\/\/guimard.eu\/wp-content\/uploads\/2021\/01\/20210106_GALETTE-DES-ROIS-204418-271x300.jpg 271w, https:\/\/guimard.eu\/wp-content\/uploads\/2021\/01\/20210106_GALETTE-DES-ROIS-204418-768x850.jpg 768w, https:\/\/guimard.eu\/wp-content\/uploads\/2021\/01\/20210106_GALETTE-DES-ROIS-204418.jpg 980w\" sizes=\"auto, (max-width: 926px) 100vw, 926px\" \/><\/a><figcaption class=\"wp-element-caption\">Galette des rois<\/figcaption><\/figure>\n\n\n\n<figure class=\"wp-block-image size-large\"><a href=\"https:\/\/guimard.eu\/index.php\/galette-des-rois\/\" target=\"_blank\" rel=\"noreferrer noopener\"><img loading=\"lazy\" decoding=\"async\" width=\"1024\" height=\"538\" data-id=\"621\" src=\"https:\/\/guimard.eu\/wp-content\/uploads\/2021\/01\/20210106_GALETTE-DES-ROIS-1024x538.jpg\" alt=\"\" class=\"wp-image-621\" srcset=\"https:\/\/guimard.eu\/wp-content\/uploads\/2021\/01\/20210106_GALETTE-DES-ROIS-1024x538.jpg 1024w, https:\/\/guimard.eu\/wp-content\/uploads\/2021\/01\/20210106_GALETTE-DES-ROIS-300x158.jpg 300w, https:\/\/guimard.eu\/wp-content\/uploads\/2021\/01\/20210106_GALETTE-DES-ROIS-768x404.jpg 768w, https:\/\/guimard.eu\/wp-content\/uploads\/2021\/01\/20210106_GALETTE-DES-ROIS-1536x808.jpg 1536w, https:\/\/guimard.eu\/wp-content\/uploads\/2021\/01\/20210106_GALETTE-DES-ROIS.jpg 1647w\" sizes=\"auto, (max-width: 1024px) 100vw, 1024px\" \/><\/a><figcaption class=\"wp-element-caption\">Galette des rois<\/figcaption><\/figure>\n\n\n\n<figure class=\"wp-block-image size-large\"><img loading=\"lazy\" decoding=\"async\" width=\"1024\" height=\"970\" data-id=\"1267\" src=\"https:\/\/guimard.eu\/wp-content\/uploads\/2024\/03\/20210417_gateau-chococreme-patissiere-1024x970.jpg\" alt=\"\" class=\"wp-image-1267\" srcset=\"https:\/\/guimard.eu\/wp-content\/uploads\/2024\/03\/20210417_gateau-chococreme-patissiere-1024x970.jpg 1024w, https:\/\/guimard.eu\/wp-content\/uploads\/2024\/03\/20210417_gateau-chococreme-patissiere-300x284.jpg 300w, https:\/\/guimard.eu\/wp-content\/uploads\/2024\/03\/20210417_gateau-chococreme-patissiere-768x728.jpg 768w, https:\/\/guimard.eu\/wp-content\/uploads\/2024\/03\/20210417_gateau-chococreme-patissiere-1536x1455.jpg 1536w, https:\/\/guimard.eu\/wp-content\/uploads\/2024\/03\/20210417_gateau-chococreme-patissiere.jpg 1960w\" sizes=\"auto, (max-width: 1024px) 100vw, 1024px\" \/><figcaption class=\"wp-element-caption\">g\u00e2teau choco +cr\u00e8me p\u00e2tissi\u00e8re<\/figcaption><\/figure>\n\n\n\n<figure class=\"wp-block-image size-large\"><img loading=\"lazy\" decoding=\"async\" width=\"1024\" height=\"497\" data-id=\"1259\" src=\"https:\/\/guimard.eu\/wp-content\/uploads\/2024\/03\/20220219_Mille-feuilles-1024x497.jpg\" alt=\"\" class=\"wp-image-1259\" srcset=\"https:\/\/guimard.eu\/wp-content\/uploads\/2024\/03\/20220219_Mille-feuilles-1024x497.jpg 1024w, https:\/\/guimard.eu\/wp-content\/uploads\/2024\/03\/20220219_Mille-feuilles-300x146.jpg 300w, https:\/\/guimard.eu\/wp-content\/uploads\/2024\/03\/20220219_Mille-feuilles-768x373.jpg 768w, https:\/\/guimard.eu\/wp-content\/uploads\/2024\/03\/20220219_Mille-feuilles-1536x746.jpg 1536w, https:\/\/guimard.eu\/wp-content\/uploads\/2024\/03\/20220219_Mille-feuilles-2048x994.jpg 2048w\" sizes=\"auto, (max-width: 1024px) 100vw, 1024px\" \/><figcaption class=\"wp-element-caption\">Mille feuille 24x15cm<\/figcaption><\/figure>\n\n\n\n<figure class=\"wp-block-image size-large\"><img loading=\"lazy\" decoding=\"async\" width=\"606\" height=\"1024\" data-id=\"1258\" src=\"https:\/\/guimard.eu\/wp-content\/uploads\/2024\/03\/20220219_130336-Mille-feuilles--606x1024.jpg\" alt=\"\" class=\"wp-image-1258\" srcset=\"https:\/\/guimard.eu\/wp-content\/uploads\/2024\/03\/20220219_130336-Mille-feuilles--606x1024.jpg 606w, https:\/\/guimard.eu\/wp-content\/uploads\/2024\/03\/20220219_130336-Mille-feuilles--178x300.jpg 178w, https:\/\/guimard.eu\/wp-content\/uploads\/2024\/03\/20220219_130336-Mille-feuilles--768x1298.jpg 768w, https:\/\/guimard.eu\/wp-content\/uploads\/2024\/03\/20220219_130336-Mille-feuilles--909x1536.jpg 909w, https:\/\/guimard.eu\/wp-content\/uploads\/2024\/03\/20220219_130336-Mille-feuilles--1212x2048.jpg 1212w, https:\/\/guimard.eu\/wp-content\/uploads\/2024\/03\/20220219_130336-Mille-feuilles--scaled.jpg 1515w\" sizes=\"auto, (max-width: 606px) 100vw, 606px\" \/><figcaption class=\"wp-element-caption\">Mille feuille 24x15cm<\/figcaption><\/figure>\n\n\n\n<figure class=\"wp-block-image size-large\"><a href=\"https:\/\/guimard.eu\/index.php\/mes-recettes\/desserts\/gateau-renverse-a-lananas\/\" target=\"_blank\" rel=\"noreferrer noopener\"><img loading=\"lazy\" decoding=\"async\" width=\"1024\" height=\"440\" data-id=\"662\" src=\"https:\/\/guimard.eu\/wp-content\/uploads\/2021\/01\/gateau-a-l-ananas-1024x440.jpg\" alt=\"\" class=\"wp-image-662\" srcset=\"https:\/\/guimard.eu\/wp-content\/uploads\/2021\/01\/gateau-a-l-ananas-1024x440.jpg 1024w, https:\/\/guimard.eu\/wp-content\/uploads\/2021\/01\/gateau-a-l-ananas-300x129.jpg 300w, https:\/\/guimard.eu\/wp-content\/uploads\/2021\/01\/gateau-a-l-ananas-768x330.jpg 768w, https:\/\/guimard.eu\/wp-content\/uploads\/2021\/01\/gateau-a-l-ananas-1536x661.jpg 1536w, https:\/\/guimard.eu\/wp-content\/uploads\/2021\/01\/gateau-a-l-ananas-2048x881.jpg 2048w\" sizes=\"auto, (max-width: 1024px) 100vw, 1024px\" \/><\/a><figcaption class=\"wp-element-caption\">g\u00e2teau renvers\u00e9 \u00e0 l&rsquo;ananas <\/figcaption><\/figure>\n\n\n\n<figure class=\"wp-block-image size-large\"><img loading=\"lazy\" decoding=\"async\" width=\"1024\" height=\"529\" data-id=\"1252\" src=\"https:\/\/guimard.eu\/wp-content\/uploads\/2024\/03\/Croissants-1-1024x529.jpg\" alt=\"\" class=\"wp-image-1252\" srcset=\"https:\/\/guimard.eu\/wp-content\/uploads\/2024\/03\/Croissants-1-1024x529.jpg 1024w, https:\/\/guimard.eu\/wp-content\/uploads\/2024\/03\/Croissants-1-300x155.jpg 300w, https:\/\/guimard.eu\/wp-content\/uploads\/2024\/03\/Croissants-1-768x397.jpg 768w, https:\/\/guimard.eu\/wp-content\/uploads\/2024\/03\/Croissants-1-1536x794.jpg 1536w, https:\/\/guimard.eu\/wp-content\/uploads\/2024\/03\/Croissants-1-2048x1059.jpg 2048w\" sizes=\"auto, (max-width: 1024px) 100vw, 1024px\" \/><figcaption class=\"wp-element-caption\">Croissants maison avec p\u00e2te feuillet\u00e9e + levure<\/figcaption><\/figure>\n\n\n\n<figure class=\"wp-block-image size-large\"><img loading=\"lazy\" decoding=\"async\" width=\"1024\" height=\"990\" data-id=\"1272\" src=\"https:\/\/guimard.eu\/wp-content\/uploads\/2024\/03\/meringue-1024x990.jpg\" alt=\"\" class=\"wp-image-1272\" srcset=\"https:\/\/guimard.eu\/wp-content\/uploads\/2024\/03\/meringue-1024x990.jpg 1024w, https:\/\/guimard.eu\/wp-content\/uploads\/2024\/03\/meringue-300x290.jpg 300w, https:\/\/guimard.eu\/wp-content\/uploads\/2024\/03\/meringue-768x743.jpg 768w, https:\/\/guimard.eu\/wp-content\/uploads\/2024\/03\/meringue-1536x1485.jpg 1536w, https:\/\/guimard.eu\/wp-content\/uploads\/2024\/03\/meringue.jpg 1960w\" sizes=\"auto, (max-width: 1024px) 100vw, 1024px\" \/><figcaption class=\"wp-element-caption\">Meringues<\/figcaption><\/figure>\n\n\n\n<figure class=\"wp-block-image size-large\"><a href=\"https:\/\/guimard.eu\/index.php\/2020\/10\/21\/tiramisu-a-la-mangue-et-speculos\/\" target=\"_blank\" rel=\"noreferrer noopener\"><img loading=\"lazy\" decoding=\"async\" width=\"1024\" height=\"498\" data-id=\"1230\" src=\"https:\/\/guimard.eu\/wp-content\/uploads\/2024\/03\/20201021_103642-tiramisu-mangue-1024x498.jpg\" alt=\"\" class=\"wp-image-1230\" srcset=\"https:\/\/guimard.eu\/wp-content\/uploads\/2024\/03\/20201021_103642-tiramisu-mangue-1024x498.jpg 1024w, https:\/\/guimard.eu\/wp-content\/uploads\/2024\/03\/20201021_103642-tiramisu-mangue-300x146.jpg 300w, https:\/\/guimard.eu\/wp-content\/uploads\/2024\/03\/20201021_103642-tiramisu-mangue-768x373.jpg 768w, https:\/\/guimard.eu\/wp-content\/uploads\/2024\/03\/20201021_103642-tiramisu-mangue-1536x747.jpg 1536w, https:\/\/guimard.eu\/wp-content\/uploads\/2024\/03\/20201021_103642-tiramisu-mangue-2048x996.jpg 2048w\" sizes=\"auto, (max-width: 1024px) 100vw, 1024px\" \/><\/a><figcaption class=\"wp-element-caption\">Tiramisu<\/figcaption><\/figure>\n\n\n\n<figure class=\"wp-block-image size-large\"><a href=\"https:\/\/guimard.eu\/index.php\/mes-recettes\/desserts\/tiramisu-a-la-mousse-au-chocolat\/\" target=\"_blank\" rel=\"noreferrer noopener\"><img loading=\"lazy\" decoding=\"async\" width=\"1024\" height=\"361\" data-id=\"958\" src=\"https:\/\/guimard.eu\/wp-content\/uploads\/2022\/03\/Tiramisu-a-la-mousse-au-chocolat-1024x361.jpg\" alt=\"\" class=\"wp-image-958\" srcset=\"https:\/\/guimard.eu\/wp-content\/uploads\/2022\/03\/Tiramisu-a-la-mousse-au-chocolat-1024x361.jpg 1024w, https:\/\/guimard.eu\/wp-content\/uploads\/2022\/03\/Tiramisu-a-la-mousse-au-chocolat-300x106.jpg 300w, https:\/\/guimard.eu\/wp-content\/uploads\/2022\/03\/Tiramisu-a-la-mousse-au-chocolat-768x271.jpg 768w, https:\/\/guimard.eu\/wp-content\/uploads\/2022\/03\/Tiramisu-a-la-mousse-au-chocolat-1536x542.jpg 1536w, https:\/\/guimard.eu\/wp-content\/uploads\/2022\/03\/Tiramisu-a-la-mousse-au-chocolat.jpg 1981w\" sizes=\"auto, (max-width: 1024px) 100vw, 1024px\" \/><\/a><figcaption class=\"wp-element-caption\">Tiramisu<\/figcaption><\/figure>\n\n\n\n<figure class=\"wp-block-image size-large\"><a href=\"https:\/\/guimard.eu\/index.php\/2022\/01\/10\/mon-pain-depices\/\" target=\"_blank\" rel=\"noreferrer noopener\"><img loading=\"lazy\" decoding=\"async\" width=\"547\" height=\"370\" data-id=\"718\" src=\"https:\/\/guimard.eu\/wp-content\/uploads\/2022\/01\/image-2.png\" alt=\"\" class=\"wp-image-718\" srcset=\"https:\/\/guimard.eu\/wp-content\/uploads\/2022\/01\/image-2.png 547w, https:\/\/guimard.eu\/wp-content\/uploads\/2022\/01\/image-2-300x203.png 300w\" sizes=\"auto, (max-width: 547px) 100vw, 547px\" \/><\/a><figcaption class=\"wp-element-caption\">Pain d&rsquo;\u00e9pices<\/figcaption><\/figure>\n\n\n\n<figure class=\"wp-block-image size-large\"><a href=\"https:\/\/guimard.eu\/index.php\/mes-recettes\/desserts\/flan-parisien\/\" target=\"_blank\" rel=\"noreferrer noopener\"><img loading=\"lazy\" decoding=\"async\" width=\"1024\" height=\"708\" data-id=\"1352\" src=\"https:\/\/guimard.eu\/wp-content\/uploads\/2024\/03\/2015-12-08_Flan-1024x708.jpg\" alt=\"\" class=\"wp-image-1352\" srcset=\"https:\/\/guimard.eu\/wp-content\/uploads\/2024\/03\/2015-12-08_Flan-1024x708.jpg 1024w, https:\/\/guimard.eu\/wp-content\/uploads\/2024\/03\/2015-12-08_Flan-300x207.jpg 300w, https:\/\/guimard.eu\/wp-content\/uploads\/2024\/03\/2015-12-08_Flan-768x531.jpg 768w, https:\/\/guimard.eu\/wp-content\/uploads\/2024\/03\/2015-12-08_Flan-1536x1062.jpg 1536w, https:\/\/guimard.eu\/wp-content\/uploads\/2024\/03\/2015-12-08_Flan-392x272.jpg 392w, https:\/\/guimard.eu\/wp-content\/uploads\/2024\/03\/2015-12-08_Flan-130x90.jpg 130w, https:\/\/guimard.eu\/wp-content\/uploads\/2024\/03\/2015-12-08_Flan.jpg 1998w\" sizes=\"auto, (max-width: 1024px) 100vw, 1024px\" \/><\/a><figcaption class=\"wp-element-caption\">Flan p\u00e2tissier<\/figcaption><\/figure>\n\n\n\n<figure class=\"wp-block-image size-large\"><a href=\"https:\/\/guimard.eu\/index.php\/mes-recettes\/desserts\/flan-parisien\/\" target=\"_blank\" rel=\"noreferrer noopener\"><img loading=\"lazy\" decoding=\"async\" width=\"1024\" height=\"754\" data-id=\"1351\" src=\"https:\/\/guimard.eu\/wp-content\/uploads\/2024\/03\/2015-10-03_4-Flan-1024x754.jpg\" alt=\"\" class=\"wp-image-1351\" srcset=\"https:\/\/guimard.eu\/wp-content\/uploads\/2024\/03\/2015-10-03_4-Flan-1024x754.jpg 1024w, https:\/\/guimard.eu\/wp-content\/uploads\/2024\/03\/2015-10-03_4-Flan-300x221.jpg 300w, https:\/\/guimard.eu\/wp-content\/uploads\/2024\/03\/2015-10-03_4-Flan-768x565.jpg 768w, https:\/\/guimard.eu\/wp-content\/uploads\/2024\/03\/2015-10-03_4-Flan-1536x1131.jpg 1536w, https:\/\/guimard.eu\/wp-content\/uploads\/2024\/03\/2015-10-03_4-Flan.jpg 1854w\" sizes=\"auto, (max-width: 1024px) 100vw, 1024px\" \/><\/a><figcaption class=\"wp-element-caption\">Flan p\u00e2tissier<\/figcaption><\/figure>\n\n\n\n<figure class=\"wp-block-image size-large\"><a href=\"https:\/\/guimard.eu\/index.php\/mes-recettes\/desserts\/flan-parisien\/\" target=\"_blank\" rel=\"noreferrer noopener\"><img loading=\"lazy\" decoding=\"async\" width=\"1024\" height=\"529\" data-id=\"1264\" src=\"https:\/\/guimard.eu\/wp-content\/uploads\/2024\/03\/20220306_Flan-1024x529.jpg\" alt=\"\" class=\"wp-image-1264\" srcset=\"https:\/\/guimard.eu\/wp-content\/uploads\/2024\/03\/20220306_Flan-1024x529.jpg 1024w, https:\/\/guimard.eu\/wp-content\/uploads\/2024\/03\/20220306_Flan-300x155.jpg 300w, https:\/\/guimard.eu\/wp-content\/uploads\/2024\/03\/20220306_Flan-768x397.jpg 768w, https:\/\/guimard.eu\/wp-content\/uploads\/2024\/03\/20220306_Flan-1536x793.jpg 1536w, https:\/\/guimard.eu\/wp-content\/uploads\/2024\/03\/20220306_Flan-2048x1057.jpg 2048w\" sizes=\"auto, (max-width: 1024px) 100vw, 1024px\" \/><\/a><figcaption class=\"wp-element-caption\">Flan<\/figcaption><\/figure>\n<\/figure>\n\n\n\n<div class=\"wp-block-buttons is-layout-flex wp-block-buttons-is-layout-flex\">\n<div class=\"wp-block-button\"><a class=\"wp-block-button__link wp-element-button\" href=\"http:\/\/guimard.eu\/\">Accueil<\/a><\/div>\n<\/div>\n","protected":false},"excerpt":{"rendered":"","protected":false},"author":1,"featured_media":0,"parent":0,"menu_order":0,"comment_status":"closed","ping_status":"closed","template":"","meta":{"colormag_page_container_layout":"default_layout","colormag_page_sidebar_layout":"default_layout","footnotes":""},"class_list":["post-1335","page","type-page","status-publish","hentry"],"_links":{"self":[{"href":"https:\/\/guimard.eu\/index.php\/wp-json\/wp\/v2\/pages\/1335","targetHints":{"allow":["GET"]}}],"collection":[{"href":"https:\/\/guimard.eu\/index.php\/wp-json\/wp\/v2\/pages"}],"about":[{"href":"https:\/\/guimard.eu\/index.php\/wp-json\/wp\/v2\/types\/page"}],"author":[{"embeddable":true,"href":"https:\/\/guimard.eu\/index.php\/wp-json\/wp\/v2\/users\/1"}],"replies":[{"embeddable":true,"href":"https:\/\/guimard.eu\/index.php\/wp-json\/wp\/v2\/comments?post=1335"}],"version-history":[{"count":10,"href":"https:\/\/guimard.eu\/index.php\/wp-json\/wp\/v2\/pages\/1335\/revisions"}],"predecessor-version":[{"id":1380,"href":"https:\/\/guimard.eu\/index.php\/wp-json\/wp\/v2\/pages\/1335\/revisions\/1380"}],"wp:attachment":[{"href":"https:\/\/guimard.eu\/index.php\/wp-json\/wp\/v2\/media?parent=1335"}],"curies":[{"name":"wp","href":"https:\/\/api.w.org\/{rel}","templated":true}]}}