{"id":1405,"date":"2025-01-03T09:16:31","date_gmt":"2025-01-03T08:16:31","guid":{"rendered":"https:\/\/guimard.eu\/?page_id=1405"},"modified":"2025-01-03T09:19:22","modified_gmt":"2025-01-03T08:19:22","slug":"buche-creme-de-marrons-myrtilles","status":"publish","type":"page","link":"https:\/\/guimard.eu\/index.php\/mes-recettes\/desserts\/buche-creme-de-marrons-myrtilles\/","title":{"rendered":"B\u00fbche cr\u00e8me de marrons myrtilles"},"content":{"rendered":"\n<div class=\"wp-block-columns is-layout-flex wp-container-core-columns-is-layout-28f84493 wp-block-columns-is-layout-flex\">\n<div class=\"wp-block-column is-layout-flow wp-block-column-is-layout-flow\" style=\"flex-basis:100%\">\n<figure class=\"wp-block-image size-large is-resized\"><a href=\"https:\/\/guimard.eu\/wp-content\/uploads\/2025\/01\/buche.png\" target=\"_blank\" rel=\"noreferrer noopener\"><img loading=\"lazy\" decoding=\"async\" width=\"1024\" height=\"288\" src=\"https:\/\/guimard.eu\/wp-content\/uploads\/2025\/01\/buche-1024x288.png\" alt=\"\" class=\"wp-image-1410\" style=\"width:638px;height:auto\" srcset=\"https:\/\/guimard.eu\/wp-content\/uploads\/2025\/01\/buche-1024x288.png 1024w, https:\/\/guimard.eu\/wp-content\/uploads\/2025\/01\/buche-300x84.png 300w, https:\/\/guimard.eu\/wp-content\/uploads\/2025\/01\/buche-768x216.png 768w, https:\/\/guimard.eu\/wp-content\/uploads\/2025\/01\/buche-1536x431.png 1536w, https:\/\/guimard.eu\/wp-content\/uploads\/2025\/01\/buche-2048x575.png 2048w\" sizes=\"auto, (max-width: 1024px) 100vw, 1024px\" \/><\/a><\/figure>\n<\/div>\n<\/div>\n\n\n\n<h2 class=\"wp-block-heading\">Ingr\u00e9dients<\/h2>\n\n\n\n<h4 class=\"wp-block-heading\">Mousse marrons<\/h4>\n\n\n\n<ul class=\"wp-block-list\">\n<li>300 de cr\u00e8me de marrons&nbsp;<\/li>\n\n\n\n<li>45 cl de cr\u00e8me liquide enti\u00e8re 30 %<\/li>\n\n\n\n<li>6 g de g\u00e9latine&nbsp;<\/li>\n<\/ul>\n\n\n\n<p><\/p>\n\n\n\n<h4 class=\"wp-block-heading\">Insert marrons<\/h4>\n\n\n\n<ul class=\"wp-block-list\">\n<li>180 g de cr\u00e8me de marrons<\/li>\n\n\n\n<li>8 cl de cr\u00e8me liquide enti\u00e8re 30 %<\/li>\n\n\n\n<li>3 g de g\u00e9latine<\/li>\n<\/ul>\n\n\n\n<p><\/p>\n\n\n\n<h4 class=\"wp-block-heading\">Insert myrtilles<\/h4>\n\n\n\n<ul class=\"wp-block-list\">\n<li>150 g de pur\u00e9e de myrtilles<\/li>\n\n\n\n<li>2.5 g de g\u00e9latine<\/li>\n<\/ul>\n\n\n\n<p><\/p>\n\n\n\n<h4 class=\"wp-block-heading\">Biscuit madeleine<\/h4>\n\n\n\n<ul class=\"wp-block-list\">\n<li>2 oeufs&nbsp;<\/li>\n\n\n\n<li>120 g de farine&nbsp;<\/li>\n\n\n\n<li>100 g de sucre<\/li>\n\n\n\n<li>100 g de beurre&nbsp;<\/li>\n\n\n\n<li>1\/2 c\u00e0c de levure<\/li>\n<\/ul>\n\n\n\n<p><\/p>\n\n\n\n<h4 class=\"wp-block-heading\">biscuit streusel<\/h4>\n\n\n\n<ul class=\"wp-block-list\">\n<li>30 g de farine&nbsp;<\/li>\n\n\n\n<li>30 g de cassonade&nbsp;<\/li>\n\n\n\n<li>30 g de poudre d\u2019amandes<\/li>\n\n\n\n<li>30 g de beurre mou&nbsp;<\/li>\n\n\n\n<li>1 pinc\u00e9e de fleur de sel&nbsp;<\/li>\n<\/ul>\n\n\n\n<p><\/p>\n\n\n\n<h2 class=\"wp-block-heading\">Pr\u00e9paration<\/h2>\n\n\n\n<p>La pr\u00e9paration de la b\u00fbche n\u00e9cessite des temps de prise au froid et doit se faire sur plusieurs jours.<\/p>\n\n\n\n<h2 class=\"wp-block-heading\">Pr\u00e9parer l\u2019insert marron<\/h2>\n\n\n\n<p>R\u00e9hydratez la g\u00e9latine dans un bol d\u2019eau froide.<br>Dans une casserole, faites chauffer la cr\u00e8me liquide et la cr\u00e8me de marrons.<br>Hors du feu, ajoutez la g\u00e9latine bien essor\u00e9e et m\u00e9langez.<br>Versez cette pr\u00e9paration dans votre moule \u00e0 insert.<br>R\u00e9servez au cong\u00e9lateur au moins 2 heures.<\/p>\n\n\n\n<p><\/p>\n\n\n\n<h2 class=\"wp-block-heading\">Pr\u00e9parer l\u2019insert myrtilles<\/h2>\n\n\n\n<p>R\u00e9hydratez la g\u00e9latine dans un bol d\u2019eau froide.<br>Faites chauffer la pur\u00e9e de myrtilles dans une casserole.<br>Hors du feu, ajoutez la g\u00e9latine bien essor\u00e9e et m\u00e9langez.<br>Versez cette pr\u00e9paration sur l\u2019insert marron congel\u00e9.<br>R\u00e9servez au cong\u00e9lateur.<\/p>\n\n\n\n<p><\/p>\n\n\n\n<h2 class=\"wp-block-heading\">Pr\u00e9parer un biscuit madeleine<\/h2>\n\n\n\n<p>Dans un cul de poule, m\u00e9langez les \u0153ufs et le sucre.<br>Blanchir le m\u00e9lange.<br>Faites fondre le beurre.<br>Ajoutez en 3 fois la farine et la levure.<br>Ajoutez le beurre fondu et refroidi, m\u00e9langez.<br>R\u00e9servez au frais 30 minutes.<br>Faites pr\u00e9chauffer votre four \u00e0 190 \u00b0C.<br>Versez la p\u00e2te \u00e0 madeleine sur une plaque recouverte de papier sulfuris\u00e9.<br>\u00c0 l\u2019aide d\u2019une spatule coud\u00e9e, liss\u00e9e la p\u00e2te.<br>Enfournez pour 15 minutes.<br>Laissez refroidir puis d\u00e9coupez un rectangle un peu plus petit que votre moule \u00e0 b\u00fbche.<\/p>\n\n\n\n<p><\/p>\n\n\n\n<h2 class=\"wp-block-heading\">Pr\u00e9parer le biscuit streusel<\/h2>\n\n\n\n<p>Dans un saladier, m\u00e9langez \u00e0 la main tous les ingr\u00e9dients.<br>\u00c9talez la p\u00e2te (5 mm d\u2019\u00e9paisseur) sur une plaque \u00e0 p\u00e2tisserie recouverte de papier cuisson.<br>R\u00e9servez au cong\u00e9lateur 1 h.<br>Pr\u00e9chauffez votre four \u00e0 170 \u00b0C.<br>D\u00e9coupez un rectangle plus petit que votre moule \u00e0 b\u00fbche dans la p\u00e2te \u00e0 streusel congel\u00e9e.<br>Enfournez pour 10 minutes.<\/p>\n\n\n\n<p><\/p>\n\n\n\n<h2 class=\"wp-block-heading\">Pr\u00e9parer la mousse aux marrons<\/h2>\n\n\n\n<p>R\u00e9hydratez la g\u00e9latine dans un bol d\u2019eau froide.<br>Faites chauffer la cr\u00e8me de marrons dans une casserole.<br>Hors du feu, ajoutez la g\u00e9latine bien essor\u00e9e et m\u00e9langez.<br>Laissez refroidir l\u00e9g\u00e8rement.<br>Pendant ce temps, montez une cr\u00e8me chantilly.<br>Pour cela tous les \u00e9l\u00e9ments bol, fouet et cr\u00e8me doivent \u00eatre bien froids.<br>Ne montez pas la cr\u00e8me trop ferme.<br>\u00c0 l\u2019aide d\u2019une maryse incorporez d\u00e9licatement la cr\u00e8me mont\u00e9e \u00e0 la cr\u00e8me de marrons.<\/p>\n\n\n\n<p><\/p>\n\n\n\n<h2 class=\"wp-block-heading\">Montage de la b\u00fbche<\/h2>\n\n\n\n<p>Verser dans un moule en silicone.<br>Versez au fond de votre moule la moiti\u00e9 de la mousse aux marrons.<br>\u00c0 l\u2019aide d\u2019une spatule, \u00e9talez bien la mousse contre les bords.<br>D\u00e9posez ensuite l\u2019insert encore congel\u00e9.<br>Versez \u00e0 nouveau de la mousse aux marrons.<br>Ajoutez le biscuit cuill\u00e8re puis par-dessus le biscuit streusel.<br>Appuyez l\u00e9g\u00e8rement sur les biscuits pour que les bords soient recouverts de mousse marrons.<br>Au d\u00e9moulage on ne doit pas voir le bord des biscuits.<br>Comblez et lissez les bords du moule si besoin.<br>R\u00e9servez au cong\u00e9lateur une nuit.<br>6 heures avant la d\u00e9gustation (au moins) d\u00e9moulez la b\u00fbche.<br>Personnellement je ne mets pas de spray velours car elle est d\u00e9j\u00e0 jolie.<br>Laissez d\u00e9congeler la b\u00fbche au frigo.<\/p>\n\n\n\n<p><\/p>\n","protected":false},"excerpt":{"rendered":"<p>Ingr\u00e9dients Mousse marrons Insert marrons Insert myrtilles Biscuit madeleine biscuit streusel Pr\u00e9paration La pr\u00e9paration de la b\u00fbche n\u00e9cessite des temps<\/p>\n","protected":false},"author":1,"featured_media":0,"parent":632,"menu_order":0,"comment_status":"closed","ping_status":"closed","template":"","meta":{"colormag_page_container_layout":"default_layout","colormag_page_sidebar_layout":"default_layout","footnotes":""},"class_list":["post-1405","page","type-page","status-publish","hentry"],"_links":{"self":[{"href":"https:\/\/guimard.eu\/index.php\/wp-json\/wp\/v2\/pages\/1405","targetHints":{"allow":["GET"]}}],"collection":[{"href":"https:\/\/guimard.eu\/index.php\/wp-json\/wp\/v2\/pages"}],"about":[{"href":"https:\/\/guimard.eu\/index.php\/wp-json\/wp\/v2\/types\/page"}],"author":[{"embeddable":true,"href":"https:\/\/guimard.eu\/index.php\/wp-json\/wp\/v2\/users\/1"}],"replies":[{"embeddable":true,"href":"https:\/\/guimard.eu\/index.php\/wp-json\/wp\/v2\/comments?post=1405"}],"version-history":[{"count":4,"href":"https:\/\/guimard.eu\/index.php\/wp-json\/wp\/v2\/pages\/1405\/revisions"}],"predecessor-version":[{"id":1411,"href":"https:\/\/guimard.eu\/index.php\/wp-json\/wp\/v2\/pages\/1405\/revisions\/1411"}],"up":[{"embeddable":true,"href":"https:\/\/guimard.eu\/index.php\/wp-json\/wp\/v2\/pages\/632"}],"wp:attachment":[{"href":"https:\/\/guimard.eu\/index.php\/wp-json\/wp\/v2\/media?parent=1405"}],"curies":[{"name":"wp","href":"https:\/\/api.w.org\/{rel}","templated":true}]}}