{"id":1457,"date":"2025-10-02T16:01:11","date_gmt":"2025-10-02T14:01:11","guid":{"rendered":"https:\/\/guimard.eu\/?page_id=1457"},"modified":"2025-11-18T10:13:54","modified_gmt":"2025-11-18T09:13:54","slug":"tarte-normande-aux-pommes","status":"publish","type":"page","link":"https:\/\/guimard.eu\/index.php\/tarte-normande-aux-pommes\/","title":{"rendered":"Tarte Normande aux pommes"},"content":{"rendered":"\n<figure class=\"wp-block-gallery has-nested-images columns-default is-cropped wp-block-gallery-1 is-layout-flex wp-block-gallery-is-layout-flex\">\n<figure class=\"wp-block-image size-large\"><img loading=\"lazy\" decoding=\"async\" width=\"1024\" height=\"791\" data-id=\"1451\" src=\"https:\/\/guimard.eu\/wp-content\/uploads\/2025\/10\/Tarte-1-1024x791.jpg\" alt=\"Tarte normande aux pommes p\u00e2te sabl\u00e9\" class=\"wp-image-1451\" srcset=\"https:\/\/guimard.eu\/wp-content\/uploads\/2025\/10\/Tarte-1-1024x791.jpg 1024w, https:\/\/guimard.eu\/wp-content\/uploads\/2025\/10\/Tarte-1-300x232.jpg 300w, https:\/\/guimard.eu\/wp-content\/uploads\/2025\/10\/Tarte-1-768x593.jpg 768w, https:\/\/guimard.eu\/wp-content\/uploads\/2025\/10\/Tarte-1-1536x1187.jpg 1536w, https:\/\/guimard.eu\/wp-content\/uploads\/2025\/10\/Tarte-1.jpg 1996w\" sizes=\"auto, (max-width: 1024px) 100vw, 1024px\" \/><\/figure>\n\n\n\n<figure class=\"wp-block-image size-large\"><img loading=\"lazy\" decoding=\"async\" width=\"1024\" height=\"979\" data-id=\"1452\" src=\"https:\/\/guimard.eu\/wp-content\/uploads\/2025\/10\/Tarte-2-1024x979.jpg\" alt=\"Tarte normande aux pommes\" class=\"wp-image-1452\" srcset=\"https:\/\/guimard.eu\/wp-content\/uploads\/2025\/10\/Tarte-2-1024x979.jpg 1024w, https:\/\/guimard.eu\/wp-content\/uploads\/2025\/10\/Tarte-2-300x287.jpg 300w, https:\/\/guimard.eu\/wp-content\/uploads\/2025\/10\/Tarte-2-768x734.jpg 768w, https:\/\/guimard.eu\/wp-content\/uploads\/2025\/10\/Tarte-2-1536x1468.jpg 1536w, https:\/\/guimard.eu\/wp-content\/uploads\/2025\/10\/Tarte-2-2048x1957.jpg 2048w\" sizes=\"auto, (max-width: 1024px) 100vw, 1024px\" \/><\/figure>\n\n\n\n<figure class=\"wp-block-image size-large\"><img loading=\"lazy\" decoding=\"async\" width=\"1024\" height=\"990\" data-id=\"1453\" src=\"https:\/\/guimard.eu\/wp-content\/uploads\/2025\/10\/Tarte-3-1024x990.jpg\" alt=\"Tarte normande aux pommes\" class=\"wp-image-1453\" srcset=\"https:\/\/guimard.eu\/wp-content\/uploads\/2025\/10\/Tarte-3-1024x990.jpg 1024w, https:\/\/guimard.eu\/wp-content\/uploads\/2025\/10\/Tarte-3-300x290.jpg 300w, https:\/\/guimard.eu\/wp-content\/uploads\/2025\/10\/Tarte-3-768x742.jpg 768w, https:\/\/guimard.eu\/wp-content\/uploads\/2025\/10\/Tarte-3-1536x1484.jpg 1536w, https:\/\/guimard.eu\/wp-content\/uploads\/2025\/10\/Tarte-3-2048x1979.jpg 2048w\" sizes=\"auto, (max-width: 1024px) 100vw, 1024px\" \/><\/figure>\n\n\n\n<figure class=\"wp-block-image size-large\"><img loading=\"lazy\" decoding=\"async\" width=\"1024\" height=\"937\" data-id=\"1449\" src=\"https:\/\/guimard.eu\/wp-content\/uploads\/2025\/10\/Tarte-4-1024x937.jpg\" alt=\"Tarte normande aux pommes\" class=\"wp-image-1449\" srcset=\"https:\/\/guimard.eu\/wp-content\/uploads\/2025\/10\/Tarte-4-1024x937.jpg 1024w, https:\/\/guimard.eu\/wp-content\/uploads\/2025\/10\/Tarte-4-300x275.jpg 300w, https:\/\/guimard.eu\/wp-content\/uploads\/2025\/10\/Tarte-4-768x703.jpg 768w, https:\/\/guimard.eu\/wp-content\/uploads\/2025\/10\/Tarte-4-1536x1406.jpg 1536w, https:\/\/guimard.eu\/wp-content\/uploads\/2025\/10\/Tarte-4-2048x1874.jpg 2048w\" sizes=\"auto, (max-width: 1024px) 100vw, 1024px\" \/><\/figure>\n\n\n\n<figure class=\"wp-block-image size-large\"><img loading=\"lazy\" decoding=\"async\" width=\"1024\" height=\"917\" data-id=\"1450\" src=\"https:\/\/guimard.eu\/wp-content\/uploads\/2025\/10\/Tarte-5-1024x917.jpg\" alt=\"Tarte normande aux pommes\" class=\"wp-image-1450\" srcset=\"https:\/\/guimard.eu\/wp-content\/uploads\/2025\/10\/Tarte-5-1024x917.jpg 1024w, https:\/\/guimard.eu\/wp-content\/uploads\/2025\/10\/Tarte-5-300x269.jpg 300w, https:\/\/guimard.eu\/wp-content\/uploads\/2025\/10\/Tarte-5-768x688.jpg 768w, https:\/\/guimard.eu\/wp-content\/uploads\/2025\/10\/Tarte-5-1536x1375.jpg 1536w, https:\/\/guimard.eu\/wp-content\/uploads\/2025\/10\/Tarte-5-2048x1833.jpg 2048w\" sizes=\"auto, (max-width: 1024px) 100vw, 1024px\" \/><\/figure>\n<\/figure>\n\n\n\n<p>Pr\u00e9chauffer le four \u00e0 200 \u00b0C(th.5).<\/p>\n\n\n\n<h2 class=\"wp-block-heading\">Ingr\u00e9dients<\/h2>\n\n\n\n<ol class=\"wp-block-list\">\n<li>1 rouleau de p\u00e2te sabl\u00e9e <em>(ma recette <a href=\"https:\/\/guimard.eu\/index.php\/mes-recettes\/pain-et-pate\/pate-sablee\/\" target=\"_blank\" rel=\"noreferrer noopener\">ici<\/a>)<\/em><\/li>\n\n\n\n<li>4 pommes Choupette ou Pink Lady<\/li>\n\n\n\n<li>250 gr de cr\u00e8me fra\u00eeche \u00e9paisse<\/li>\n\n\n\n<li>4 \u0152ufs<\/li>\n\n\n\n<li>100 gr de sucre en poudre<\/li>\n\n\n\n<li>3 cl de Calvados ou d&rsquo;Armagnac<\/li>\n\n\n\n<li>2 gr de cannelle en poudre<\/li>\n\n\n\n<li>30 gr de sucre glace<br><\/li>\n<\/ol>\n\n\n\n<h3 class=\"wp-block-heading\">Pour le moule<\/h3>\n\n\n\n<ul class=\"wp-block-list\">\n<li>30 gr de beurre doux<\/li>\n<\/ul>\n\n\n\n<p><\/p>\n\n\n\n<h2 class=\"wp-block-heading\">Pr\u00e9paration<\/h2>\n\n\n\n<ol class=\"wp-block-list\">\n<li>Beurrer un grand moule \u00e0 tarte<\/li>\n\n\n\n<li>Le garnir de p\u00e2te sabl\u00e9e.<\/li>\n\n\n\n<li>R\u00e9server ensuite au r\u00e9frig\u00e9rateur.<\/li>\n\n\n\n<li>\u00c9plucher les pommes puis les couper en grosses lamelles.<\/li>\n\n\n\n<li>Dans un saladier, m\u00e9langer les \u0153ufs, la cr\u00e8me \u00e9paisse, le sucre, le calvados et la cannelle.<\/li>\n\n\n\n<li>R\u00e9partir les pommes sur le fond de p\u00e2te<\/li>\n\n\n\n<li>Verser la pr\u00e9paration \u00e0 base d&rsquo;\u0153ufs.<\/li>\n\n\n\n<li>Saupoudrer de sucre glace<\/li>\n\n\n\n<li>Enfourner ensuite \u00e0 200 \u00b0C pendant 30 min environ<\/li>\n\n\n\n<li>Laisser refroidir compl\u00e8tement avant de servir<\/li>\n<\/ol>\n","protected":false},"excerpt":{"rendered":"<p>Pr\u00e9chauffer le four \u00e0 200 \u00b0C(th.5). Ingr\u00e9dients Pour le moule Pr\u00e9paration<\/p>\n","protected":false},"author":1,"featured_media":0,"parent":0,"menu_order":0,"comment_status":"closed","ping_status":"closed","template":"","meta":{"colormag_page_container_layout":"default_layout","colormag_page_sidebar_layout":"default_layout","footnotes":""},"class_list":["post-1457","page","type-page","status-publish","hentry"],"_links":{"self":[{"href":"https:\/\/guimard.eu\/index.php\/wp-json\/wp\/v2\/pages\/1457","targetHints":{"allow":["GET"]}}],"collection":[{"href":"https:\/\/guimard.eu\/index.php\/wp-json\/wp\/v2\/pages"}],"about":[{"href":"https:\/\/guimard.eu\/index.php\/wp-json\/wp\/v2\/types\/page"}],"author":[{"embeddable":true,"href":"https:\/\/guimard.eu\/index.php\/wp-json\/wp\/v2\/users\/1"}],"replies":[{"embeddable":true,"href":"https:\/\/guimard.eu\/index.php\/wp-json\/wp\/v2\/comments?post=1457"}],"version-history":[{"count":4,"href":"https:\/\/guimard.eu\/index.php\/wp-json\/wp\/v2\/pages\/1457\/revisions"}],"predecessor-version":[{"id":1496,"href":"https:\/\/guimard.eu\/index.php\/wp-json\/wp\/v2\/pages\/1457\/revisions\/1496"}],"wp:attachment":[{"href":"https:\/\/guimard.eu\/index.php\/wp-json\/wp\/v2\/media?parent=1457"}],"curies":[{"name":"wp","href":"https:\/\/api.w.org\/{rel}","templated":true}]}}