{"id":337,"date":"2019-11-19T11:46:38","date_gmt":"2019-11-19T10:46:38","guid":{"rendered":"https:\/\/guimard.eu\/?page_id=337"},"modified":"2024-03-25T07:48:44","modified_gmt":"2024-03-25T06:48:44","slug":"produits-menagers","status":"publish","type":"page","link":"https:\/\/guimard.eu\/index.php\/produits-menagers\/","title":{"rendered":"Produits m\u00e9nagers"},"content":{"rendered":"\n<p><a href=\"https:\/\/guimard.eu\/index.php\/produits-menagers\/detartrer-les-robinets\/\" data-type=\"link\" data-id=\"https:\/\/guimard.eu\/index.php\/produits-menagers\/detartrer-les-robinets\/\">D\u00e9tartrer Les Robinets<\/a><\/p>\n\n\n\n<p><a href=\"https:\/\/guimard.eu\/index.php\/2020\/06\/05\/enlever-une-tache-de-vin-rouge\/\">Enlever une t\u00e2che de vin rouge<\/a><\/p>\n\n\n\n<p><a href=\"https:\/\/guimard.eu\/index.php\/2020\/03\/03\/fabriquer-un-gel-nettoyant-pour-les-wc\/\">Gel nettoyant pour les WC<\/a><\/p>\n\n\n\n<p><a href=\"https:\/\/guimard.eu\/index.php\/2020\/01\/27\/recette-de-liquide-vaisselle-maison-et-ecologique\/\">Liquide vaisselle maison et \u00e9cologique<\/a><\/p>\n\n\n\n<p><a href=\"https:\/\/guimard.eu\/index.php\/2020\/02\/25\/fabriquer-des-pastilles-desinfectantes-bio-les-wc\/\">Pastilles d\u00e9sinfectantes bio les WC<\/a><\/p>\n\n\n\n<p><a href=\"https:\/\/guimard.eu\/index.php\/2020\/03\/26\/fabriquez-son-produit-a-vitre-bio\/\">Produit \u00e0 vitre BIO<\/a><\/p>\n\n\n\n<p><a href=\"https:\/\/guimard.eu\/index.php\/2023\/09\/09\/fabriquez-votre-pierre-blanche-de-nettoyage\/\" data-type=\"link\" data-id=\"https:\/\/guimard.eu\/index.php\/2023\/09\/09\/fabriquez-votre-pierre-blanche-de-nettoyage\/\">Produit de nettoyage pour plaque de cuisson<\/a><\/p>\n\n\n\n<p><a href=\"https:\/\/guimard.eu\/index.php\/2020\/01\/02\/fabriquer-sa-recharge-pour-diffuseur-de-parfum-electrique\/\">Recharge pour diffuseur de parfum \u00e9lectrique<\/a><\/p>\n\n\n\n<p><a href=\"https:\/\/guimard.eu\/index.php\/2020\/03\/08\/fabriquer-du-savon-liquide-bio\/\">Savon liquide bio<\/a><\/p>\n\n\n\n<p><a href=\"https:\/\/guimard.eu\/index.php\/produits-menagers\/tablettes-lave-vaisselle\/\" data-type=\"link\" data-id=\"https:\/\/guimard.eu\/index.php\/produits-menagers\/tablettes-lave-vaisselle\/\">Tablettes lave-vaisselle<\/a><\/p>\n\n\n\n<div class=\"wp-block-buttons is-layout-flex wp-block-buttons-is-layout-flex\">\n<div class=\"wp-block-button\"><a class=\"wp-block-button__link wp-element-button\" href=\"http:\/\/guimard.eu\/\">Accueil<\/a><\/div>\n<\/div>\n","protected":false},"excerpt":{"rendered":"<p>D\u00e9tartrer Les Robinets Enlever une t\u00e2che de vin rouge Gel nettoyant pour les WC Liquide vaisselle maison et \u00e9cologique Pastilles<\/p>\n","protected":false},"author":1,"featured_media":0,"parent":0,"menu_order":0,"comment_status":"closed","ping_status":"closed","template":"","meta":{"colormag_page_container_layout":"default_layout","colormag_page_sidebar_layout":"default_layout","footnotes":""},"class_list":["post-337","page","type-page","status-publish","hentry"],"_links":{"self":[{"href":"https:\/\/guimard.eu\/index.php\/wp-json\/wp\/v2\/pages\/337","targetHints":{"allow":["GET"]}}],"collection":[{"href":"https:\/\/guimard.eu\/index.php\/wp-json\/wp\/v2\/pages"}],"about":[{"href":"https:\/\/guimard.eu\/index.php\/wp-json\/wp\/v2\/types\/page"}],"author":[{"embeddable":true,"href":"https:\/\/guimard.eu\/index.php\/wp-json\/wp\/v2\/users\/1"}],"replies":[{"embeddable":true,"href":"https:\/\/guimard.eu\/index.php\/wp-json\/wp\/v2\/comments?post=337"}],"version-history":[{"count":11,"href":"https:\/\/guimard.eu\/index.php\/wp-json\/wp\/v2\/pages\/337\/revisions"}],"predecessor-version":[{"id":1163,"href":"https:\/\/guimard.eu\/index.php\/wp-json\/wp\/v2\/pages\/337\/revisions\/1163"}],"wp:attachment":[{"href":"https:\/\/guimard.eu\/index.php\/wp-json\/wp\/v2\/media?parent=337"}],"curies":[{"name":"wp","href":"https:\/\/api.w.org\/{rel}","templated":true}]}}