{"id":343,"date":"2020-02-01T15:55:11","date_gmt":"2020-02-01T14:55:11","guid":{"rendered":"https:\/\/guimard.eu\/?page_id=343"},"modified":"2024-03-25T07:48:54","modified_gmt":"2024-03-25T06:48:54","slug":"produits-exterieur","status":"publish","type":"page","link":"https:\/\/guimard.eu\/index.php\/produits-exterieur\/","title":{"rendered":"Produits ext\u00e9rieurs"},"content":{"rendered":"\n<h2 class=\"wp-block-heading\">Lave-glace \u00e9cologique<\/h2>\n\n\n\n<h3 class=\"wp-block-heading\">Ingr\u00e9dients :<\/h3>\n\n\n\n<ul class=\"wp-block-list\"><li>3,5 L d&rsquo;eau <em>(de pr\u00e9f\u00e9rence d\u00e9min\u00e9ralis\u00e9e)<\/em><\/li><li>1\/2 L de vinaigre d&rsquo;alcool<\/li><li>2 cuill\u00e8res \u00e0 soupe de liquide vaisselle bio ou fait maison<\/li><li>12 gouttes d&rsquo;huile essentielle au citron<\/li><\/ul>\n\n\n\n<h3 class=\"wp-block-heading\">Pour l&rsquo;hiver :<\/h3>\n\n\n\n<ul class=\"wp-block-list\"><li>25 centilitres de vodka 1er prix.<\/li><\/ul>\n\n\n\n<h3 class=\"wp-block-heading\">Pr\u00e9paration :<\/h3>\n\n\n\n<ul class=\"wp-block-list\"><li>Verser le vinaigre d&rsquo;alcool<\/li><li>Ajouter l&rsquo;eau<\/li><li>Ajouter les huiles essentielles de citron bio<\/li><li>Ajouter le liquide vaisselle.<\/li><\/ul>\n\n\n<div class=\"wp-block-buttons is-layout-flex wp-block-buttons-is-layout-flex\">\n<div class=\"wp-block-button\"><a class=\"wp-block-button__link wp-element-button\" href=\"http:\/\/guimard.eu\/\">Accueil<\/a><\/div>\n<\/div>\n","protected":false},"excerpt":{"rendered":"<p>Lave-glace \u00e9cologique Ingr\u00e9dients : 3,5 L d&rsquo;eau (de pr\u00e9f\u00e9rence d\u00e9min\u00e9ralis\u00e9e) 1\/2 L de vinaigre d&rsquo;alcool 2 cuill\u00e8res \u00e0 soupe de<\/p>\n","protected":false},"author":1,"featured_media":0,"parent":0,"menu_order":0,"comment_status":"closed","ping_status":"closed","template":"","meta":{"colormag_page_container_layout":"default_layout","colormag_page_sidebar_layout":"default_layout","footnotes":""},"class_list":["post-343","page","type-page","status-publish","hentry"],"_links":{"self":[{"href":"https:\/\/guimard.eu\/index.php\/wp-json\/wp\/v2\/pages\/343","targetHints":{"allow":["GET"]}}],"collection":[{"href":"https:\/\/guimard.eu\/index.php\/wp-json\/wp\/v2\/pages"}],"about":[{"href":"https:\/\/guimard.eu\/index.php\/wp-json\/wp\/v2\/types\/page"}],"author":[{"embeddable":true,"href":"https:\/\/guimard.eu\/index.php\/wp-json\/wp\/v2\/users\/1"}],"replies":[{"embeddable":true,"href":"https:\/\/guimard.eu\/index.php\/wp-json\/wp\/v2\/comments?post=343"}],"version-history":[{"count":3,"href":"https:\/\/guimard.eu\/index.php\/wp-json\/wp\/v2\/pages\/343\/revisions"}],"predecessor-version":[{"id":1164,"href":"https:\/\/guimard.eu\/index.php\/wp-json\/wp\/v2\/pages\/343\/revisions\/1164"}],"wp:attachment":[{"href":"https:\/\/guimard.eu\/index.php\/wp-json\/wp\/v2\/media?parent=343"}],"curies":[{"name":"wp","href":"https:\/\/api.w.org\/{rel}","templated":true}]}}