{"id":376,"date":"2020-01-09T11:36:14","date_gmt":"2020-01-09T10:36:14","guid":{"rendered":"https:\/\/guimard.eu\/?page_id=376"},"modified":"2024-03-25T07:44:12","modified_gmt":"2024-03-25T06:44:12","slug":"mes-recettes","status":"publish","type":"page","link":"https:\/\/guimard.eu\/index.php\/mes-recettes\/","title":{"rendered":"Mes recettes"},"content":{"rendered":"\n<h4 class=\"wp-block-heading\"><a href=\"https:\/\/guimard.eu\/index.php\/mes-recettes\/aide-et-astuces\/\">Aide et astuces<\/a><\/h4>\n\n\n\n<h4 class=\"wp-block-heading\"><a href=\"https:\/\/guimard.eu\/index.php\/mes-recettes\/confiserie\/\" data-type=\"link\" data-id=\"https:\/\/guimard.eu\/index.php\/mes-recettes\/confiserie\/\">Confiserie<\/a><\/h4>\n\n\n\n<h4 class=\"wp-block-heading\"><a href=\"https:\/\/guimard.eu\/index.php\/mes-recettes\/desserts\/\">Desserts et p\u00e2tisseries<\/a><\/h4>\n\n\n\n<h4 class=\"wp-block-heading\"><a href=\"https:\/\/guimard.eu\/index.php\/mes-recettes\/entrees\/\">Entr\u00e9es<\/a><\/h4>\n\n\n\n<h4 class=\"wp-block-heading\" id=\"legumes\"><a href=\"https:\/\/guimard.eu\/index.php\/mes-recettes\/legumes\/\"><span class=\"has-inline-color has-vivid-cyan-blue-color\">L\u00e9gumes<\/span><\/a><\/h4>\n\n\n<\/p>\n\n\n<h4 class=\"wp-block-heading\"><span style=\"color: #0693e3;\"><a style=\"color: #0693e3;\" href=\"https:\/\/guimard.eu\/index.php\/mes-recettes\/kefir-a-leau\/\">K\u00e9fir \u00e0 l&rsquo;eau<\/a><\/span><\/h4>\n\n\n\n<h4 class=\"wp-block-heading\"><a href=\"https:\/\/guimard.eu\/index.php\/mes-recettes\/pain-et-pate\/\">Pain, brioche et p\u00e2te<\/a><\/h4>\n\n\n\n<h4 class=\"wp-block-heading\"><a href=\"https:\/\/guimard.eu\/index.php\/mes-recettes\/plat-principal\/\">Plat principal<\/a><\/h4>\n\n\n\n<h4 class=\"wp-block-heading\"><a href=\"https:\/\/guimard.eu\/index.php\/mes-recettes\/quantite-et-ingredient\/\">Quantit\u00e9 et ingr\u00e9dient<\/a><\/h4>\n\n\n\n<div class=\"wp-block-buttons is-layout-flex wp-block-buttons-is-layout-flex\">\n<div class=\"wp-block-button\"><a class=\"wp-block-button__link wp-element-button\" href=\"http:\/\/guimard.eu\/\">Accueil<\/a><\/div>\n<\/div>\n","protected":false},"excerpt":{"rendered":"<p>Aide et astuces Confiserie Desserts et p\u00e2tisseries Entr\u00e9es L\u00e9gumes K\u00e9fir \u00e0 l&rsquo;eau Pain, brioche et p\u00e2te Plat principal Quantit\u00e9 et<\/p>\n","protected":false},"author":1,"featured_media":0,"parent":0,"menu_order":0,"comment_status":"closed","ping_status":"closed","template":"","meta":{"colormag_page_container_layout":"default_layout","colormag_page_sidebar_layout":"default_layout","footnotes":""},"class_list":["post-376","page","type-page","status-publish","hentry"],"_links":{"self":[{"href":"https:\/\/guimard.eu\/index.php\/wp-json\/wp\/v2\/pages\/376","targetHints":{"allow":["GET"]}}],"collection":[{"href":"https:\/\/guimard.eu\/index.php\/wp-json\/wp\/v2\/pages"}],"about":[{"href":"https:\/\/guimard.eu\/index.php\/wp-json\/wp\/v2\/types\/page"}],"author":[{"embeddable":true,"href":"https:\/\/guimard.eu\/index.php\/wp-json\/wp\/v2\/users\/1"}],"replies":[{"embeddable":true,"href":"https:\/\/guimard.eu\/index.php\/wp-json\/wp\/v2\/comments?post=376"}],"version-history":[{"count":55,"href":"https:\/\/guimard.eu\/index.php\/wp-json\/wp\/v2\/pages\/376\/revisions"}],"predecessor-version":[{"id":1151,"href":"https:\/\/guimard.eu\/index.php\/wp-json\/wp\/v2\/pages\/376\/revisions\/1151"}],"wp:attachment":[{"href":"https:\/\/guimard.eu\/index.php\/wp-json\/wp\/v2\/media?parent=376"}],"curies":[{"name":"wp","href":"https:\/\/api.w.org\/{rel}","templated":true}]}}