{"id":396,"date":"2020-01-13T08:34:02","date_gmt":"2020-01-13T07:34:02","guid":{"rendered":"https:\/\/guimard.eu\/?page_id=396"},"modified":"2024-03-25T07:47:38","modified_gmt":"2024-03-25T06:47:38","slug":"kefir-a-leau","status":"publish","type":"page","link":"https:\/\/guimard.eu\/index.php\/mes-recettes\/kefir-a-leau\/","title":{"rendered":"K\u00e9fir \u00e0 l&rsquo;eau"},"content":{"rendered":"\n<h3 class=\"wp-block-heading\">Les bienfaits du k\u00e9fir :<\/h3>\n\n\n\n<p>Il r\u00e9tablit et entretient l\u2019\u00e9quilibre de la flore intestinale : i<em>l favorise la digestion, prot\u00e8ge l\u2019estomac et fortifie le syst\u00e8me biliaire.<\/em><br>Il renforce le syst\u00e8me immunitaire et agit comme un antibiotique naturel : <em>il r\u00e9duit l\u2019hypertension, le cholest\u00e9rol et est efficace en cas de pneumonie et d\u2019asthme.<\/em><br>Il am\u00e9liore les probl\u00e8mes de peau et d\u2019allergies ou d\u2019insomnies.<br>C\u2019est un antiseptique puissant.<br>En application locale, il aide \u00e0 gu\u00e9rir les blessures.<\/p>\n\n\n\n<h3 class=\"wp-block-heading\">Ingr\u00e9dients<\/h3>\n\n\n\n<ul class=\"wp-block-list\"><li>70 g de sucre&nbsp;non raffin\u00e9 par litre d&rsquo;eau<\/li><li>50 g de k\u00e9fir par litre d&rsquo;eau min\u00e9rale<\/li><li>2 figues s\u00e8ches<\/li><li>2 rondelles de citron BIO<\/li><\/ul>\n\n\n\n<h3 class=\"wp-block-heading\">Pr\u00e9paration<\/h3>\n\n\n\n<ul class=\"wp-block-list\"><li>Etape 1<br>Mettre dans le r\u00e9cipient tous les ingr\u00e9dients.<\/li><li>Etape 2<br>Il est pr\u00e9f\u00e9rable de faire fondre le sucre avant dans de l&rsquo;eau filtr\u00e9e. <i>(Laisser refroidir)<\/i><\/li><li>Etape 3<br>Remplir d&rsquo;eau avec la quantit\u00e9 que vous d\u00e9sirez obtenir.<\/li><li>Etape 4<br>Fermer le bocal, avec un sopalin ou un tissu et un \u00e9lastique.<br>Il faut que l\u2019air passe, le k\u00e9fir est sous pression et pourrait exploser.<br>Laissez-le ensuite \u00e0 temp\u00e9rature ambiante en le pr\u00e9servant de la lumi\u00e8re directe du soleil.<\/li><li>Etape 5<br>Quand les figues remontent en surface, au bout de 24 h, on dit que le k\u00e9fir est pr\u00eat<br>On peut attendre jusqu\u2019\u00e0 48 h.<br>La boisson est pr\u00eate.<\/li><li>Etape 6<br>1 fois par jour en hiver et plus souvent en \u00e9t\u00e9.<\/li><li>Etape 7<br>Filtrez le reste dans une passoire<font color=\"red\"> NON<\/font> m\u00e9tallique.<\/li><li>Etape 8<br>Conservez-le dans une bouteille \u00e0 capsule herm\u00e9tique genre bouteille de bi\u00e8re que vous placerez au r\u00e9frig\u00e9rateur.<\/li><li>Etape 9<br>Commencer \u00e0 le consommer le lendemain.<\/li><li>Etape 10<br>Vous pouvez le conserver plusieurs jours au frais.<\/li><li>Le surplus de grains vous pouvez le distribuer autour de vous ou les faire s\u00e9cher.<br><br><strong>On peut faire des cures de 1 \u00e0 2 l par jour,\u00a0en boire \u00e0 jeun le matin.<\/strong><\/li><\/ul>\n\n\n\n<h3 class=\"wp-block-heading\">Quelques recommandations<\/h3>\n\n\n\n<p>Comme tout \u00eatre vivant le k\u00e9fir peut mourir.<br>L\u2019eau doit absolument \u00eatre une eau min\u00e9rale<br>Les fruits et plantes toujours bio et le sucre non raffin\u00e9.<br>Il ne faut jamais qu\u2019il y ait trop de grains de k\u00e9fir dans votre pr\u00e9paration sinon ils suffoquent !<br>Plusieurs signes peuvent montrer que votre k\u00e9fir est mal en point :<br>Si les grains sont visqueux, s\u2019il y a une odeur forte ou encore si les grains diminuent de volume.<\/p>\n\n\n<div class=\"wp-block-buttons is-layout-flex wp-block-buttons-is-layout-flex\">\n<div class=\"wp-block-button\"><a class=\"wp-block-button__link wp-element-button\" href=\"http:\/\/guimard.eu\/\">Accueil<\/a><\/div>\n<\/div>\n","protected":false},"excerpt":{"rendered":"<p>Les bienfaits du k\u00e9fir : Il r\u00e9tablit et entretient l\u2019\u00e9quilibre de la flore intestinale : il favorise la digestion, prot\u00e8ge<\/p>\n","protected":false},"author":1,"featured_media":0,"parent":376,"menu_order":0,"comment_status":"closed","ping_status":"closed","template":"","meta":{"colormag_page_container_layout":"default_layout","colormag_page_sidebar_layout":"default_layout","footnotes":""},"class_list":["post-396","page","type-page","status-publish","hentry"],"_links":{"self":[{"href":"https:\/\/guimard.eu\/index.php\/wp-json\/wp\/v2\/pages\/396","targetHints":{"allow":["GET"]}}],"collection":[{"href":"https:\/\/guimard.eu\/index.php\/wp-json\/wp\/v2\/pages"}],"about":[{"href":"https:\/\/guimard.eu\/index.php\/wp-json\/wp\/v2\/types\/page"}],"author":[{"embeddable":true,"href":"https:\/\/guimard.eu\/index.php\/wp-json\/wp\/v2\/users\/1"}],"replies":[{"embeddable":true,"href":"https:\/\/guimard.eu\/index.php\/wp-json\/wp\/v2\/comments?post=396"}],"version-history":[{"count":4,"href":"https:\/\/guimard.eu\/index.php\/wp-json\/wp\/v2\/pages\/396\/revisions"}],"predecessor-version":[{"id":1159,"href":"https:\/\/guimard.eu\/index.php\/wp-json\/wp\/v2\/pages\/396\/revisions\/1159"}],"up":[{"embeddable":true,"href":"https:\/\/guimard.eu\/index.php\/wp-json\/wp\/v2\/pages\/376"}],"wp:attachment":[{"href":"https:\/\/guimard.eu\/index.php\/wp-json\/wp\/v2\/media?parent=396"}],"curies":[{"name":"wp","href":"https:\/\/api.w.org\/{rel}","templated":true}]}}