{"id":452,"date":"2020-03-27T08:15:34","date_gmt":"2020-03-27T07:15:34","guid":{"rendered":"https:\/\/guimard.eu\/?page_id=452"},"modified":"2024-03-25T07:53:12","modified_gmt":"2024-03-25T06:53:12","slug":"fabriquer-sa-colle-a-bois","status":"publish","type":"page","link":"https:\/\/guimard.eu\/index.php\/bricolage\/fabriquer-sa-colle-a-bois\/","title":{"rendered":"Fabriquer sa colle \u00e0 bois"},"content":{"rendered":"\n<h3 class=\"wp-block-heading\">Outils<\/h3>\n\n\n\n<ul class=\"wp-block-list\"><li>Serre-joint<\/li><li>Bol ou petit r\u00e9cipient <\/li><\/ul>\n\n\n\n<h3 class=\"wp-block-heading\">Ingr\u00e9dients<\/h3>\n\n\n\n<ol class=\"wp-block-list\"><li>Farine<\/li><li>Lait<\/li><li>Vinaigre balsamique<\/li><\/ol>\n\n\n\n<h3 class=\"wp-block-heading\">Pr\u00e9paration<\/h3>\n\n\n\n<ul class=\"wp-block-list\"><li>M\u00e9langer \u00e0 dose \u00e9gale la farine et le lait.<\/li><li>Bien remuer pour emp\u00eacher la formation de grumeaux.<\/li><li>Ajouter quelques gouttes de vinaigre balsamique : son acidit\u00e9 va apporter le collant \u00e0 la colle.<\/li><li>M\u00e9langer \u00e0 nouveau.<\/li><\/ul>\n\n\n\n<h2 class=\"wp-block-heading\">Conseils<\/h2>\n\n\n\n<p>Faire un test avant d&rsquo;utiliser la colle sur votre projet final.<br>Appliquer la colle \u00e0 bois g\u00e9n\u00e9reusement.<br>Astuce pour utiliser la bonne quantit\u00e9 de colle et r\u00e9ussir ses assemblages bois : lors de l&rsquo;assemblage la colle doit couler.<br>L&rsquo;assemblage du bois doit toujours \u00eatre fait sous pression.<br>Penser alors \u00e0 toujours utiliser un serre-joint. <br>Attendre au moins une heure de s\u00e9chage.<\/p>\n\n\n<div class=\"wp-block-buttons is-layout-flex wp-block-buttons-is-layout-flex\">\n<div class=\"wp-block-button\"><a class=\"wp-block-button__link wp-element-button\" href=\"http:\/\/guimard.eu\/\">Accueil<\/a><\/div>\n<\/div>\n","protected":false},"excerpt":{"rendered":"<p>Outils Serre-joint Bol ou petit r\u00e9cipient Ingr\u00e9dients Farine Lait Vinaigre balsamique Pr\u00e9paration M\u00e9langer \u00e0 dose \u00e9gale la farine et le<\/p>\n","protected":false},"author":1,"featured_media":0,"parent":450,"menu_order":0,"comment_status":"closed","ping_status":"closed","template":"","meta":{"colormag_page_container_layout":"default_layout","colormag_page_sidebar_layout":"default_layout","footnotes":""},"class_list":["post-452","page","type-page","status-publish","hentry"],"_links":{"self":[{"href":"https:\/\/guimard.eu\/index.php\/wp-json\/wp\/v2\/pages\/452","targetHints":{"allow":["GET"]}}],"collection":[{"href":"https:\/\/guimard.eu\/index.php\/wp-json\/wp\/v2\/pages"}],"about":[{"href":"https:\/\/guimard.eu\/index.php\/wp-json\/wp\/v2\/types\/page"}],"author":[{"embeddable":true,"href":"https:\/\/guimard.eu\/index.php\/wp-json\/wp\/v2\/users\/1"}],"replies":[{"embeddable":true,"href":"https:\/\/guimard.eu\/index.php\/wp-json\/wp\/v2\/comments?post=452"}],"version-history":[{"count":3,"href":"https:\/\/guimard.eu\/index.php\/wp-json\/wp\/v2\/pages\/452\/revisions"}],"predecessor-version":[{"id":1169,"href":"https:\/\/guimard.eu\/index.php\/wp-json\/wp\/v2\/pages\/452\/revisions\/1169"}],"up":[{"embeddable":true,"href":"https:\/\/guimard.eu\/index.php\/wp-json\/wp\/v2\/pages\/450"}],"wp:attachment":[{"href":"https:\/\/guimard.eu\/index.php\/wp-json\/wp\/v2\/media?parent=452"}],"curies":[{"name":"wp","href":"https:\/\/api.w.org\/{rel}","templated":true}]}}