{"id":514,"date":"2020-05-27T12:07:48","date_gmt":"2020-05-27T10:07:48","guid":{"rendered":"https:\/\/guimard.eu\/?page_id=514"},"modified":"2022-03-12T16:21:33","modified_gmt":"2022-03-12T15:21:33","slug":"recettes-a-base-de-blancs-doeufs","status":"publish","type":"page","link":"https:\/\/guimard.eu\/index.php\/mes-recettes\/recettes-a-base-de-blancs-doeufs\/","title":{"rendered":"Recettes \u00e0 base de blancs d&rsquo;\u0153ufs"},"content":{"rendered":"\n\n\n<h2 class=\"wp-block-heading\" id=\"pour-8-gaufres\">Pour 8 gaufres<\/h2>\n\n\n\n<figure class=\"wp-block-image size-full\"><img loading=\"lazy\" decoding=\"async\" width=\"588\" height=\"546\" class=\"wp-image-844\" src=\"https:\/\/guimard.eu\/wp-content\/uploads\/2022\/02\/20220218_mini-gaufres-site.jpg\" alt=\"\" srcset=\"https:\/\/guimard.eu\/wp-content\/uploads\/2022\/02\/20220218_mini-gaufres-site.jpg 588w, https:\/\/guimard.eu\/wp-content\/uploads\/2022\/02\/20220218_mini-gaufres-site-300x279.jpg 300w\" sizes=\"auto, (max-width: 588px) 100vw, 588px\" \/>\n<figcaption>Mini-gaufres (Blanc d&rsquo;\u0153ufs)<\/figcaption><\/figure>\n\n\n\n<ul class=\"wp-block-list\">\n \t<li>220 g de lait entier<\/li>\n \t<li>206 g de farine<\/li>\n \t<li>180 g de beurre<\/li>\n \t<li>20 g de sucre<\/li>\n \t<li>4 blancs d&rsquo;\u0153ufs<\/li>\n \t<li>Vous pouvez ajouter du sucre glace pour la d\u00e9co<\/li>\n<\/ul>\n\n\n\n<h3 class=\"wp-block-heading\" id=\"preparation-1\">Pr\u00e9paration :<\/h3>\n\n\n\n<ol class=\"wp-block-list\">\n \t<li>Chauffer le lait avec le beurre dans une casserole jusqu&rsquo;\u00e0 la petite \u00e9bullition.<\/li>\n \t<li>Hors du feu, ajouter la farine en trois fois, en m\u00e9langeant au fouet pour \u00e9viter les grumeaux.<\/li>\n \t<li>Dess\u00e9cher la p\u00e2te comme pour une p\u00e2te \u00e0 choux.<\/li>\n \t<li>Monter les blancs en neige ferme avec le sucre.<\/li>\n \t<li>Ajouter les blancs mont\u00e9s d\u00e9licatement \u00e0 la p\u00e2te \u00e0 l&rsquo;aide d&rsquo;une spatule.<\/li>\n \t<li>Faire chauffer le gaufrier et verser de la p\u00e2te sur chaque empreinte.<\/li>\n \t<li>Laisser cuire quelques minutes jusqu&rsquo;\u00e0 ce que les gaufres soient dor\u00e9es.<\/li>\n<\/ol>\n\n\n\n\n&#8212;&#8212;&#8212;&#8212;&#8212;&#8212;&#8212;&#8212;&#8212;&#8212;&#8212;&#8212;&#8212;&#8212;&#8212;&#8212;&#8212;&#8212;&#8212;&#8212;&#8212;&#8212;&#8212;&#8212;&#8212;&#8212;&#8212;&#8212;&#8212;&#8212;&#8212;&#8212;&#8212;&#8212;&#8212;&#8212;&#8212;&#8212;&#8212;&#8212;&#8212;&#8212;&#8212;&#8212;&#8212;&#8212;&#8212;&#8212;&#8212;&#8212;&#8212;&#8212;&#8212;&#8212;&#8212;&#8212;&#8212;&#8212;&#8212;&#8212;-\n\n\n<h2 class=\"wp-block-heading\" id=\"financiers\"><mark class=\"has-inline-color\" style=\"background-color: rgba(0, 0, 0, 0); color: #2305a5;\">Financiers<\/mark><\/h2>\n\n\n\n<h3 class=\"wp-block-heading\" id=\"ingredients\">Ingr\u00e9dients :<\/h3>\n\n\n\n<ul class=\"wp-block-list\">\n \t<li>150 G de sucre<\/li>\n \t<li>80 G de poudre d&rsquo;amandes<\/li>\n \t<li>130 G de beurre<\/li>\n \t<li>50 G de farine<\/li>\n \t<li>3 Blanc d&rsquo;\u0153ufs<\/li>\n<\/ul>\n\n\n\n<h3 class=\"wp-block-heading\" id=\"preparation\">Pr\u00e9paration :<\/h3>\n\n\n\n<ul class=\"wp-block-list\">\n \t<li>Pr\u00e9chauffer le four 200\u00b0c (thermostat 6-7).<\/li>\n \t<li>Faire fondre le beurre et le laisser refroidir.<\/li>\n \t<li>M\u00e9langer le sucre, la farine et la poudre d&rsquo;amandes.<\/li>\n \t<li>Monter les blancs en neige.<\/li>\n \t<li>Incorporer les au m\u00e9lange sucre, farine, etc&#8230;<\/li>\n \t<li>Incorporer le beurre \u00e0 la pr\u00e9paration.<\/li>\n \t<li>Verser la p\u00e2te dans des moules sans trop les remplir.<\/li>\n \t<li>Faire cuire 15 \u00e0 20 minutes<\/li>\n \t<li>Les financiers sont cuits lorsqu\u2019ils ont une belle couleur dor\u00e9e et qu&rsquo;une lame ins\u00e9r\u00e9e en ressort s\u00e8che.<\/li>\n<\/ul>\n\n\n\n\n&#8212;&#8212;&#8212;&#8212;&#8212;&#8212;&#8212;&#8212;&#8212;&#8212;&#8212;&#8212;&#8212;&#8212;&#8212;&#8212;&#8212;&#8212;&#8212;&#8212;&#8212;&#8212;&#8212;&#8212;&#8212;&#8212;&#8212;&#8212;&#8212;&#8212;&#8212;&#8212;&#8212;&#8212;&#8212;&#8212;&#8212;&#8212;&#8212;&#8212;&#8212;&#8212;&#8212;&#8212;&#8212;&#8212;&#8212;&#8212;&#8212;&#8212;&#8212;&#8212;&#8212;&#8212;&#8212;&#8212;&#8212;&#8212;&#8212;&#8212;-\n\n\n\n\n<h2 class=\"wp-block-heading\" id=\"pate-d-amande\"><mark class=\"has-inline-color\" style=\"background-color: rgba(0, 0, 0, 0); color: #2305a5;\">P\u00e2te d&rsquo;amande<\/mark><\/h2>\n\n\n\n<h3 class=\"wp-block-heading\" id=\"ingredients\">Ingr\u00e9dients :<\/h3>\n\n\n\n<ul class=\"wp-block-list\">\n \t<li>125 G de poudre d&rsquo;amande<\/li>\n \t<li>125 G de sucre glace<\/li>\n \t<li>1 blancs d\u2019\u0153ufs<\/li>\n \t<li>4 gouttes d&rsquo;amande am\u00e8re<\/li>\n<\/ul>\n\n\n\n<h3 class=\"wp-block-heading\" id=\"preparation\">Pr\u00e9paration :<\/h3>\n\n\n\n<ul class=\"wp-block-list\">\n \t<li>M\u00e9langer la poudre d&rsquo;amande et le sucre glace.<\/li>\n \t<li>Ajouter l&rsquo;amande am\u00e8re.<\/li>\n \t<li>Battre le blanc d\u2019\u0153uf \u00e0 la main jusqu&rsquo;\u00e0 ce qu&rsquo;il devienne mousseux.<\/li>\n \t<li>Ajouter au m\u00e9lange le blanc petit \u00e0 petit.<\/li>\n \t<li>M\u00e9langer jusqu&rsquo;\u00e0 obtenir une boule compacte.<\/li>\n \t<li>Option : Pour la colorer, ajouter des colorants alimentaires, quelques gouttes suffisent pour avoir une belle couleur.<\/li>\n<\/ul>\n\n\n\n\n&#8212;&#8212;&#8212;&#8212;&#8212;&#8212;&#8212;&#8212;&#8212;&#8212;&#8212;&#8212;&#8212;&#8212;&#8212;&#8212;&#8212;&#8212;&#8212;&#8212;&#8212;&#8212;&#8212;&#8212;&#8212;&#8212;&#8212;&#8212;&#8212;&#8212;&#8212;&#8212;&#8212;&#8212;&#8212;&#8212;&#8212;&#8212;&#8212;&#8212;&#8212;&#8212;&#8212;&#8212;&#8212;&#8212;&#8212;&#8212;&#8212;&#8212;&#8212;&#8212;&#8212;&#8212;&#8212;&#8212;&#8212;&#8212;&#8212;&#8212;-\n\n\n\n\n<h2 class=\"wp-block-heading\" id=\"rochers-coco\"><mark class=\"has-inline-color\" style=\"background-color: rgba(0, 0, 0, 0); color: #2305a5;\">Rochers coco<\/mark><\/h2>\n\n\n\n<h3 class=\"wp-block-heading\" id=\"ingredients\">Ingr\u00e9dients :<\/h3>\n\n\n\n<ul class=\"wp-block-list\">\n \t<li>125 g de noix de coco r\u00e2p\u00e9e<\/li>\n \t<li>120 g de sucre<\/li>\n \t<li>3 blancs d\u2019\u0153ufs<\/li>\n<\/ul>\n\n\n\n<h3 class=\"wp-block-heading\" id=\"preparation\">Pr\u00e9paration :<\/h3>\n\n\n\n<ul class=\"wp-block-list\">\n \t<li>Pr\u00e9chauffer le four \u00e0 200\u00b0C.<\/li>\n \t<li>Dans un saladier : m\u00e9langer la noix de coco, le sucre en poudre et les blancs d\u2019\u0153ufs.<\/li>\n \t<li>Recouvrir la plaque du four de papier sulfuris\u00e9.<\/li>\n \t<li>A l&rsquo;aide d&rsquo;une cuill\u00e8re \u00e0 caf\u00e9, faire des petits tas en forme de boule et les d\u00e9poser sur la plaque.<\/li>\n \t<li>Enfourner 10 \u00e0 15 minutes jusqu&rsquo;\u00e0 ce que les rochers colorent l\u00e9g\u00e8rement.<\/li>\n<\/ul>\n\n\n\n\n&#8212;&#8212;&#8212;&#8212;&#8212;&#8212;&#8212;&#8212;&#8212;&#8212;&#8212;&#8212;&#8212;&#8212;&#8212;&#8212;&#8212;&#8212;&#8212;&#8212;&#8212;&#8212;&#8212;&#8212;&#8212;&#8212;&#8212;&#8212;&#8212;&#8212;&#8212;&#8212;&#8212;&#8212;&#8212;&#8212;&#8212;&#8212;&#8212;&#8212;&#8212;&#8212;&#8212;&#8212;&#8212;&#8212;&#8212;&#8212;&#8212;&#8212;&#8212;&#8212;&#8212;&#8212;&#8212;&#8212;&#8212;&#8212;&#8212;&#8212;-\n\n\n\n\n<h2 class=\"wp-block-heading\" id=\"meringues\"><mark class=\"has-inline-color\" style=\"background-color: rgba(0, 0, 0, 0); color: #2305a5;\">Meringues<\/mark><\/h2>\n\n\n\n<h3 class=\"wp-block-heading\" id=\"ingredients\">Ingr\u00e9dients :<\/h3>\n\n\n\n<ul class=\"wp-block-list\">\n \t<li>160 G de sucre semoule<\/li>\n \t<li>2 blancs d\u2019\u0153ufs<\/li>\n<\/ul>\n\n\n\n<h3 class=\"wp-block-heading\" id=\"preparation\">Pr\u00e9paration :<\/h3>\n\n\n\n<ul class=\"wp-block-list\">\n \t<li>Pr\u00e9chauffer le four \u00e0 90\u00b0C.<\/li>\n \t<li>Fouetter les blancs d\u2019\u0153ufs sans sel jusqu&rsquo;\u00e0 ce qu&rsquo;ils soient bien fermes.<\/li>\n \t<li>Ajouter 80 g de sucre sans cesser de fouetter jusqu&rsquo;\u00e0 ce qu&rsquo;ils soient tr\u00e8s lisses et d&rsquo;un blanc \u00e9clatant.<\/li>\n \t<li>Incorporer les 80 g de sucre restant en soulevant les blancs avec une spatule.<\/li>\n \t<li>Verser dans une poche \u00e0 douille cannel\u00e9e et d\u00e9poser sur la plaque du four recouverte d&rsquo;une feuille de papier sulfuris\u00e9e (si on n&rsquo;a pas de poche \u00e0 douille, une cuill\u00e8re suffit bien s\u00fbr).<\/li>\n \t<li>Faire cuire les meringues 2 heures \u00e0 90\u00b0C<\/li>\n<\/ul>\n\n\n\n\n&#8212;&#8212;&#8212;&#8212;&#8212;&#8212;&#8212;&#8212;&#8212;&#8212;&#8212;&#8212;&#8212;&#8212;&#8212;&#8212;&#8212;&#8212;&#8212;&#8212;&#8212;&#8212;&#8212;&#8212;&#8212;&#8212;&#8212;&#8212;&#8212;&#8212;&#8212;&#8212;&#8212;&#8212;&#8212;&#8212;&#8212;&#8212;&#8212;&#8212;&#8212;&#8212;&#8212;&#8212;&#8212;&#8212;&#8212;&#8212;&#8212;&#8212;&#8212;&#8212;&#8212;&#8212;&#8212;&#8212;&#8212;&#8212;&#8212;&#8212;-\n\n\n\n\n<h2 class=\"wp-block-heading\" id=\"gateau-au-blanc-d-oeuf\"><mark class=\"has-inline-color\" style=\"background-color: rgba(0, 0, 0, 0); color: #2305a5;\">G\u00e2teau au blanc d\u2019\u0153uf<\/mark><\/h2>\n\n\n\n<h3 class=\"wp-block-heading\" id=\"ingredients\">Ingr\u00e9dients :<\/h3>\n\n\n\n<ul class=\"wp-block-list\">\n \t<li>190 G de sucre<\/li>\n \t<li>125 G de farine<\/li>\n \t<li>65 G de beurre<\/li>\n \t<li>1 sachet de sucre vanill\u00e9<\/li>\n \t<li>1\/2 sachet de levure chimique<\/li>\n \t<li>1 cuill\u00e8re \u00e0 caf\u00e9 d&rsquo;extrait de vanille<\/li>\n \t<li>4 blancs d\u2019\u0153uf<\/li>\n<\/ul>\n\n\n\n<h3 class=\"wp-block-heading\" id=\"preparation\">Pr\u00e9paration :<\/h3>\n\n\n\n<ul class=\"wp-block-list\">\n \t<li>Pr\u00e9chauffer le four \u00e0 160\u00b0C (thermostat 5\/6).<\/li>\n \t<li>M\u00e9langer le beurre fondu avec les sucres, la farine et la levure.<\/li>\n \t<li>Ajouter une cuill\u00e8re \u00e0 caf\u00e9 d&rsquo;extrait de vanille.<\/li>\n \t<li>Monter les blancs en neige et les incorporer \u00e0 la pr\u00e9paration.<\/li>\n \t<li>Mettre au four environ 30 min.<\/li>\n<\/ul>\n\n\n\n\n&#8212;&#8212;&#8212;&#8212;&#8212;&#8212;&#8212;&#8212;&#8212;&#8212;&#8212;&#8212;&#8212;&#8212;&#8212;&#8212;&#8212;&#8212;&#8212;&#8212;&#8212;&#8212;&#8212;&#8212;&#8212;&#8212;&#8212;&#8212;&#8212;&#8212;&#8212;&#8212;&#8212;&#8212;&#8212;&#8212;&#8212;&#8212;&#8212;&#8212;&#8212;&#8212;&#8212;&#8212;&#8212;&#8212;&#8212;&#8212;&#8212;&#8212;&#8212;&#8212;&#8212;&#8212;&#8212;&#8212;&#8212;&#8212;&#8212;&#8212;-\n\n\n\n\n<h2 class=\"wp-block-heading\" id=\"blanc-d-oeuf-au-thon\"><mark class=\"has-inline-color\" style=\"background-color: rgba(0, 0, 0, 0); color: #2305a5;\">Blanc d\u2019\u0153uf au thon<\/mark><\/h2>\n\n\n\n<h3 class=\"wp-block-heading\" id=\"ingredients\">Ingr\u00e9dients :<\/h3>\n\n\n\n<ul class=\"wp-block-list\">\n \t<li>1 bo\u00eete de thon 133 g<\/li>\n \t<li>1 pinc\u00e9e de sel<\/li>\n \t<li>4 blancs d\u2019\u0153uf<\/li>\n<\/ul>\n\n\n\n<h3 class=\"wp-block-heading\" id=\"preparation\">Pr\u00e9paration :<\/h3>\n\n\n\n<ul class=\"wp-block-list\">\n \t<li>M\u00e9langer les blancs avec le thon et le sel dans un saladier<\/li>\n \t<li>Faire cuire dans une po\u00eale (un peu comme une omelette)<\/li>\n<\/ul>\n\n\n\n\n&#8212;&#8212;&#8212;&#8212;&#8212;&#8212;&#8212;&#8212;&#8212;&#8212;&#8212;&#8212;&#8212;&#8212;&#8212;&#8212;&#8212;&#8212;&#8212;&#8212;&#8212;&#8212;&#8212;&#8212;&#8212;&#8212;&#8212;&#8212;&#8212;&#8212;&#8212;&#8212;&#8212;&#8212;&#8212;&#8212;&#8212;&#8212;&#8212;&#8212;&#8212;&#8212;&#8212;&#8212;&#8212;&#8212;&#8212;&#8212;&#8212;&#8212;&#8212;&#8212;&#8212;&#8212;&#8212;&#8212;&#8212;&#8212;&#8212;&#8212;-\n\n\n\n\n<h2 class=\"wp-block-heading\" id=\"guimauves-aromatisees\"><mark class=\"has-inline-color\" style=\"background-color: rgba(0, 0, 0, 0); color: #2305a5;\">Guimauves aromatis\u00e9es<\/mark><\/h2>\n\n\n\n<h3 class=\"wp-block-heading\" id=\"ingredients\">Ingr\u00e9dients :<\/h3>\n\n\n\n<ul class=\"wp-block-list\">\n \t<li>Guimauves maison au sirop d&rsquo;\u00e9rable<\/li>\n \t<li>1 flacon de 320 g de sirop d&rsquo;\u00e9rable<\/li>\n \t<li>1 filet de jus de citron<\/li>\n \t<li>11 grammes de g\u00e9latine pour une guimauve l\u00e9g\u00e8re ou 16 pour une guimauve plus serr\u00e9e genre schamallow<\/li>\n \t<li>10 g de f\u00e9cule ou d&rsquo;amidon de ma\u00efs<\/li>\n \t<li>10 g de sucre glace m\u00e9lang\u00e9s pour enrobage.<\/li>\n \t<li>3 blancs d\u2019\u0153ufs<\/li>\n<\/ul>\n\n\n\n<h3 class=\"wp-block-heading\" id=\"preparation\">Pr\u00e9paration :<\/h3>\n\n\n\n<ul class=\"wp-block-list\">\n \t<li>Chauffer le sirop d&rsquo;\u00e9rable \u00e0 \u00e9bullition.<\/li>\n \t<li>Faire ramollir la g\u00e9latine dans l&rsquo;eau froide et \u00e9goutter.<\/li>\n \t<li>Commencer \u00e0 fouetter les blancs d\u2019\u0153ufs \u00e0 vitesse moyenne avec quelques gouttes de jus de citron.<\/li>\n \t<li>Lorsque le sirop est \u00e0 \u00e9bullition ajouter la g\u00e9latine ramollie et m\u00e9langer hors du feu.<\/li>\n \t<li>Verser aussit\u00f4t le sirop d&rsquo;\u00e9rable sur les blancs qui commencent \u00e0 monter et augmenter la vitesse.<\/li>\n \t<li>Fouetter jusqu&rsquo;\u00e0 ti\u00e9dissement de la masse.<\/li>\n \t<li>Stopper \u00e0 la formation du \u00ab\u00a0bec\u00a0\u00bb comme pour une meringue italienne. On voit bien le d\u00e9veloppement des blancs.<\/li>\n \t<li>Verser dans un plat avec papier sulfuris\u00e9 dans le fond si vous n&rsquo;avez pas de cadre.<\/li>\n \t<li>Lisser la surface et laisser s\u00e9cher \u00e0 temp\u00e9rature ambiante entre 12 et 24 heures.<\/li>\n \t<li>Passer une lame de couteau sur les bords du plat et d\u00e9mouler sur plaque saupoudr\u00e9e du m\u00e9lange f\u00e9cule + sucre glace. \u00d4ter le papier sulfuris\u00e9 et saupoudrer aussi de sucre et f\u00e9cule.<\/li>\n \t<li>D\u00e9couper des bandes de guimauves et d\u00e9tailler en cubes.<\/li>\n \t<li>Laisser \u00e0 l&rsquo;air libre et d\u00e9guster \u00e0 loisir.<\/li>\n<\/ul>\n\n\n\n\n&#8212;&#8212;&#8212;&#8212;&#8212;&#8212;&#8212;&#8212;&#8212;&#8212;&#8212;&#8212;&#8212;&#8212;&#8212;&#8212;&#8212;&#8212;&#8212;&#8212;&#8212;&#8212;&#8212;&#8212;&#8212;&#8212;&#8212;&#8212;&#8212;&#8212;&#8212;&#8212;&#8212;&#8212;&#8212;&#8212;&#8212;&#8212;&#8212;&#8212;&#8212;&#8212;&#8212;&#8212;&#8212;&#8212;&#8212;&#8212;&#8212;&#8212;&#8212;&#8212;&#8212;&#8212;&#8212;&#8212;&#8212;&#8212;&#8212;&#8212;-\n\n\n\n\n<h2 class=\"wp-block-heading\" id=\"batons-de-marechal\"><mark class=\"has-inline-color\" style=\"background-color: rgba(0, 0, 0, 0); color: #2305a5;\">B\u00e2tons de mar\u00e9chal<\/mark><\/h2>\n\n\n\n<h3 class=\"wp-block-heading\" id=\"ingredients\">Ingr\u00e9dients :<\/h3>\n\n\n\n<ul class=\"wp-block-list\">\n \t<li>100 g de poudre d&rsquo;amande<\/li>\n \t<li>100 g de poudre de noisette<\/li>\n \t<li>200 g de sucre<\/li>\n \t<li>Quelques gouttes d&rsquo;extrait d&rsquo;amande am\u00e8re<\/li>\n \t<li>50 g de chocolat fondu au bain marie.<\/li>\n \t<li>2 blancs d\u2019\u0153ufs<\/li>\n<\/ul>\n\n\n\n<h3 class=\"wp-block-heading\" id=\"preparation\">Pr\u00e9paration :<\/h3>\n\n\n\n<ul class=\"wp-block-list\">\n \t<li>Pr\u00e9chauffer votre four \u00e0 175\u00b0<\/li>\n \t<li>Assembler dans un cul-de-poule le sucre les blancs d\u2019\u0153ufs et les poudres d&rsquo;amandes et de noisettes.<\/li>\n \t<li>M\u00e9langer l&rsquo;ensemble \u00e0 la spatule. On obtient une masse compacte. Si l&rsquo;ensemble est trop sec, on incorpore un des deux jaunes d\u2019\u0153ufs.<\/li>\n \t<li>Placer l&rsquo;appareil dans une poche \u00e0 douille. Sur une plaque \u00e0 p\u00e2tisserie recouverte d&rsquo;un papier sulfuris\u00e9 ou d&rsquo;une feuille silicone, coucher l&rsquo;appareil en formant des b\u00e2tons.<\/li>\n \t<li>Placer au four 10 \u00e0 15 minutes \u00e0 175\u00b0C.\nRetourner en cours de cuisson puis tremper chaque extr\u00e9mit\u00e9 dans le chocolat fondu (voir photo haut de page).<\/li>\n<\/ul>\n\n\n\n\n&#8212;&#8212;&#8212;&#8212;&#8212;&#8212;&#8212;&#8212;&#8212;&#8212;&#8212;&#8212;&#8212;&#8212;&#8212;&#8212;&#8212;&#8212;&#8212;&#8212;&#8212;&#8212;&#8212;&#8212;&#8212;&#8212;&#8212;&#8212;&#8212;&#8212;&#8212;&#8212;&#8212;&#8212;&#8212;&#8212;&#8212;&#8212;&#8212;&#8212;&#8212;&#8212;&#8212;&#8212;&#8212;&#8212;&#8212;&#8212;&#8212;&#8212;&#8212;&#8212;&#8212;&#8212;&#8212;&#8212;&#8212;&#8212;&#8212;&#8212;-\n\n\n\n\n<h2 class=\"wp-block-heading\" id=\"macarons-de-nancy\"><mark class=\"has-inline-color\" style=\"background-color: rgba(0, 0, 0, 0); color: #2305a5;\">Macarons de Nancy<\/mark><\/h2>\n\n\n\n<h3 class=\"wp-block-heading\" id=\"ingredients\">Ingr\u00e9dients :<\/h3>\n\n\n\n\nPour 25 macarons environ:\n\n\n\n\n<ul class=\"wp-block-list\">\n \t<li>150 gr d\u2019amandes en poudre<\/li>\n \t<li>250 gr de sucre glace<\/li>\n \t<li>1 c\u00e0c d\u2019extrait de vanille<\/li>\n \t<li>2 c\u00e0c d\u2019extrait d\u2019amande am\u00e8re<\/li>\n \t<li>2 blancs d\u2019\u0153uf selon la taille<\/li>\n<\/ul>\n\n\n\n<h3 class=\"wp-block-heading\" id=\"preparation\">Pr\u00e9paration :<\/h3>\n\n\n\n<ul class=\"wp-block-list\">\n \t<li>Pr\u00e9chauffer votre four \u00e0 160\u00b0.<\/li>\n \t<li>Tamiser le sucre glace<\/li>\n \t<li>Ajouter la poudre d&rsquo;amandes<\/li>\n \t<li>Ajouter les extraits de vanille<\/li>\n \t<li>Ajouter les blancs d\u2019\u0153ufs tr\u00e8s progressivement jusqu\u2019\u00e0 obtenir une texture molle mais pas coulante<\/li>\n \t<li>Placer dans une poche \u00e0 douille lisse de 1,5 cm<\/li>\n \t<li>Dresser des disques de 2 \u00e0 3 cm sur une plaque recouverte de papier cuisson<\/li>\n \t<li>Espacer bien les macarons quand vous les dresser car ils ne doivent pas se toucher \u00e0 la cuisson<\/li>\n \t<li>Laisser-les cro\u00fbter durant 45 minutes \u00e0 1h \u00e0 temp\u00e9rature ambiante. Ils doivent former une petite cro\u00fbte en surface<\/li>\n \t<li>Les humidifier \u00e0 l\u2019aide d\u2019un pinceau afin qu\u2019ils craqu\u00e8lent bien \u00e0 la cuisson<\/li>\n \t<li>Enfourner 10 \u00e0 15mn \u00e0 160\u00b0.<\/li>\n \t<li>Laisser bien refroidir les macarons avant de les ramasser.<\/li>\n<\/ul>\n","protected":false},"excerpt":{"rendered":"<p>Pour 8 gaufres Mini-gaufres (Blanc d&rsquo;\u0153ufs) 220 g de lait entier 206 g de farine 180 g de beurre 20<\/p>\n","protected":false},"author":1,"featured_media":0,"parent":376,"menu_order":0,"comment_status":"closed","ping_status":"closed","template":"","meta":{"colormag_page_container_layout":"default_layout","colormag_page_sidebar_layout":"default_layout","footnotes":""},"class_list":["post-514","page","type-page","status-publish","hentry"],"_links":{"self":[{"href":"https:\/\/guimard.eu\/index.php\/wp-json\/wp\/v2\/pages\/514","targetHints":{"allow":["GET"]}}],"collection":[{"href":"https:\/\/guimard.eu\/index.php\/wp-json\/wp\/v2\/pages"}],"about":[{"href":"https:\/\/guimard.eu\/index.php\/wp-json\/wp\/v2\/types\/page"}],"author":[{"embeddable":true,"href":"https:\/\/guimard.eu\/index.php\/wp-json\/wp\/v2\/users\/1"}],"replies":[{"embeddable":true,"href":"https:\/\/guimard.eu\/index.php\/wp-json\/wp\/v2\/comments?post=514"}],"version-history":[{"count":9,"href":"https:\/\/guimard.eu\/index.php\/wp-json\/wp\/v2\/pages\/514\/revisions"}],"predecessor-version":[{"id":947,"href":"https:\/\/guimard.eu\/index.php\/wp-json\/wp\/v2\/pages\/514\/revisions\/947"}],"up":[{"embeddable":true,"href":"https:\/\/guimard.eu\/index.php\/wp-json\/wp\/v2\/pages\/376"}],"wp:attachment":[{"href":"https:\/\/guimard.eu\/index.php\/wp-json\/wp\/v2\/media?parent=514"}],"curies":[{"name":"wp","href":"https:\/\/api.w.org\/{rel}","templated":true}]}}