{"id":524,"date":"2020-06-08T10:25:03","date_gmt":"2020-06-08T08:25:03","guid":{"rendered":"https:\/\/guimard.eu\/?page_id=524"},"modified":"2024-03-25T07:47:45","modified_gmt":"2024-03-25T06:47:45","slug":"pain-et-pate","status":"publish","type":"page","link":"https:\/\/guimard.eu\/index.php\/mes-recettes\/pain-et-pate\/","title":{"rendered":"Pain, brioche et p\u00e2te"},"content":{"rendered":"\n<h3 class=\"wp-block-heading\" id=\"recette-de-pain-maison\"><a href=\"https:\/\/guimard.eu\/index.php\/mes-recettes\/pain-et-pate\/recette-de-pain-maison\/\">Recette de Pain maison<\/a><\/h3>\n\n\n\n<h3 class=\"wp-block-heading\" id=\"pain-au-beurre-martiniquais-moelleux\"><a href=\"https:\/\/guimard.eu\/index.php\/mes-recettes\/pain-et-pate\/pain-au-beurre-martiniquais-moelleux\/\">Pain au beurre martiniquais moelleux<\/a><\/h3>\n\n\n\n<h3 class=\"wp-block-heading\" id=\"pain-aux-cereales\"><a href=\"https:\/\/guimard.eu\/index.php\/mes-recettes\/pain-et-pate\/pain-aux-cereales\/\">Pain aux c\u00e9r\u00e9ales<\/a><\/h3>\n\n\n\n<h3 class=\"wp-block-heading\" id=\"brioche-du-boulanger\"><a href=\"https:\/\/guimard.eu\/index.php\/mes-recettes\/pain-et-pate\/brioche-du-boulanger\/\">Brioche du boulanger<\/a><\/h3>\n\n\n\n<h3 class=\"wp-block-heading\" id=\"pate-brisee\"><a href=\"https:\/\/guimard.eu\/index.php\/mes-recettes\/pain-et-pate\/pate-brisee\/\">P\u00e2te bris\u00e9e<\/a><\/h3>\n\n\n\n<h3 class=\"wp-block-heading\" id=\"pate-a-pizza\"><a href=\"https:\/\/guimard.eu\/index.php\/pate-a-pizza\/\">P\u00e2te \u00e0 pizza<\/a><\/h3>\n\n\n\n<h3 class=\"wp-block-heading\" id=\"pate-sablee\"><a href=\"https:\/\/guimard.eu\/index.php\/pate-sablee\/\" data-type=\"URL\" data-id=\"https:\/\/guimard.eu\/index.php\/pate-sablee\/\" target=\"_blank\" rel=\"noreferrer noopener\">P\u00e2te sabl\u00e9e<\/a><\/h3>\n\n\n<div class=\"wp-block-buttons is-layout-flex wp-block-buttons-is-layout-flex\">\n<div class=\"wp-block-button\"><a class=\"wp-block-button__link wp-element-button\" href=\"http:\/\/guimard.eu\/\">Accueil<\/a><\/div>\n<\/div>\n","protected":false},"excerpt":{"rendered":"<p>Recette de Pain maison Pain au beurre martiniquais moelleux Pain aux c\u00e9r\u00e9ales Brioche du boulanger P\u00e2te bris\u00e9e P\u00e2te \u00e0 pizza<\/p>\n","protected":false},"author":1,"featured_media":0,"parent":376,"menu_order":0,"comment_status":"closed","ping_status":"closed","template":"","meta":{"colormag_page_container_layout":"default_layout","colormag_page_sidebar_layout":"default_layout","footnotes":""},"class_list":["post-524","page","type-page","status-publish","hentry"],"_links":{"self":[{"href":"https:\/\/guimard.eu\/index.php\/wp-json\/wp\/v2\/pages\/524","targetHints":{"allow":["GET"]}}],"collection":[{"href":"https:\/\/guimard.eu\/index.php\/wp-json\/wp\/v2\/pages"}],"about":[{"href":"https:\/\/guimard.eu\/index.php\/wp-json\/wp\/v2\/types\/page"}],"author":[{"embeddable":true,"href":"https:\/\/guimard.eu\/index.php\/wp-json\/wp\/v2\/users\/1"}],"replies":[{"embeddable":true,"href":"https:\/\/guimard.eu\/index.php\/wp-json\/wp\/v2\/comments?post=524"}],"version-history":[{"count":10,"href":"https:\/\/guimard.eu\/index.php\/wp-json\/wp\/v2\/pages\/524\/revisions"}],"predecessor-version":[{"id":1160,"href":"https:\/\/guimard.eu\/index.php\/wp-json\/wp\/v2\/pages\/524\/revisions\/1160"}],"up":[{"embeddable":true,"href":"https:\/\/guimard.eu\/index.php\/wp-json\/wp\/v2\/pages\/376"}],"wp:attachment":[{"href":"https:\/\/guimard.eu\/index.php\/wp-json\/wp\/v2\/media?parent=524"}],"curies":[{"name":"wp","href":"https:\/\/api.w.org\/{rel}","templated":true}]}}