{"id":592,"date":"2020-11-04T11:06:21","date_gmt":"2020-11-04T10:06:21","guid":{"rendered":"https:\/\/guimard.eu\/?page_id=592"},"modified":"2024-03-25T07:57:43","modified_gmt":"2024-03-25T06:57:43","slug":"yaourt-au-chocolat-a-la-yaourtiere","status":"publish","type":"page","link":"https:\/\/guimard.eu\/index.php\/yaourt-au-chocolat-a-la-yaourtiere\/","title":{"rendered":"Yaourt au chocolat (\u00e0 la yaourti\u00e8re)"},"content":{"rendered":"\n<h3 class=\"wp-block-heading\">Ingr\u00e9dients<\/h3>\n\n\n\n<p><br>1 litre de lait entier<br>200 g de chocolat noir<br>4 cuill\u00e8res \u00e0 caf\u00e9 de sucre<br>1 yaourt nature<\/p>\n\n\n\n<h3 class=\"wp-block-heading\">Pr\u00e9paration<\/h3>\n\n\n\n<ol class=\"wp-block-list\"><li>Dans une casserole, mettez le lait et le sucre sur le feu jusqu&rsquo;\u00e0 \u00e9bullition en remuant de temps en temps.<\/li><li>Dans un saladier, faites fondre le chocolat en versant le lait bouilli dessus.<\/li><li>M\u00e9langer \u00e0 l&rsquo;aide d&rsquo;un fouet jusqu&rsquo;\u00e0 ce que la pr\u00e9paration soit bien homog\u00e8ne.<\/li><li>Laisser refroidir.<\/li><li>Dans un grand r\u00e9cipient, fouettez le yaourt nature et verser la pr\u00e9paration.<\/li><li>M\u00e9langer bien le tout.<\/li><li>Transvasez la pr\u00e9paration dans les pots et les mettre en yaourti\u00e8re pour une dur\u00e9e de 10h.<\/li><li>Fermez les pots et les placer au frais pendant plusieurs heures avant de les d\u00e9guster.<\/li><\/ol>\n\n\n<div class=\"wp-block-buttons is-layout-flex wp-block-buttons-is-layout-flex\">\n<div class=\"wp-block-button\"><a class=\"wp-block-button__link wp-element-button\" href=\"http:\/\/guimard.eu\/\">Accueil<\/a><\/div>\n<\/div>\n","protected":false},"excerpt":{"rendered":"<p>Ingr\u00e9dients 1 litre de lait entier200 g de chocolat noir4 cuill\u00e8res \u00e0 caf\u00e9 de sucre1 yaourt nature Pr\u00e9paration Dans une<\/p>\n","protected":false},"author":1,"featured_media":0,"parent":0,"menu_order":0,"comment_status":"closed","ping_status":"closed","template":"","meta":{"colormag_page_container_layout":"default_layout","colormag_page_sidebar_layout":"default_layout","footnotes":""},"class_list":["post-592","page","type-page","status-publish","hentry"],"_links":{"self":[{"href":"https:\/\/guimard.eu\/index.php\/wp-json\/wp\/v2\/pages\/592","targetHints":{"allow":["GET"]}}],"collection":[{"href":"https:\/\/guimard.eu\/index.php\/wp-json\/wp\/v2\/pages"}],"about":[{"href":"https:\/\/guimard.eu\/index.php\/wp-json\/wp\/v2\/types\/page"}],"author":[{"embeddable":true,"href":"https:\/\/guimard.eu\/index.php\/wp-json\/wp\/v2\/users\/1"}],"replies":[{"embeddable":true,"href":"https:\/\/guimard.eu\/index.php\/wp-json\/wp\/v2\/comments?post=592"}],"version-history":[{"count":2,"href":"https:\/\/guimard.eu\/index.php\/wp-json\/wp\/v2\/pages\/592\/revisions"}],"predecessor-version":[{"id":1183,"href":"https:\/\/guimard.eu\/index.php\/wp-json\/wp\/v2\/pages\/592\/revisions\/1183"}],"wp:attachment":[{"href":"https:\/\/guimard.eu\/index.php\/wp-json\/wp\/v2\/media?parent=592"}],"curies":[{"name":"wp","href":"https:\/\/api.w.org\/{rel}","templated":true}]}}