{"id":745,"date":"2022-02-16T10:02:52","date_gmt":"2022-02-16T09:02:52","guid":{"rendered":"https:\/\/guimard.eu\/?page_id=745"},"modified":"2024-03-25T07:48:05","modified_gmt":"2024-03-25T06:48:05","slug":"quantite-et-ingredient","status":"publish","type":"page","link":"https:\/\/guimard.eu\/index.php\/mes-recettes\/quantite-et-ingredient\/","title":{"rendered":"Quantit\u00e9 et ingr\u00e9dient"},"content":{"rendered":"\n<h3 class=\"wp-block-heading\" id=\"pate-feuilletee-6-tours\"><a rel=\"noreferrer noopener\" href=\"https:\/\/guimard.eu\/index.php\/pate-feuilletee-6-tours\/\" data-type=\"URL\" data-id=\"https:\/\/guimard.eu\/index.php\/pate-feuilletee-6-tours\/\" target=\"_blank\">P\u00e2te feuillet\u00e9e, 6 tours<\/a><\/h3>\n\n\n\n<h3 class=\"wp-block-heading\" id=\"pate-feuilletee-rapide\"><a href=\"https:\/\/guimard.eu\/index.php\/quantite-et-ingredient\/pate-feuilletee-rapide\/\" data-type=\"URL\" data-id=\"https:\/\/guimard.eu\/index.php\/quantite-et-ingredient\/pate-feuilletee-rapide\/\" target=\"_blank\" rel=\"noreferrer noopener\">P\u00e2te feuillet\u00e9e rapide<\/a><\/h3>\n\n\n\n<h3 class=\"wp-block-heading\" id=\"pour-mini-tartelettes\"><a href=\"https:\/\/guimard.eu\/index.php\/quantite-et-ingredient\/pour-mini-tartelette\/\" data-type=\"URL\" data-id=\"https:\/\/guimard.eu\/index.php\/quantite-et-ingredient\/pour-mini-tartelette\/\">Pour mini tartelettes<\/a><\/h3>\n\n\n\n<h3 class=\"wp-block-heading\" id=\"base-pour-quiche\"><a rel=\"noreferrer noopener\" href=\"https:\/\/guimard.eu\/index.php\/quantite-et-ingredient\/quiche\/\" data-type=\"URL\" data-id=\"https:\/\/guimard.eu\/index.php\/quantite-et-ingredient\/quiche\/\" target=\"_blank\">Base pour quiche<\/a><\/h3>\n\n\n\n<div class=\"wp-block-buttons is-layout-flex wp-block-buttons-is-layout-flex\">\n<div class=\"wp-block-button\"><a class=\"wp-block-button__link wp-element-button\" href=\"http:\/\/guimard.eu\/\">Accueil<\/a><\/div>\n<\/div>\n","protected":false},"excerpt":{"rendered":"<p>P\u00e2te feuillet\u00e9e, 6 tours P\u00e2te feuillet\u00e9e rapide Pour mini tartelettes Base pour quiche<\/p>\n","protected":false},"author":1,"featured_media":0,"parent":376,"menu_order":0,"comment_status":"closed","ping_status":"closed","template":"","meta":{"colormag_page_container_layout":"default_layout","colormag_page_sidebar_layout":"default_layout","footnotes":""},"class_list":["post-745","page","type-page","status-publish","hentry"],"_links":{"self":[{"href":"https:\/\/guimard.eu\/index.php\/wp-json\/wp\/v2\/pages\/745","targetHints":{"allow":["GET"]}}],"collection":[{"href":"https:\/\/guimard.eu\/index.php\/wp-json\/wp\/v2\/pages"}],"about":[{"href":"https:\/\/guimard.eu\/index.php\/wp-json\/wp\/v2\/types\/page"}],"author":[{"embeddable":true,"href":"https:\/\/guimard.eu\/index.php\/wp-json\/wp\/v2\/users\/1"}],"replies":[{"embeddable":true,"href":"https:\/\/guimard.eu\/index.php\/wp-json\/wp\/v2\/comments?post=745"}],"version-history":[{"count":8,"href":"https:\/\/guimard.eu\/index.php\/wp-json\/wp\/v2\/pages\/745\/revisions"}],"predecessor-version":[{"id":1162,"href":"https:\/\/guimard.eu\/index.php\/wp-json\/wp\/v2\/pages\/745\/revisions\/1162"}],"up":[{"embeddable":true,"href":"https:\/\/guimard.eu\/index.php\/wp-json\/wp\/v2\/pages\/376"}],"wp:attachment":[{"href":"https:\/\/guimard.eu\/index.php\/wp-json\/wp\/v2\/media?parent=745"}],"curies":[{"name":"wp","href":"https:\/\/api.w.org\/{rel}","templated":true}]}}