{"id":754,"date":"2022-02-16T10:17:24","date_gmt":"2022-02-16T09:17:24","guid":{"rendered":"https:\/\/guimard.eu\/?page_id=754"},"modified":"2024-03-25T08:02:41","modified_gmt":"2024-03-25T07:02:41","slug":"quiche","status":"publish","type":"page","link":"https:\/\/guimard.eu\/index.php\/mes-recettes\/quantite-et-ingredient\/quiche\/","title":{"rendered":"Quiche saucisses de Montb\u00e9liard \u00e9pinards"},"content":{"rendered":"\n<ul class=\"wp-block-list\"><li>1 p\u00e2te feuillet\u00e9e<\/li><li>3 \u0153ufs<\/li><li>20 cl de cr\u00e8me \u00e9paisse<\/li><li>100 g de gruy\u00e8re r\u00e2p\u00e9<\/li><li>Sel, poivre<\/li><li>Ingr\u00e9dients au choix<\/li><\/ul>\n\n\n\n<p>Exemple :<\/p>\n\n\n\n<ul class=\"wp-block-list\"><li>3 mini saucisse de Montb\u00e9liard<\/li><li>350 gr d&rsquo;\u00e9pinards en branches<\/li><\/ul>\n\n\n\n<figure class=\"wp-block-image size-full is-resized\"><img loading=\"lazy\" decoding=\"async\" src=\"https:\/\/guimard.eu\/wp-content\/uploads\/2022\/02\/20220210_202108.jpg\" alt=\"\" class=\"wp-image-759\" width=\"529\" height=\"503\" srcset=\"https:\/\/guimard.eu\/wp-content\/uploads\/2022\/02\/20220210_202108.jpg 980w, https:\/\/guimard.eu\/wp-content\/uploads\/2022\/02\/20220210_202108-300x286.jpg 300w, https:\/\/guimard.eu\/wp-content\/uploads\/2022\/02\/20220210_202108-768x731.jpg 768w\" sizes=\"auto, (max-width: 529px) 100vw, 529px\" \/><figcaption>Quiche Saucisses \u00e9pinards<\/figcaption><\/figure>\n\n\n<div class=\"wp-block-buttons is-layout-flex wp-block-buttons-is-layout-flex\">\n<div class=\"wp-block-button\"><a class=\"wp-block-button__link wp-element-button\" href=\"http:\/\/guimard.eu\/\">Accueil<\/a><\/div>\n<\/div>\n","protected":false},"excerpt":{"rendered":"<p>1 p\u00e2te feuillet\u00e9e 3 \u0153ufs 20 cl de cr\u00e8me \u00e9paisse 100 g de gruy\u00e8re r\u00e2p\u00e9 Sel, poivre Ingr\u00e9dients au choix<\/p>\n","protected":false},"author":1,"featured_media":0,"parent":745,"menu_order":0,"comment_status":"closed","ping_status":"closed","template":"","meta":{"colormag_page_container_layout":"default_layout","colormag_page_sidebar_layout":"default_layout","footnotes":""},"class_list":["post-754","page","type-page","status-publish","hentry"],"_links":{"self":[{"href":"https:\/\/guimard.eu\/index.php\/wp-json\/wp\/v2\/pages\/754","targetHints":{"allow":["GET"]}}],"collection":[{"href":"https:\/\/guimard.eu\/index.php\/wp-json\/wp\/v2\/pages"}],"about":[{"href":"https:\/\/guimard.eu\/index.php\/wp-json\/wp\/v2\/types\/page"}],"author":[{"embeddable":true,"href":"https:\/\/guimard.eu\/index.php\/wp-json\/wp\/v2\/users\/1"}],"replies":[{"embeddable":true,"href":"https:\/\/guimard.eu\/index.php\/wp-json\/wp\/v2\/comments?post=754"}],"version-history":[{"count":7,"href":"https:\/\/guimard.eu\/index.php\/wp-json\/wp\/v2\/pages\/754\/revisions"}],"predecessor-version":[{"id":1196,"href":"https:\/\/guimard.eu\/index.php\/wp-json\/wp\/v2\/pages\/754\/revisions\/1196"}],"up":[{"embeddable":true,"href":"https:\/\/guimard.eu\/index.php\/wp-json\/wp\/v2\/pages\/745"}],"wp:attachment":[{"href":"https:\/\/guimard.eu\/index.php\/wp-json\/wp\/v2\/media?parent=754"}],"curies":[{"name":"wp","href":"https:\/\/api.w.org\/{rel}","templated":true}]}}