{"id":785,"date":"2022-02-16T14:17:38","date_gmt":"2022-02-16T13:17:38","guid":{"rendered":"https:\/\/guimard.eu\/?page_id=785"},"modified":"2024-03-25T08:02:23","modified_gmt":"2024-03-25T07:02:23","slug":"pate-feuilletee-rapide","status":"publish","type":"page","link":"https:\/\/guimard.eu\/index.php\/mes-recettes\/quantite-et-ingredient\/pate-feuilletee-rapide\/","title":{"rendered":"P\u00e2te feuillet\u00e9e rapide"},"content":{"rendered":"\n<ul class=\"wp-block-list\"><li>200 gr de farine de bl\u00e9<\/li><li>200 gr de beurre bien froid<\/li><li>3 cuill\u00e8res \u00e0 soupe de sucre en poudre<\/li><li>1\/2 cuill\u00e8re \u00e0 caf\u00e9 de sel<\/li><li>100 ml d&rsquo;eau tr\u00e8s froide<\/li><\/ul>\n\n\n\n<div class=\"wp-block-buttons is-layout-flex wp-block-buttons-is-layout-flex\">\n<div class=\"wp-block-button\"><a class=\"wp-block-button__link wp-element-button\" href=\"http:\/\/guimard.eu\/\">Accueil<\/a><\/div>\n<\/div>\n","protected":false},"excerpt":{"rendered":"<p>200 gr de farine de bl\u00e9 200 gr de beurre bien froid 3 cuill\u00e8res \u00e0 soupe de sucre en poudre<\/p>\n","protected":false},"author":1,"featured_media":0,"parent":745,"menu_order":0,"comment_status":"closed","ping_status":"closed","template":"","meta":{"colormag_page_container_layout":"default_layout","colormag_page_sidebar_layout":"default_layout","footnotes":""},"class_list":["post-785","page","type-page","status-publish","hentry"],"_links":{"self":[{"href":"https:\/\/guimard.eu\/index.php\/wp-json\/wp\/v2\/pages\/785","targetHints":{"allow":["GET"]}}],"collection":[{"href":"https:\/\/guimard.eu\/index.php\/wp-json\/wp\/v2\/pages"}],"about":[{"href":"https:\/\/guimard.eu\/index.php\/wp-json\/wp\/v2\/types\/page"}],"author":[{"embeddable":true,"href":"https:\/\/guimard.eu\/index.php\/wp-json\/wp\/v2\/users\/1"}],"replies":[{"embeddable":true,"href":"https:\/\/guimard.eu\/index.php\/wp-json\/wp\/v2\/comments?post=785"}],"version-history":[{"count":3,"href":"https:\/\/guimard.eu\/index.php\/wp-json\/wp\/v2\/pages\/785\/revisions"}],"predecessor-version":[{"id":1194,"href":"https:\/\/guimard.eu\/index.php\/wp-json\/wp\/v2\/pages\/785\/revisions\/1194"}],"up":[{"embeddable":true,"href":"https:\/\/guimard.eu\/index.php\/wp-json\/wp\/v2\/pages\/745"}],"wp:attachment":[{"href":"https:\/\/guimard.eu\/index.php\/wp-json\/wp\/v2\/media?parent=785"}],"curies":[{"name":"wp","href":"https:\/\/api.w.org\/{rel}","templated":true}]}}