{"id":856,"date":"2022-03-04T13:09:34","date_gmt":"2022-03-04T12:09:34","guid":{"rendered":"https:\/\/guimard.eu\/?page_id=856"},"modified":"2024-03-25T08:01:51","modified_gmt":"2024-03-25T07:01:51","slug":"quiches","status":"publish","type":"page","link":"https:\/\/guimard.eu\/index.php\/mes-recettes\/quiches\/","title":{"rendered":"Quiches"},"content":{"rendered":"\n<h2 class=\"wp-block-heading\">Quiche poireaux, champignons et lardon<\/h2>\n\n\n\n<p>Pr\u00e9chauffer le four \u00e0 180\u00b0<\/p>\n\n\n\n<h3 class=\"wp-block-heading\">Ingr\u00e9dients<\/h3>\n\n\n\n<ul class=\"wp-block-list\"><li>1 p\u00e2te feuillet\u00e9e maison ou 1 rouleau<\/li><li>1 gros poireau ou 2 petits<\/li><li>250 grammes de champignons<\/li><li>250 grammes de lardons<\/li><li>300 grammes de cr\u00e8me fraiche<\/li><li>4 \u0153ufs<\/li><li>Curry<\/li><li>Sel \/ poivre<\/li><li>Parmesan <em>(vous pouvez remplacer par du gruy\u00e8re)<\/em><\/li><\/ul>\n\n\n\n<h3 class=\"wp-block-heading\">Mise en \u0153uvre<\/h3>\n\n\n\n<ol class=\"wp-block-list\"><li>Emincer le ou les poireaux<\/li><li>Cuire les poireaux dans une po\u00eale avec du beurre<\/li><li>Ajouter les lardons<\/li><li>Apr\u00e8s quelques minutes, ajouter les champignons coup\u00e9s en lamelles<\/li><li>Pr\u00e9parer la p\u00e2te et la placer dans un moule \u00e0 tartre.<\/li><li>Faire des petits trous avec une fourchette sur tout le fond de la p\u00e2te<\/li><li>Verser la pr\u00e9paration dessus<\/li><li>Cuire environ 40 minutes en v\u00e9rifiant quelques minutes avant la fin<\/li><\/ol>\n\n\n\n<p><\/p>\n\n\n\n<figure class=\"wp-block-image size-full is-resized\"><img loading=\"lazy\" decoding=\"async\" src=\"https:\/\/guimard.eu\/wp-content\/uploads\/2022\/03\/Quiche-aux-poireaux.jpg\" alt=\"\" class=\"wp-image-858\" width=\"474\" height=\"463\" srcset=\"https:\/\/guimard.eu\/wp-content\/uploads\/2022\/03\/Quiche-aux-poireaux.jpg 704w, https:\/\/guimard.eu\/wp-content\/uploads\/2022\/03\/Quiche-aux-poireaux-300x293.jpg 300w\" sizes=\"auto, (max-width: 474px) 100vw, 474px\" \/><\/figure>\n\n\n\n<hr class=\"wp-block-separator\"\/>\n\n\n\n<hr class=\"wp-block-separator\"\/>\n\n\n\n<h2 class=\"wp-block-heading\">Quiche saucisses de Montb\u00e9liard \u00e9pinards<\/h2>\n\n\n\n<p>1 p\u00e2te feuillet\u00e9e<\/p>\n\n\n\n<p>3 \u0153ufs<\/p>\n\n\n\n<p>20 cl de cr\u00e8me \u00e9paisse<\/p>\n\n\n\n<p>100 g de gruy\u00e8re r\u00e2p\u00e9<\/p>\n\n\n\n<p>Sel, poivre<\/p>\n\n\n\n<p>Ingr\u00e9dients au choix<\/p>\n\n\n\n<p>Exemple :<\/p>\n\n\n\n<ul class=\"wp-block-list\"><li>3 mini saucisses de Montb\u00e9liard<\/li><li>350 gr d&rsquo;\u00e9pinards en branches<\/li><\/ul>\n\n\n\n<figure class=\"wp-block-image size-full is-resized\"><img loading=\"lazy\" decoding=\"async\" src=\"https:\/\/guimard.eu\/wp-content\/uploads\/2022\/02\/20220210_202108.jpg\" alt=\"\" class=\"wp-image-759\" width=\"529\" height=\"503\" srcset=\"https:\/\/guimard.eu\/wp-content\/uploads\/2022\/02\/20220210_202108.jpg 980w, https:\/\/guimard.eu\/wp-content\/uploads\/2022\/02\/20220210_202108-300x286.jpg 300w, https:\/\/guimard.eu\/wp-content\/uploads\/2022\/02\/20220210_202108-768x731.jpg 768w\" sizes=\"auto, (max-width: 529px) 100vw, 529px\" \/><figcaption>Quiche Saucisses \u00e9pinards<\/figcaption><\/figure>\n\n\n<div class=\"wp-block-buttons is-layout-flex wp-block-buttons-is-layout-flex\">\n<div class=\"wp-block-button\"><a class=\"wp-block-button__link wp-element-button\" href=\"http:\/\/guimard.eu\/\">Accueil<\/a><\/div>\n<\/div>\n","protected":false},"excerpt":{"rendered":"<p>Quiche poireaux, champignons et lardon Pr\u00e9chauffer le four \u00e0 180\u00b0 Ingr\u00e9dients 1 p\u00e2te feuillet\u00e9e maison ou 1 rouleau 1 gros<\/p>\n","protected":false},"author":1,"featured_media":0,"parent":376,"menu_order":0,"comment_status":"closed","ping_status":"closed","template":"","meta":{"colormag_page_container_layout":"default_layout","colormag_page_sidebar_layout":"default_layout","footnotes":""},"class_list":["post-856","page","type-page","status-publish","hentry"],"_links":{"self":[{"href":"https:\/\/guimard.eu\/index.php\/wp-json\/wp\/v2\/pages\/856","targetHints":{"allow":["GET"]}}],"collection":[{"href":"https:\/\/guimard.eu\/index.php\/wp-json\/wp\/v2\/pages"}],"about":[{"href":"https:\/\/guimard.eu\/index.php\/wp-json\/wp\/v2\/types\/page"}],"author":[{"embeddable":true,"href":"https:\/\/guimard.eu\/index.php\/wp-json\/wp\/v2\/users\/1"}],"replies":[{"embeddable":true,"href":"https:\/\/guimard.eu\/index.php\/wp-json\/wp\/v2\/comments?post=856"}],"version-history":[{"count":5,"href":"https:\/\/guimard.eu\/index.php\/wp-json\/wp\/v2\/pages\/856\/revisions"}],"predecessor-version":[{"id":1192,"href":"https:\/\/guimard.eu\/index.php\/wp-json\/wp\/v2\/pages\/856\/revisions\/1192"}],"up":[{"embeddable":true,"href":"https:\/\/guimard.eu\/index.php\/wp-json\/wp\/v2\/pages\/376"}],"wp:attachment":[{"href":"https:\/\/guimard.eu\/index.php\/wp-json\/wp\/v2\/media?parent=856"}],"curies":[{"name":"wp","href":"https:\/\/api.w.org\/{rel}","templated":true}]}}