{"id":876,"date":"2022-03-05T10:39:48","date_gmt":"2022-03-05T09:39:48","guid":{"rendered":"https:\/\/guimard.eu\/?page_id=876"},"modified":"2022-03-05T10:39:49","modified_gmt":"2022-03-05T09:39:49","slug":"gateaux-pour-mes-chiens","status":"publish","type":"page","link":"https:\/\/guimard.eu\/index.php\/home\/a-propos-de\/gateaux-pour-mes-chiens\/","title":{"rendered":"G\u00e2teaux pour mes chiens"},"content":{"rendered":"\n<figure class=\"wp-block-image size-large\"><img loading=\"lazy\" decoding=\"async\" width=\"1024\" height=\"332\" src=\"https:\/\/guimard.eu\/wp-content\/uploads\/2020\/10\/Gateaux-chiens-boule-moule2-1024x332.jpg\" alt=\"\" class=\"wp-image-575\" srcset=\"https:\/\/guimard.eu\/wp-content\/uploads\/2020\/10\/Gateaux-chiens-boule-moule2-1024x332.jpg 1024w, https:\/\/guimard.eu\/wp-content\/uploads\/2020\/10\/Gateaux-chiens-boule-moule2-300x97.jpg 300w, https:\/\/guimard.eu\/wp-content\/uploads\/2020\/10\/Gateaux-chiens-boule-moule2-768x249.jpg 768w, https:\/\/guimard.eu\/wp-content\/uploads\/2020\/10\/Gateaux-chiens-boule-moule2-1536x497.jpg 1536w, https:\/\/guimard.eu\/wp-content\/uploads\/2020\/10\/Gateaux-chiens-boule-moule2-2048x663.jpg 2048w\" sizes=\"auto, (max-width: 1024px) 100vw, 1024px\" \/><\/figure>\n\n\n\n<ul class=\"wp-block-list\"><li>1 cube de bouillon de volaille<\/li><li>100 grammes d&rsquo;eau<\/li><li>300 grammes de farine<\/li><li>2 c.\u00e0.s. d&rsquo;huile de tournesol ou d&rsquo;olive<\/li><li>2 oeufs<\/li><li>J&rsquo;ai ajout\u00e9 du lait en plus de l&rsquo;eau pour donner plus de go\u00fbt.<\/li><\/ul>\n\n\n\n<p><\/p>\n\n\n\n<ol class=\"wp-block-list\"><li>Pr\u00e9chauffer le four \u00e0 180 degr\u00e9s.<\/li><li>Mettre l&rsquo;eau et le demi cube de volaille dans un bol et faite chauffer au micro-onde 1mn.<\/li><li>M\u00e9langer tous les ingr\u00e9dients dans un saladier.<\/li><li>P\u00e9trir la p\u00e2te.<\/li><li>Sortir la p\u00e2te du bol et l&rsquo;\u00e9taler avec l&rsquo;aide du rouleau.<\/li><li>D\u00e9couper \u00e0 l&rsquo;aide d&rsquo;un emporte pi\u00e8ces la p\u00e2te<\/li><li>Disposer les g\u00e2teaux sur la plaque recouverte de papier sulfuris\u00e9. <\/li><li>Option &#8211; Badigeonner du lait.<\/li><li>Cuire environ 15 \u00e0 20 mn.<\/li><\/ol>\n\n\n\n<figure class=\"wp-block-image size-large is-resized\"><img loading=\"lazy\" decoding=\"async\" src=\"https:\/\/guimard.eu\/wp-content\/uploads\/2020\/10\/gateaux-chiens-etoiles-1024x732.jpg\" alt=\"\" class=\"wp-image-576\" width=\"643\" height=\"460\" srcset=\"https:\/\/guimard.eu\/wp-content\/uploads\/2020\/10\/gateaux-chiens-etoiles-1024x732.jpg 1024w, https:\/\/guimard.eu\/wp-content\/uploads\/2020\/10\/gateaux-chiens-etoiles-300x215.jpg 300w, https:\/\/guimard.eu\/wp-content\/uploads\/2020\/10\/gateaux-chiens-etoiles-768x549.jpg 768w, https:\/\/guimard.eu\/wp-content\/uploads\/2020\/10\/gateaux-chiens-etoiles-1536x1098.jpg 1536w, https:\/\/guimard.eu\/wp-content\/uploads\/2020\/10\/gateaux-chiens-etoiles-2048x1464.jpg 2048w\" sizes=\"auto, (max-width: 643px) 100vw, 643px\" \/><\/figure>\n","protected":false},"excerpt":{"rendered":"<p>1 cube de bouillon de volaille 100 grammes d&rsquo;eau 300 grammes de farine 2 c.\u00e0.s. d&rsquo;huile de tournesol ou d&rsquo;olive<\/p>\n","protected":false},"author":1,"featured_media":0,"parent":9,"menu_order":0,"comment_status":"closed","ping_status":"closed","template":"","meta":{"colormag_page_container_layout":"default_layout","colormag_page_sidebar_layout":"default_layout","footnotes":""},"class_list":["post-876","page","type-page","status-publish","hentry"],"_links":{"self":[{"href":"https:\/\/guimard.eu\/index.php\/wp-json\/wp\/v2\/pages\/876","targetHints":{"allow":["GET"]}}],"collection":[{"href":"https:\/\/guimard.eu\/index.php\/wp-json\/wp\/v2\/pages"}],"about":[{"href":"https:\/\/guimard.eu\/index.php\/wp-json\/wp\/v2\/types\/page"}],"author":[{"embeddable":true,"href":"https:\/\/guimard.eu\/index.php\/wp-json\/wp\/v2\/users\/1"}],"replies":[{"embeddable":true,"href":"https:\/\/guimard.eu\/index.php\/wp-json\/wp\/v2\/comments?post=876"}],"version-history":[{"count":1,"href":"https:\/\/guimard.eu\/index.php\/wp-json\/wp\/v2\/pages\/876\/revisions"}],"predecessor-version":[{"id":877,"href":"https:\/\/guimard.eu\/index.php\/wp-json\/wp\/v2\/pages\/876\/revisions\/877"}],"up":[{"embeddable":true,"href":"https:\/\/guimard.eu\/index.php\/wp-json\/wp\/v2\/pages\/9"}],"wp:attachment":[{"href":"https:\/\/guimard.eu\/index.php\/wp-json\/wp\/v2\/media?parent=876"}],"curies":[{"name":"wp","href":"https:\/\/api.w.org\/{rel}","templated":true}]}}