{"id":881,"date":"2022-03-05T10:49:23","date_gmt":"2022-03-05T09:49:23","guid":{"rendered":"https:\/\/guimard.eu\/?page_id=881"},"modified":"2024-03-25T07:46:23","modified_gmt":"2024-03-25T06:46:23","slug":"aide-et-astuces","status":"publish","type":"page","link":"https:\/\/guimard.eu\/index.php\/mes-recettes\/aide-et-astuces\/","title":{"rendered":"Aide et astuces"},"content":{"rendered":"<h4 class=\"has-text-align-left\"><span style=\"color: #9b51e0;\"><a style=\"color: #9b51e0;\" href=\"https:\/\/www.temps-de-cuisson.info\/cuisson\/viandes\/poulet-roti\/#decoupe\">Cuisson et d\u00e9coupe d&rsquo;un poulet<\/a><\/span><\/h4>\n<h4><span style=\"color: #993366;\"><a style=\"color: #993366;\" href=\"https:\/\/guimard.eu\/index.php\/cuisson-sous-vide-a-basse-temperature\/\">Cuisson SOUS VIDE \u00e0 basse temp\u00e9rature<\/a><\/span><\/h4>\n\n<div class=\"wp-block-buttons is-layout-flex wp-block-buttons-is-layout-flex\">\n<div class=\"wp-block-button\"><a class=\"wp-block-button__link wp-element-button\" href=\"http:\/\/guimard.eu\/\">Accueil<\/a><\/div>\n<\/div>\n","protected":false},"excerpt":{"rendered":"<p>Cuisson et d\u00e9coupe d&rsquo;un poulet Cuisson SOUS VIDE \u00e0 basse temp\u00e9rature<\/p>\n","protected":false},"author":1,"featured_media":0,"parent":376,"menu_order":0,"comment_status":"closed","ping_status":"closed","template":"","meta":{"colormag_page_container_layout":"default_layout","colormag_page_sidebar_layout":"default_layout","footnotes":""},"class_list":["post-881","page","type-page","status-publish","hentry"],"_links":{"self":[{"href":"https:\/\/guimard.eu\/index.php\/wp-json\/wp\/v2\/pages\/881","targetHints":{"allow":["GET"]}}],"collection":[{"href":"https:\/\/guimard.eu\/index.php\/wp-json\/wp\/v2\/pages"}],"about":[{"href":"https:\/\/guimard.eu\/index.php\/wp-json\/wp\/v2\/types\/page"}],"author":[{"embeddable":true,"href":"https:\/\/guimard.eu\/index.php\/wp-json\/wp\/v2\/users\/1"}],"replies":[{"embeddable":true,"href":"https:\/\/guimard.eu\/index.php\/wp-json\/wp\/v2\/comments?post=881"}],"version-history":[{"count":2,"href":"https:\/\/guimard.eu\/index.php\/wp-json\/wp\/v2\/pages\/881\/revisions"}],"predecessor-version":[{"id":1154,"href":"https:\/\/guimard.eu\/index.php\/wp-json\/wp\/v2\/pages\/881\/revisions\/1154"}],"up":[{"embeddable":true,"href":"https:\/\/guimard.eu\/index.php\/wp-json\/wp\/v2\/pages\/376"}],"wp:attachment":[{"href":"https:\/\/guimard.eu\/index.php\/wp-json\/wp\/v2\/media?parent=881"}],"curies":[{"name":"wp","href":"https:\/\/api.w.org\/{rel}","templated":true}]}}