{"id":901,"date":"2022-03-05T11:03:58","date_gmt":"2022-03-05T10:03:58","guid":{"rendered":"https:\/\/guimard.eu\/?page_id=901"},"modified":"2024-04-02T13:14:37","modified_gmt":"2024-04-02T11:14:37","slug":"confiserie","status":"publish","type":"page","link":"https:\/\/guimard.eu\/index.php\/mes-recettes\/confiserie\/","title":{"rendered":"Confiserie"},"content":{"rendered":"\n<h4 class=\"wp-block-heading\"><a href=\"https:\/\/guimard.eu\/index.php\/biscuits-facon-pims\/\">Biscuits fa\u00e7on Pim&rsquo;s<\/a><\/h4>\n\n\n\n<h4 class=\"wp-block-heading\"><a href=\"https:\/\/guimard.eu\/index.php\/carres-fondants-au-citron\/\">Carr\u00e9s fondants aux citrons<\/a><\/h4>\n\n\n\n<h4 class=\"wp-block-heading\"><a rel=\"noreferrer noopener\" href=\"https:\/\/guimard.eu\/index.php\/2020\/10\/31\/marrons-glaces\/\" target=\"_blank\">Marrons glac\u00e9s<\/a><\/h4>\n\n\n\n<h4 class=\"wp-block-heading\"><a href=\"https:\/\/guimard.eu\/index.php\/2023\/02\/03\/crepes\/\" target=\"_blank\" rel=\"noreferrer noopener\">Cr\u00eapes<\/a><\/h4>\n\n\n\n<div class=\"wp-block-buttons is-layout-flex wp-block-buttons-is-layout-flex\">\n<div class=\"wp-block-button\"><a class=\"wp-block-button__link wp-element-button\" href=\"http:\/\/guimard.eu\/\">Accueil<\/a><\/div>\n<\/div>\n","protected":false},"excerpt":{"rendered":"<p>Biscuits fa\u00e7on Pim&rsquo;s Carr\u00e9s fondants aux citrons Marrons glac\u00e9s Cr\u00eapes<\/p>\n","protected":false},"author":1,"featured_media":0,"parent":376,"menu_order":0,"comment_status":"closed","ping_status":"closed","template":"","meta":{"colormag_page_container_layout":"default_layout","colormag_page_sidebar_layout":"default_layout","footnotes":""},"class_list":["post-901","page","type-page","status-publish","hentry"],"_links":{"self":[{"href":"https:\/\/guimard.eu\/index.php\/wp-json\/wp\/v2\/pages\/901","targetHints":{"allow":["GET"]}}],"collection":[{"href":"https:\/\/guimard.eu\/index.php\/wp-json\/wp\/v2\/pages"}],"about":[{"href":"https:\/\/guimard.eu\/index.php\/wp-json\/wp\/v2\/types\/page"}],"author":[{"embeddable":true,"href":"https:\/\/guimard.eu\/index.php\/wp-json\/wp\/v2\/users\/1"}],"replies":[{"embeddable":true,"href":"https:\/\/guimard.eu\/index.php\/wp-json\/wp\/v2\/comments?post=901"}],"version-history":[{"count":6,"href":"https:\/\/guimard.eu\/index.php\/wp-json\/wp\/v2\/pages\/901\/revisions"}],"predecessor-version":[{"id":1385,"href":"https:\/\/guimard.eu\/index.php\/wp-json\/wp\/v2\/pages\/901\/revisions\/1385"}],"up":[{"embeddable":true,"href":"https:\/\/guimard.eu\/index.php\/wp-json\/wp\/v2\/pages\/376"}],"wp:attachment":[{"href":"https:\/\/guimard.eu\/index.php\/wp-json\/wp\/v2\/media?parent=901"}],"curies":[{"name":"wp","href":"https:\/\/api.w.org\/{rel}","templated":true}]}}