{"id":931,"date":"2022-03-05T11:51:04","date_gmt":"2022-03-05T10:51:04","guid":{"rendered":"https:\/\/guimard.eu\/?page_id=931"},"modified":"2022-03-05T11:59:12","modified_gmt":"2022-03-05T10:59:12","slug":"pates","status":"publish","type":"page","link":"https:\/\/guimard.eu\/index.php\/mes-recettes\/pain-et-pate\/pates\/","title":{"rendered":"P\u00e2tes"},"content":{"rendered":"\n<h4 class=\"wp-block-heading\"><a rel=\"noreferrer noopener\" href=\"https:\/\/guimard.eu\/index.php\/mes-recettes\/pain-et-pate\/pate-brisee\/\" data-type=\"URL\" data-id=\"https:\/\/guimard.eu\/index.php\/mes-recettes\/pain-et-pate\/pate-brisee\/\" target=\"_blank\">P\u00e2te bris\u00e9e<\/a><\/h4>\n\n\n\n<h4 class=\"wp-block-heading\"><a href=\"https:\/\/guimard.eu\/index.php\/mes-recettes\/quantite-et-ingredient\/pate-feuilletee-6-tours\/\" data-type=\"URL\" data-id=\"https:\/\/guimard.eu\/index.php\/mes-recettes\/quantite-et-ingredient\/pate-feuilletee-6-tours\/\">P\u00e2te feuillet\u00e9e &#8211; 6 <\/a><a rel=\"noreferrer noopener\" href=\"https:\/\/guimard.eu\/index.php\/mes-recettes\/quantite-et-ingredient\/pate-feuilletee-6-tours\/\" data-type=\"URL\" data-id=\"https:\/\/guimard.eu\/index.php\/mes-recettes\/quantite-et-ingredient\/pate-feuilletee-6-tours\/\" target=\"_blank\">tours<\/a><\/h4>\n\n\n\n<h4 class=\"wp-block-heading\"><a href=\"https:\/\/guimard.eu\/index.php\/mes-recettes\/quantite-et-ingredient\/pate-feuilletee-rapide\/\" data-type=\"URL\" data-id=\"https:\/\/guimard.eu\/index.php\/mes-recettes\/quantite-et-ingredient\/pate-feuilletee-rapide\/\" target=\"_blank\" rel=\"noreferrer noopener\">P\u00e2te feuillet\u00e9e rapide<\/a><\/h4>\n\n\n\n<h4 class=\"wp-block-heading\"><a href=\"https:\/\/guimard.eu\/index.php\/mes-recettes\/pain-et-pate\/pate-a-pizza\/\" data-type=\"URL\" data-id=\"https:\/\/guimard.eu\/index.php\/mes-recettes\/pain-et-pate\/pate-a-pizza\/\" target=\"_blank\" rel=\"noreferrer noopener\">P\u00e2te \u00e0 pizza<\/a><\/h4>\n\n\n\n<h4 class=\"wp-block-heading\"><a href=\"https:\/\/guimard.eu\/index.php\/mes-recettes\/pain-et-pate\/pate-sablee\/\" data-type=\"URL\" data-id=\"https:\/\/guimard.eu\/index.php\/mes-recettes\/pain-et-pate\/pate-sablee\/\" target=\"_blank\" rel=\"noreferrer noopener\">P\u00e2te sabl\u00e9e<\/a><\/h4>\n","protected":false},"excerpt":{"rendered":"<p>P\u00e2te bris\u00e9e P\u00e2te feuillet\u00e9e &#8211; 6 tours P\u00e2te feuillet\u00e9e rapide P\u00e2te \u00e0 pizza P\u00e2te sabl\u00e9e<\/p>\n","protected":false},"author":1,"featured_media":0,"parent":524,"menu_order":0,"comment_status":"closed","ping_status":"closed","template":"","meta":{"colormag_page_container_layout":"default_layout","colormag_page_sidebar_layout":"default_layout","footnotes":""},"class_list":["post-931","page","type-page","status-publish","hentry"],"_links":{"self":[{"href":"https:\/\/guimard.eu\/index.php\/wp-json\/wp\/v2\/pages\/931","targetHints":{"allow":["GET"]}}],"collection":[{"href":"https:\/\/guimard.eu\/index.php\/wp-json\/wp\/v2\/pages"}],"about":[{"href":"https:\/\/guimard.eu\/index.php\/wp-json\/wp\/v2\/types\/page"}],"author":[{"embeddable":true,"href":"https:\/\/guimard.eu\/index.php\/wp-json\/wp\/v2\/users\/1"}],"replies":[{"embeddable":true,"href":"https:\/\/guimard.eu\/index.php\/wp-json\/wp\/v2\/comments?post=931"}],"version-history":[{"count":7,"href":"https:\/\/guimard.eu\/index.php\/wp-json\/wp\/v2\/pages\/931\/revisions"}],"predecessor-version":[{"id":940,"href":"https:\/\/guimard.eu\/index.php\/wp-json\/wp\/v2\/pages\/931\/revisions\/940"}],"up":[{"embeddable":true,"href":"https:\/\/guimard.eu\/index.php\/wp-json\/wp\/v2\/pages\/524"}],"wp:attachment":[{"href":"https:\/\/guimard.eu\/index.php\/wp-json\/wp\/v2\/media?parent=931"}],"curies":[{"name":"wp","href":"https:\/\/api.w.org\/{rel}","templated":true}]}}