{"id":989,"date":"2022-11-03T14:54:43","date_gmt":"2022-11-03T13:54:43","guid":{"rendered":"https:\/\/guimard.eu\/?page_id=989"},"modified":"2022-11-03T14:54:44","modified_gmt":"2022-11-03T13:54:44","slug":"donuts-maison","status":"publish","type":"page","link":"https:\/\/guimard.eu\/index.php\/donuts-maison\/","title":{"rendered":"Donuts maison"},"content":{"rendered":"\n<p>Temps de pr\u00e9paration : 5 minutes<\/p>\n\n\n\n<p>Temps de cuisson : 15 minutes \u00e0 180\u00b0<\/p>\n\n\n\n<h2 class=\"wp-block-heading\">Ingr\u00e9dients : <\/h2>\n\n\n\n<ul class=\"wp-block-list\"><li>125 gr de farine<\/li><li>125 ml d&rsquo;eau temp\u00e9r\u00e9e<\/li><li>75 gr de sucre<\/li><li>25 ml d&rsquo;huile<\/li><li>1\/2 sachet de levure chimique<\/li><li>1 cc d&rsquo;extrait de vanille<\/li><\/ul>\n\n\n\n<h2 class=\"wp-block-heading\">Pr\u00e9paration :<\/h2>\n\n\n\n<ul class=\"wp-block-list\"><li>Commencer par pr\u00e9chauffer votre four \u00e0 180\u00b0<\/li><li>Mettre dans un saladier la farine, le sucre, la levure et l&rsquo;extrait de vanille<\/li><li>M\u00e9langer puis ajouter l&rsquo;eau et l&rsquo;huile<\/li><li>Fouetter \u00e9nergiquement puis verser la p\u00e2te dans un moule \u00e0 donuts <\/li><li>Enfourner et surveiller la cuisson<ul><li>Vous pouvez tester la cuisson avec la pointe d&rsquo;un couteau ou un cure-dent<\/li><\/ul><\/li><\/ul>\n\n\n\n<ul class=\"wp-block-list\"><li>Laisser refroidir avant de d\u00e9mouler<\/li><\/ul>\n","protected":false},"excerpt":{"rendered":"<p>Temps de pr\u00e9paration : 5 minutes Temps de cuisson : 15 minutes \u00e0 180\u00b0 Ingr\u00e9dients : 125 gr de farine<\/p>\n","protected":false},"author":1,"featured_media":0,"parent":0,"menu_order":0,"comment_status":"closed","ping_status":"closed","template":"","meta":{"colormag_page_container_layout":"default_layout","colormag_page_sidebar_layout":"default_layout","footnotes":""},"class_list":["post-989","page","type-page","status-publish","hentry"],"_links":{"self":[{"href":"https:\/\/guimard.eu\/index.php\/wp-json\/wp\/v2\/pages\/989","targetHints":{"allow":["GET"]}}],"collection":[{"href":"https:\/\/guimard.eu\/index.php\/wp-json\/wp\/v2\/pages"}],"about":[{"href":"https:\/\/guimard.eu\/index.php\/wp-json\/wp\/v2\/types\/page"}],"author":[{"embeddable":true,"href":"https:\/\/guimard.eu\/index.php\/wp-json\/wp\/v2\/users\/1"}],"replies":[{"embeddable":true,"href":"https:\/\/guimard.eu\/index.php\/wp-json\/wp\/v2\/comments?post=989"}],"version-history":[{"count":1,"href":"https:\/\/guimard.eu\/index.php\/wp-json\/wp\/v2\/pages\/989\/revisions"}],"predecessor-version":[{"id":990,"href":"https:\/\/guimard.eu\/index.php\/wp-json\/wp\/v2\/pages\/989\/revisions\/990"}],"wp:attachment":[{"href":"https:\/\/guimard.eu\/index.php\/wp-json\/wp\/v2\/media?parent=989"}],"curies":[{"name":"wp","href":"https:\/\/api.w.org\/{rel}","templated":true}]}}