{"id":993,"date":"2023-01-06T13:46:18","date_gmt":"2023-01-06T12:46:18","guid":{"rendered":"https:\/\/guimard.eu\/?page_id=993"},"modified":"2026-01-13T07:53:25","modified_gmt":"2026-01-13T06:53:25","slug":"galette-des-rois","status":"publish","type":"page","link":"https:\/\/guimard.eu\/index.php\/galette-des-rois\/","title":{"rendered":"Galette des rois"},"content":{"rendered":"\n<div class=\"wp-block-columns is-layout-flex wp-container-core-columns-is-layout-28f84493 wp-block-columns-is-layout-flex\">\n<div class=\"wp-block-column is-layout-flow wp-block-column-is-layout-flow\">\n<figure class=\"wp-block-image size-large is-resized\"><a href=\"https:\/\/guimard.eu\/wp-content\/uploads\/2023\/02\/image-5.png\" target=\"_blank\" rel=\"noreferrer noopener\"><img loading=\"lazy\" decoding=\"async\" width=\"1024\" height=\"922\" src=\"https:\/\/guimard.eu\/wp-content\/uploads\/2023\/02\/image-5-1024x922.png\" alt=\"\" class=\"wp-image-1031\" style=\"width:141px;height:127px\" srcset=\"https:\/\/guimard.eu\/wp-content\/uploads\/2023\/02\/image-5-1024x922.png 1024w, https:\/\/guimard.eu\/wp-content\/uploads\/2023\/02\/image-5-300x270.png 300w, https:\/\/guimard.eu\/wp-content\/uploads\/2023\/02\/image-5-768x692.png 768w, https:\/\/guimard.eu\/wp-content\/uploads\/2023\/02\/image-5.png 1366w\" sizes=\"auto, (max-width: 1024px) 100vw, 1024px\" \/><\/a><\/figure>\n<\/div>\n\n\n\n<div class=\"wp-block-column is-layout-flow wp-block-column-is-layout-flow\">\n<figure class=\"wp-block-image size-full is-resized\"><a href=\"https:\/\/guimard.eu\/wp-content\/uploads\/2023\/02\/image.png\" target=\"_blank\" rel=\"noreferrer noopener\"><img loading=\"lazy\" decoding=\"async\" width=\"838\" height=\"797\" src=\"https:\/\/guimard.eu\/wp-content\/uploads\/2023\/02\/image.png\" alt=\"\" class=\"wp-image-1025\" style=\"width:134px;height:127px\" srcset=\"https:\/\/guimard.eu\/wp-content\/uploads\/2023\/02\/image.png 838w, https:\/\/guimard.eu\/wp-content\/uploads\/2023\/02\/image-300x285.png 300w, https:\/\/guimard.eu\/wp-content\/uploads\/2023\/02\/image-768x730.png 768w\" sizes=\"auto, (max-width: 838px) 100vw, 838px\" \/><\/a><\/figure>\n<\/div>\n\n\n\n<div class=\"wp-block-column is-layout-flow wp-block-column-is-layout-flow\">\n<figure class=\"wp-block-image size-large is-resized\"><a href=\"https:\/\/guimard.eu\/wp-content\/uploads\/2023\/02\/Galette.jpg\" target=\"_blank\" rel=\"noreferrer noopener\"><img loading=\"lazy\" decoding=\"async\" width=\"1024\" height=\"636\" src=\"https:\/\/guimard.eu\/wp-content\/uploads\/2023\/02\/Galette-1024x636.jpg\" alt=\"\" class=\"wp-image-1039\" style=\"width:213px;height:131px\" srcset=\"https:\/\/guimard.eu\/wp-content\/uploads\/2023\/02\/Galette-1024x636.jpg 1024w, https:\/\/guimard.eu\/wp-content\/uploads\/2023\/02\/Galette-300x186.jpg 300w, https:\/\/guimard.eu\/wp-content\/uploads\/2023\/02\/Galette-768x477.jpg 768w, https:\/\/guimard.eu\/wp-content\/uploads\/2023\/02\/Galette.jpg 1128w\" sizes=\"auto, (max-width: 1024px) 100vw, 1024px\" \/><\/a><\/figure>\n<\/div>\n<\/div>\n\n\n\n<p>P\u00e2te feuillet\u00e9e voir sur mon site <a rel=\"noreferrer noopener\" href=\"https:\/\/guimard.eu\/index.php\/2022\/02\/17\/pate-feuilletee-6-tours\/\" target=\"_blank\">ici<\/a><\/p>\n\n\n\n<h2 class=\"wp-block-heading\">Ingr\u00e9dients cr\u00e8me d&rsquo;amande : <\/h2>\n\n\n\n<ul class=\"wp-block-list\">\n<li>100g de poudre d&rsquo;amandes<\/li>\n\n\n\n<li>80g de sucre glace<\/li>\n\n\n\n<li>12g de f\u00e9cule de ma\u00efs<\/li>\n\n\n\n<li>80g de beurre doux <em>(Le sortir plusieurs heures avant)<\/em><\/li>\n\n\n\n<li>60g d&rsquo;\u0153uf<\/li>\n\n\n\n<li>20g de lait d&rsquo;amandes<br><\/li>\n<\/ul>\n\n\n\n<h2 class=\"wp-block-heading\">Ingr\u00e9dients dorure :<\/h2>\n\n\n\n<ul class=\"wp-block-list\">\n<li>2 \u0153uf entier + 1 jaune d&rsquo;\u0153uf<\/li>\n\n\n\n<li>1 c \u00e0 s d&rsquo;eau<\/li>\n<\/ul>\n\n\n\n<h2 class=\"wp-block-heading\">Sirop :<\/h2>\n\n\n\n<ul class=\"wp-block-list\">\n<li>50g d&rsquo;eau<\/li>\n\n\n\n<li>50g de sucre semoule<br><\/li>\n<\/ul>\n\n\n\n<h2 class=\"wp-block-heading\">Pr\u00e9paration :<\/h2>\n\n\n\n<ul class=\"wp-block-list\">\n<li>Dans un bol, fouettez le sucre avec le beurre pommade<\/li>\n\n\n\n<li>Ajoutez la poudre d&rsquo;amande<\/li>\n\n\n\n<li>Ajoutez 1 \u0153uf entier<\/li>\n\n\n\n<li>M\u00e9langer<\/li>\n\n\n\n<li>Ajoutez le 2\u00e8 \u0153uf<\/li>\n\n\n\n<li>Mettez la p\u00e2te dans une poche \u00e0 douille pour la r\u00e9partir plus facilement en partant du centre.<\/li>\n\n\n\n<li>Disposez un cercle de p\u00e2te feuillet\u00e9e tout juste sorti du frigo sur le plan de travail.<\/li>\n\n\n\n<li>R\u00e9partissez la cr\u00e8me amande dessus en partant du centre, laissez une bande de 3 cm sans pr\u00e9paration. sur le tour.<\/li>\n\n\n\n<li>Humidifiez cette bande avec de l&rsquo;eau froide au pinceau ou au doigt.<\/li>\n\n\n\n<li>Placez la f\u00e8ve et recouvrez avec le deuxi\u00e8me disque de p\u00e2te feuillet\u00e9e froid.<\/li>\n\n\n\n<li>Souder les bords en appuyant tout autour.<\/li>\n\n\n\n<li>Tracez vos motifs sur le dessus de la galette avec la lame d&rsquo;un couteau bien pointu sans trop appuyer pour ne pas percer la p\u00e2te.<\/li>\n\n\n\n<li>Battez un jaune d&rsquo;\u0153uf avec 2 c \u00e0 soupe d&rsquo;eau<\/li>\n\n\n\n<li>Badigeonnez\u00a0le dessus de la galette avec un pinceau, r\u00e9servez votre galette 30 minutes au cong\u00e9lateur bien \u00e0 plat<\/li>\n\n\n\n<li>Enfournez \u00e0 four chaud \u00e0 180\u00b0C pendant 40 minutes<\/li>\n<\/ul>\n","protected":false},"excerpt":{"rendered":"<p>P\u00e2te feuillet\u00e9e voir sur mon site ici Ingr\u00e9dients cr\u00e8me d&rsquo;amande : Ingr\u00e9dients dorure : Sirop : Pr\u00e9paration :<\/p>\n","protected":false},"author":1,"featured_media":0,"parent":0,"menu_order":0,"comment_status":"closed","ping_status":"closed","template":"","meta":{"colormag_page_container_layout":"default_layout","colormag_page_sidebar_layout":"default_layout","footnotes":""},"class_list":["post-993","page","type-page","status-publish","hentry"],"_links":{"self":[{"href":"https:\/\/guimard.eu\/index.php\/wp-json\/wp\/v2\/pages\/993","targetHints":{"allow":["GET"]}}],"collection":[{"href":"https:\/\/guimard.eu\/index.php\/wp-json\/wp\/v2\/pages"}],"about":[{"href":"https:\/\/guimard.eu\/index.php\/wp-json\/wp\/v2\/types\/page"}],"author":[{"embeddable":true,"href":"https:\/\/guimard.eu\/index.php\/wp-json\/wp\/v2\/users\/1"}],"replies":[{"embeddable":true,"href":"https:\/\/guimard.eu\/index.php\/wp-json\/wp\/v2\/comments?post=993"}],"version-history":[{"count":20,"href":"https:\/\/guimard.eu\/index.php\/wp-json\/wp\/v2\/pages\/993\/revisions"}],"predecessor-version":[{"id":1501,"href":"https:\/\/guimard.eu\/index.php\/wp-json\/wp\/v2\/pages\/993\/revisions\/1501"}],"wp:attachment":[{"href":"https:\/\/guimard.eu\/index.php\/wp-json\/wp\/v2\/media?parent=993"}],"curies":[{"name":"wp","href":"https:\/\/api.w.org\/{rel}","templated":true}]}}